{"id":8028,"date":"2026-05-07T18:13:21","date_gmt":"2026-05-07T18:13:21","guid":{"rendered":"https:\/\/drkozarevcosmedics.com\/?post_type=product&#038;p=8028"},"modified":"2026-05-07T18:13:21","modified_gmt":"2026-05-07T18:13:21","slug":"micellar-water-micelarna-voda-za-ciscenje-lica-200ml","status":"publish","type":"product","link":"https:\/\/drkozarevcosmedics.com\/tr\/product\/micellar-water-micelarna-voda-za-ciscenje-lica-200ml\/","title":{"rendered":"Micellar Water &#8211; Micelarna voda za \u010di\u0161\u0107enje lica (200ml)"},"content":{"rendered":"","protected":false},"excerpt":{"rendered":"<p>Proizvod sa dvostrukom funkcijom &#8211; \u010dista\u010da i losiona. Efikasno uklanja ne\u010disto\u0107e, \u0161minku i vi\u0161ak sebuma sa ko\u017ee lica. Proizvod se mo\u017ee koristiti i za uklanjanje \u0161minke u regiji oko o\u010diju, \u010dak i kod osetljive ko\u017ee. Uz detaljno \u010di\u0161\u0107enje micelarna voda hidrira\u0107e Va\u0161u ko\u017eu i ostaviti prijatan ose\u0107aj vla\u017enosti na njoj.<\/p>\n<p><strong>Kullan\u0131m \u015fekli:<\/strong><\/p>\n<p>Koristiti svakodnevno za uklanjanje ne\u010disto\u0107a sa ko\u017ee lica. Nakon \u010di\u0161\u0107enja lica, ostatke proizvoda potrebno je ukloniti sa lica i nasta- viti negu odabranim proizvodima iz Purl\u00e9s linije.<\/p>\n<p><strong>Aktivne supstance:<\/strong><\/p>\n<ul>\n<li>Citri\u010dna kiselina<\/li>\n<li>Ekstrakt lista aloje<\/li>\n<\/ul>\n<p><strong>Efekti:<\/strong><\/p>\n<ul>\n<li>Pru\u017ea besprekorno \u010di\u0161\u0107enje lica<\/li>\n<li>Hidrira<\/li>\n<li>Osve\u017eava<\/li>\n<li>Posvetljuje i ujedna\u010dava ten<\/li>\n<\/ul>","protected":false},"featured_media":8029,"comment_status":"closed","ping_status":"closed","template":"","meta":{"slim_seo":{"title":"Micellar Water - Micelarna voda za \u010di\u0161\u0107enje lica (200ml) - Dr Kozarev Cosmedics","description":"Proizvod sa dvostrukom funkcijom - \u010dista\u010da i losiona. Efikasno uklanja ne\u010disto\u0107e, \u0161minku i vi\u0161ak sebuma sa ko\u017ee lica. Proizvod se mo\u017ee koristiti i za uklanjanje"}},"product_brand":[],"product_cat":[148],"product_tag":[],"class_list":{"0":"post-8028","1":"product","2":"type-product","3":"status-publish","4":"has-post-thumbnail","6":"product_cat-purles","8":"first","9":"instock","10":"shipping-taxable","11":"purchasable","12":"product-type-simple"},"_links":{"self":[{"href":"https:\/\/drkozarevcosmedics.com\/tr\/wp-json\/wp\/v2\/product\/8028","targetHints":{"allow":["GET"]}}],"collection":[{"href":"https:\/\/drkozarevcosmedics.com\/tr\/wp-json\/wp\/v2\/product"}],"about":[{"href":"https:\/\/drkozarevcosmedics.com\/tr\/wp-json\/wp\/v2\/types\/product"}],"replies":[{"embeddable":true,"href":"https:\/\/drkozarevcosmedics.com\/tr\/wp-json\/wp\/v2\/comments?post=8028"}],"version-history":[{"count":1,"href":"https:\/\/drkozarevcosmedics.com\/tr\/wp-json\/wp\/v2\/product\/8028\/revisions"}],"predecessor-version":[{"id":8030,"href":"https:\/\/drkozarevcosmedics.com\/tr\/wp-json\/wp\/v2\/product\/8028\/revisions\/8030"}],"wp:featuredmedia":[{"embeddable":true,"href":"https:\/\/drkozarevcosmedics.com\/tr\/wp-json\/wp\/v2\/media\/8029"}],"wp:attachment":[{"href":"https:\/\/drkozarevcosmedics.com\/tr\/wp-json\/wp\/v2\/media?parent=8028"}],"wp:term":[{"taxonomy":"product_brand","embeddable":true,"href":"https:\/\/drkozarevcosmedics.com\/tr\/wp-json\/wp\/v2\/product_brand?post=8028"},{"taxonomy":"product_cat","embeddable":true,"href":"https:\/\/drkozarevcosmedics.com\/tr\/wp-json\/wp\/v2\/product_cat?post=8028"},{"taxonomy":"product_tag","embeddable":true,"href":"https:\/\/drkozarevcosmedics.com\/tr\/wp-json\/wp\/v2\/product_tag?post=8028"}],"curies":[{"name":"wp","href":"https:\/\/api.w.org\/{rel}","templated":true}]}}