{"id":8022,"date":"2026-05-07T18:07:45","date_gmt":"2026-05-07T18:07:45","guid":{"rendered":"https:\/\/drkozarevcosmedics.com\/?post_type=product&#038;p=8022"},"modified":"2026-05-07T18:07:45","modified_gmt":"2026-05-07T18:07:45","slug":"precious-exfoliator-dragoceni-piling-sa-korundom-i-ekstraktom-bisera-50ml","status":"publish","type":"product","link":"https:\/\/drkozarevcosmedics.com\/tr\/product\/precious-exfoliator-dragoceni-piling-sa-korundom-i-ekstraktom-bisera-50ml\/","title":{"rendered":"Precious Exfoliator &#8211; Dragoceni piling sa korundom i ekstraktom bisera (50ml)"},"content":{"rendered":"","protected":false},"excerpt":{"rendered":"<p>Sofisticirani piling za ljubitelje prefinjenih nota formulisan je za negu suve i zrele ko\u017ee kojoj manjka elasti\u010dnosti. Njegova neobi\u010dna tekstura oboga\u0107ena je korundom &#8211; plemenitim oblikom safira. Proizvod obezbe\u0111uje umereno intenzivan piling ko\u017ee, osloba\u0111a je mrtvih \u0107elija, pro\u010di\u0161\u0107uje i obnavlja njenu blistavost. Zahvaljuju\u0107i ekstraktu \u0161ampanjca i bisera poma\u017ee da ko\u017ea ostane zagla\u0111ena, osve\u017eena i blistavo sjajna.<\/p>\n<p><strong>Kullan\u0131m \u015fekli:<\/strong><\/p>\n<p>Na o\u010di\u0161\u0107enu ko\u017eu lica naneti malu koli\u010dinu pilinga i umasiravati kru\u017enim pokretima maksimalno 15 minuta. Izbegavati regiju oko o\u010diju.<\/p>\n<p><strong>Aktivne supstance:<\/strong><\/p>\n<ul>\n<li>Korund<\/li>\n<li>Ekstrakt crvenih algi<\/li>\n<li>Ekstrakt praha bisera<\/li>\n<li>Ekstrakt \u0161ampanjca<\/li>\n<\/ul>\n<p><strong>Efekti:<\/strong><\/p>\n<ul>\n<li>Uklanja mrtve \u0107elije ko\u017ee<\/li>\n<li>Pro\u010di\u0161\u0107uje<\/li>\n<li>Hrani<\/li>\n<li>Zate\u017ee i zagla\u0111uje ko\u017eu<\/li>\n<li>Ubla\u017eava primetnost znakova starenja<\/li>\n<li>Oplemenjuje izgled ko\u017ee<\/li>\n<li>\u010cini ko\u017eu blistavom<\/li>\n<\/ul>","protected":false},"featured_media":8023,"comment_status":"closed","ping_status":"closed","template":"","meta":{"slim_seo":{"title":"Precious Exfoliator - Dragoceni piling sa korundom i ekstraktom bisera (50ml) - Dr Kozarev Cosmedics","description":"Sofisticirani piling za ljubitelje prefinjenih nota formulisan je za negu suve i zrele ko\u017ee kojoj manjka elasti\u010dnosti. Njegova neobi\u010dna tekstura oboga\u0107ena je ko"}},"product_brand":[],"product_cat":[148],"product_tag":[],"class_list":{"0":"post-8022","1":"product","2":"type-product","3":"status-publish","4":"has-post-thumbnail","6":"product_cat-purles","8":"first","9":"instock","10":"shipping-taxable","11":"purchasable","12":"product-type-simple"},"_links":{"self":[{"href":"https:\/\/drkozarevcosmedics.com\/tr\/wp-json\/wp\/v2\/product\/8022","targetHints":{"allow":["GET"]}}],"collection":[{"href":"https:\/\/drkozarevcosmedics.com\/tr\/wp-json\/wp\/v2\/product"}],"about":[{"href":"https:\/\/drkozarevcosmedics.com\/tr\/wp-json\/wp\/v2\/types\/product"}],"replies":[{"embeddable":true,"href":"https:\/\/drkozarevcosmedics.com\/tr\/wp-json\/wp\/v2\/comments?post=8022"}],"version-history":[{"count":1,"href":"https:\/\/drkozarevcosmedics.com\/tr\/wp-json\/wp\/v2\/product\/8022\/revisions"}],"predecessor-version":[{"id":8024,"href":"https:\/\/drkozarevcosmedics.com\/tr\/wp-json\/wp\/v2\/product\/8022\/revisions\/8024"}],"wp:featuredmedia":[{"embeddable":true,"href":"https:\/\/drkozarevcosmedics.com\/tr\/wp-json\/wp\/v2\/media\/8023"}],"wp:attachment":[{"href":"https:\/\/drkozarevcosmedics.com\/tr\/wp-json\/wp\/v2\/media?parent=8022"}],"wp:term":[{"taxonomy":"product_brand","embeddable":true,"href":"https:\/\/drkozarevcosmedics.com\/tr\/wp-json\/wp\/v2\/product_brand?post=8022"},{"taxonomy":"product_cat","embeddable":true,"href":"https:\/\/drkozarevcosmedics.com\/tr\/wp-json\/wp\/v2\/product_cat?post=8022"},{"taxonomy":"product_tag","embeddable":true,"href":"https:\/\/drkozarevcosmedics.com\/tr\/wp-json\/wp\/v2\/product_tag?post=8022"}],"curies":[{"name":"wp","href":"https:\/\/api.w.org\/{rel}","templated":true}]}}