{"id":8013,"date":"2026-05-07T17:59:08","date_gmt":"2026-05-07T17:59:08","guid":{"rendered":"https:\/\/drkozarevcosmedics.com\/?post_type=product&#038;p=8013"},"modified":"2026-05-07T17:59:08","modified_gmt":"2026-05-07T17:59:08","slug":"restoring-night-peel-nocna-piling-krema-za-jacanje-koze-sa-azelaicnom-i-fitinskom-kiselinom-50ml","status":"publish","type":"product","link":"https:\/\/drkozarevcosmedics.com\/tr\/product\/restoring-night-peel-nocna-piling-krema-za-jacanje-koze-sa-azelaicnom-i-fitinskom-kiselinom-50ml\/","title":{"rendered":"Restoring Night Peel &#8211; No\u0107na piling krema za ja\u010danje ko\u017ee sa azelai\u010dnom i fitinskom kiselinom (50ml)"},"content":{"rendered":"","protected":false},"excerpt":{"rendered":"<p>Ova \u201cku\u0107na\u201d terapija formulisana je u kremu kojom se ko\u017ea neguje no\u0107u. Zahvaljuju\u0107i miksu dve poznate kiseline, blagodetne za osetljivost ko\u017ee, de- luje na ja\u010danje zidova kapilara. Redovna upoteba paralelno podi\u017ee nivo hidriranost, dok prisustvo aloja vere obnavlja izgubljeni ose\u0107aj komfora i elimini\u0161e iritacije.<\/p>\n<p><strong>Kullan\u0131m \u015fekli:<\/strong><\/p>\n<p>Na o\u010di\u0161\u0107enu ko\u017eu lica naneti Restoring Night Peel zaobilaze\u0107i regiju oko o\u010diju. Proizvod je preporu\u010deno koristiti i 2 nedelje pre planiranih invazivni tretmana (lasera, serije hemijskih pilinga i dr.).<\/p>\n<p><strong>Aktivne supstance:<\/strong><\/p>\n<ul>\n<li>Azelai\u010dna kiselina<\/li>\n<li>Fitinska kiselina<\/li>\n<li>Aloja vera<\/li>\n<\/ul>\n<p><strong>Efekti:<\/strong><\/p>\n<ul>\n<li>Ja\u010da zidove kapilara<\/li>\n<li>Ubla\u017eava osetljivost ko\u017ee<\/li>\n<li>Hidrira ko\u017eu<\/li>\n<li>Ubla\u017eava iritacije<\/li>\n<li>Pospe\u0161uje regeneraciju<\/li>\n<li>Obnavlja ose\u0107aj ugodnosti na licu<\/li>\n<\/ul>","protected":false},"featured_media":8014,"comment_status":"closed","ping_status":"closed","template":"","meta":{"slim_seo":{"title":"Restoring Night Peel - No\u0107na piling krema za ja\u010danje ko\u017ee sa azelai\u010dnom i fitinskom kiselinom (50ml) - Dr Kozarev Cosmedics","description":"Ova \u201cku\u0107na\u201d terapija formulisana je u kremu kojom se ko\u017ea neguje no\u0107u. Zahvaljuju\u0107i miksu dve poznate kiseline, blagodetne za osetljivost ko\u017ee, de- luje na ja\u010da"}},"product_brand":[],"product_cat":[148],"product_tag":[],"class_list":{"0":"post-8013","1":"product","2":"type-product","3":"status-publish","4":"has-post-thumbnail","6":"product_cat-purles","8":"first","9":"instock","10":"shipping-taxable","11":"purchasable","12":"product-type-simple"},"_links":{"self":[{"href":"https:\/\/drkozarevcosmedics.com\/tr\/wp-json\/wp\/v2\/product\/8013","targetHints":{"allow":["GET"]}}],"collection":[{"href":"https:\/\/drkozarevcosmedics.com\/tr\/wp-json\/wp\/v2\/product"}],"about":[{"href":"https:\/\/drkozarevcosmedics.com\/tr\/wp-json\/wp\/v2\/types\/product"}],"replies":[{"embeddable":true,"href":"https:\/\/drkozarevcosmedics.com\/tr\/wp-json\/wp\/v2\/comments?post=8013"}],"version-history":[{"count":1,"href":"https:\/\/drkozarevcosmedics.com\/tr\/wp-json\/wp\/v2\/product\/8013\/revisions"}],"predecessor-version":[{"id":8015,"href":"https:\/\/drkozarevcosmedics.com\/tr\/wp-json\/wp\/v2\/product\/8013\/revisions\/8015"}],"wp:featuredmedia":[{"embeddable":true,"href":"https:\/\/drkozarevcosmedics.com\/tr\/wp-json\/wp\/v2\/media\/8014"}],"wp:attachment":[{"href":"https:\/\/drkozarevcosmedics.com\/tr\/wp-json\/wp\/v2\/media?parent=8013"}],"wp:term":[{"taxonomy":"product_brand","embeddable":true,"href":"https:\/\/drkozarevcosmedics.com\/tr\/wp-json\/wp\/v2\/product_brand?post=8013"},{"taxonomy":"product_cat","embeddable":true,"href":"https:\/\/drkozarevcosmedics.com\/tr\/wp-json\/wp\/v2\/product_cat?post=8013"},{"taxonomy":"product_tag","embeddable":true,"href":"https:\/\/drkozarevcosmedics.com\/tr\/wp-json\/wp\/v2\/product_tag?post=8013"}],"curies":[{"name":"wp","href":"https:\/\/api.w.org\/{rel}","templated":true}]}}