{"id":8007,"date":"2026-05-07T17:54:06","date_gmt":"2026-05-07T17:54:06","guid":{"rendered":"https:\/\/drkozarevcosmedics.com\/?post_type=product&#038;p=8007"},"modified":"2026-05-07T17:54:06","modified_gmt":"2026-05-07T17:54:06","slug":"exo-fusion-eye-cream-biostimulativna-krema-za-ocnu-regiju-sa-egzosomima-15ml","status":"publish","type":"product","link":"https:\/\/drkozarevcosmedics.com\/tr\/product\/exo-fusion-eye-cream-biostimulativna-krema-za-ocnu-regiju-sa-egzosomima-15ml\/","title":{"rendered":"Exo Fusion Eye Cream- Biostimulativna krema za o\u010dnu regiju sa egzosomima (15ml)"},"content":{"rendered":"","protected":false},"excerpt":{"rendered":"<p>Rasko\u0161na teksturom, a sastavom bogata, ova krema pru\u017ea multidimenzionalnu negu ko\u017ee u o\u010dnoj regiji. Zahvaljuju\u0107i prisustvu egzosoma intenzivno pokre\u0107e regenerativne procese, dok vitamin A i biomimeti\u010dki peptidi deluju na dubinu bora. Za sjaj i sve\u017einu ko\u017ee u sastav su dodati kombuha i hijaluronska kiselina. Garantovan je efekat besprekornosti bez obzira na stanje i indikacije koje su primetne.<\/p>\n<p><strong>Kullan\u0131m \u015fekli:<\/strong><\/p>\n<p>Koristiti svako jutro i\/ili ve\u010de na o\u010di\u0161\u0107enoj ko\u017ei regije oko o\u010diju. Malu koli\u010dinu preparata utapkati dok ko\u017ea potpuno ne apsorbuje. Preporu\u010duje se nakon invazivnih tretmana ili kada je ko\u017ei potreban potpun preporod.<\/p>\n<p><strong>Aktivne supstance:<\/strong><\/p>\n<ul>\n<li>Egzosomi iz gorke dinje<\/li>\n<li>Kombuha<\/li>\n<li>Ceramidi<\/li>\n<li>Biomimeti\u010dki peptidi<\/li>\n<li>Hyaluronik asit<\/li>\n<li>Vitamin A<\/li>\n<li>Vitamini E i F<\/li>\n<\/ul>\n<p><strong>Efekti:<\/strong><\/p>\n<ul>\n<li>Revitalizuje ko\u017eu<\/li>\n<li>Vidno ubla\u017eava nagla\u0161ene bore<\/li>\n<li>Unapre\u0111uje elasti\u010dnost<\/li>\n<li>Popravlja strukturu ko\u017ee<\/li>\n<li>Hidrira<\/li>\n<li>O\u017eivljava blistavost i sjaj<\/li>\n<li>Pru\u017ea savr\u0161en ose\u0107aj komfra<\/li>\n<\/ul>","protected":false},"featured_media":8008,"comment_status":"closed","ping_status":"closed","template":"","meta":{"slim_seo":{"title":"Exo Fusion Eye Cream- Biostimulativna krema za o\u010dnu regiju sa egzosomima (15ml) - Dr Kozarev Cosmedics","description":"Rasko\u0161na teksturom, a sastavom bogata, ova krema pru\u017ea multidimenzionalnu negu ko\u017ee u o\u010dnoj regiji. Zahvaljuju\u0107i prisustvu egzosoma intenzivno pokre\u0107e regenerat"}},"product_brand":[],"product_cat":[148],"product_tag":[],"class_list":{"0":"post-8007","1":"product","2":"type-product","3":"status-publish","4":"has-post-thumbnail","6":"product_cat-purles","8":"first","9":"instock","10":"shipping-taxable","11":"purchasable","12":"product-type-simple"},"_links":{"self":[{"href":"https:\/\/drkozarevcosmedics.com\/tr\/wp-json\/wp\/v2\/product\/8007","targetHints":{"allow":["GET"]}}],"collection":[{"href":"https:\/\/drkozarevcosmedics.com\/tr\/wp-json\/wp\/v2\/product"}],"about":[{"href":"https:\/\/drkozarevcosmedics.com\/tr\/wp-json\/wp\/v2\/types\/product"}],"replies":[{"embeddable":true,"href":"https:\/\/drkozarevcosmedics.com\/tr\/wp-json\/wp\/v2\/comments?post=8007"}],"version-history":[{"count":1,"href":"https:\/\/drkozarevcosmedics.com\/tr\/wp-json\/wp\/v2\/product\/8007\/revisions"}],"predecessor-version":[{"id":8009,"href":"https:\/\/drkozarevcosmedics.com\/tr\/wp-json\/wp\/v2\/product\/8007\/revisions\/8009"}],"wp:featuredmedia":[{"embeddable":true,"href":"https:\/\/drkozarevcosmedics.com\/tr\/wp-json\/wp\/v2\/media\/8008"}],"wp:attachment":[{"href":"https:\/\/drkozarevcosmedics.com\/tr\/wp-json\/wp\/v2\/media?parent=8007"}],"wp:term":[{"taxonomy":"product_brand","embeddable":true,"href":"https:\/\/drkozarevcosmedics.com\/tr\/wp-json\/wp\/v2\/product_brand?post=8007"},{"taxonomy":"product_cat","embeddable":true,"href":"https:\/\/drkozarevcosmedics.com\/tr\/wp-json\/wp\/v2\/product_cat?post=8007"},{"taxonomy":"product_tag","embeddable":true,"href":"https:\/\/drkozarevcosmedics.com\/tr\/wp-json\/wp\/v2\/product_tag?post=8007"}],"curies":[{"name":"wp","href":"https:\/\/api.w.org\/{rel}","templated":true}]}}