{"id":7997,"date":"2026-05-07T17:44:17","date_gmt":"2026-05-07T17:44:17","guid":{"rendered":"https:\/\/drkozarevcosmedics.com\/?post_type=product&#038;p=7997"},"modified":"2026-05-07T17:48:01","modified_gmt":"2026-05-07T17:48:01","slug":"egf-youth-cream-krema-sa-faktorima-rasta-50ml","status":"publish","type":"product","link":"https:\/\/drkozarevcosmedics.com\/tr\/product\/egf-youth-cream-krema-sa-faktorima-rasta-50ml\/","title":{"rendered":"EGF Youth Cream &#8211; Krema sa faktorima rasta (50ml)"},"content":{"rendered":"","protected":false},"excerpt":{"rendered":"<p>Krema oboga\u0107ena novom generacijom peptida sa faktorima rasta ima \u010ditav niz blagodeti u nezi ko\u017ee. Primarno je pogodna u tretiranju ko\u017ee sa znacima starenja, ali primenu nalazi i kod o\u0161te\u0107ene ko\u017ee i ko\u017ee sa o\u017eiljcima od akni zbog jake regenerativne mo\u0107i. Bogat i kompleksan sastav u kojem su dominantno prisutni hijaluronska kiselina, peptidi faktora rasta, vitamini E i B9, \u0161i buter i ekstrakti algi garantuju optimalnu hidriranost, sna\u017eno pokretanje regeneracije, oporavak o\u0161te\u0107enja na ko\u017ei, njenu ishranu i redukovanje svih tragova starenja.<\/p>\n<p><strong>Kullan\u0131m \u015fekli:<\/strong><\/p>\n<p>Kremu naneti na ko\u017eu lica, nakon \u010di\u0161\u0107enja i toniranja. Malu koli\u010dinu umasirati do potpune apsorpcije. Za poja\u010dan efekat koristiti u kombinaciji sa <a href=\"https:\/\/drkozarevcosmedics.com\/tr\/product\/egf-youth-elixir-eliksir-sa-faktorima-rasta-za-zonu-oko-ociju-15ml\/\">EGF Youth Eye Elixir-om (151)<\/a>.<\/p>\n<p><strong>Aktivne supstance:<\/strong><\/p>\n<ul>\n<li>Peptidi faktora rasta \u2022 Hijaluronska kiselina<\/li>\n<li>Ekstrakt laminarije<\/li>\n<li>\u0160i buter<\/li>\n<li>Fucogel Complex<\/li>\n<li>Ekstrakt bisera u prahu<\/li>\n<li>Skvalan<\/li>\n<li>Vitamin E i B9<\/li>\n<\/ul>\n<p><strong>Efekti:<\/strong><\/p>\n<ul>\n<li>Intenzivno regeneri\u0161e ko\u017eu<\/li>\n<li>Oporavlja o\u0161te\u0107enja na ko\u017ei<\/li>\n<li>Hrani i pru\u017ea puno\u0107u<\/li>\n<li>Produ\u017eeno hidrira i \u010duva optimalnu vla\u017enost<\/li>\n<li>Redukuje znakove starenja na ko\u017ei<\/li>\n<li>Daje podmla\u0111en i sve\u017e izgled licu<\/li>\n<\/ul>","protected":false},"featured_media":7998,"comment_status":"closed","ping_status":"closed","template":"","meta":{"slim_seo":{"title":"EGF Youth Cream - Krema sa faktorima rasta (50ml) - Dr Kozarev Cosmedics","description":"Krema oboga\u0107ena novom generacijom peptida sa faktorima rasta ima \u010ditav niz blagodeti u nezi ko\u017ee. Primarno je pogodna u tretiranju ko\u017ee sa znacima starenja, ali"}},"product_brand":[],"product_cat":[15],"product_tag":[],"class_list":{"0":"post-7997","1":"product","2":"type-product","3":"status-publish","4":"has-post-thumbnail","6":"product_cat-uncategorized","8":"first","9":"instock","10":"shipping-taxable","11":"purchasable","12":"product-type-simple"},"_links":{"self":[{"href":"https:\/\/drkozarevcosmedics.com\/tr\/wp-json\/wp\/v2\/product\/7997","targetHints":{"allow":["GET"]}}],"collection":[{"href":"https:\/\/drkozarevcosmedics.com\/tr\/wp-json\/wp\/v2\/product"}],"about":[{"href":"https:\/\/drkozarevcosmedics.com\/tr\/wp-json\/wp\/v2\/types\/product"}],"replies":[{"embeddable":true,"href":"https:\/\/drkozarevcosmedics.com\/tr\/wp-json\/wp\/v2\/comments?post=7997"}],"version-history":[{"count":2,"href":"https:\/\/drkozarevcosmedics.com\/tr\/wp-json\/wp\/v2\/product\/7997\/revisions"}],"predecessor-version":[{"id":8003,"href":"https:\/\/drkozarevcosmedics.com\/tr\/wp-json\/wp\/v2\/product\/7997\/revisions\/8003"}],"wp:featuredmedia":[{"embeddable":true,"href":"https:\/\/drkozarevcosmedics.com\/tr\/wp-json\/wp\/v2\/media\/7998"}],"wp:attachment":[{"href":"https:\/\/drkozarevcosmedics.com\/tr\/wp-json\/wp\/v2\/media?parent=7997"}],"wp:term":[{"taxonomy":"product_brand","embeddable":true,"href":"https:\/\/drkozarevcosmedics.com\/tr\/wp-json\/wp\/v2\/product_brand?post=7997"},{"taxonomy":"product_cat","embeddable":true,"href":"https:\/\/drkozarevcosmedics.com\/tr\/wp-json\/wp\/v2\/product_cat?post=7997"},{"taxonomy":"product_tag","embeddable":true,"href":"https:\/\/drkozarevcosmedics.com\/tr\/wp-json\/wp\/v2\/product_tag?post=7997"}],"curies":[{"name":"wp","href":"https:\/\/api.w.org\/{rel}","templated":true}]}}