{"id":7977,"date":"2026-05-07T17:25:31","date_gmt":"2026-05-07T17:25:31","guid":{"rendered":"https:\/\/drkozarevcosmedics.com\/?post_type=product&#038;p=7977"},"modified":"2026-05-07T17:25:31","modified_gmt":"2026-05-07T17:25:31","slug":"smart-balance-cream-balansirajuca-krema-za-masnu-i-kombinovanu-kozu-50ml","status":"publish","type":"product","link":"https:\/\/drkozarevcosmedics.com\/tr\/product\/smart-balance-cream-balansirajuca-krema-za-masnu-i-kombinovanu-kozu-50ml\/","title":{"rendered":"Smart Balance Cream &#8211; Balansiraju\u0107a krema za masnu i kombinovanu ko\u017eu (50ml)"},"content":{"rendered":"","protected":false},"excerpt":{"rendered":"<p>Formulacija kreme prilago\u0111ena je specifi\u010dnosti potreba masne, kombino- vane i problemati\u010dne ko\u017ee. Kombinacija aktivnih sastojaka (niacinamid, pantenol, ekstrakt \u010di\u010dka, alantoin i citri\u010dna kiselina) paralelno reguli\u0161u rad lojnih \u017elezda i odr\u017eavaju optimalnu vla\u017enost ko\u017ee. Kori\u0161\u0107enje kreme po- ma\u017ee da ko\u017ea ostane sve\u017ea, nahranjena i savr\u0161eno matirana \u010ditav dan.<\/p>\n<p><strong>Kullan\u0131m \u015fekli:<\/strong><\/p>\n<p>Kremu naneti na ko\u017eu lica, nakon \u010di\u0161\u0107enja i toniranja. Malu koli\u010dinu umasirati do potpune apsorpcije. Za poja\u010dan efekat koristiti u kombinaciji sa Anti Acne Elixir-om (131).<\/p>\n<p><strong>Aktivne supstance:<\/strong><\/p>\n<ul>\n<li>Niacinamid<\/li>\n<li>Pantenol<\/li>\n<li>Ekstrakt \u010di\u010dka<\/li>\n<li>Alantoin<\/li>\n<li>Citri\u010dna kiselina<\/li>\n<li>Biotin<\/li>\n<li>E vitamini<\/li>\n<\/ul>\n<p><strong>Efekti:<\/strong><\/p>\n<ul>\n<li>Umiruje iritacije<\/li>\n<li>Matira ko\u017eu<\/li>\n<li>Reguli\u0161e lu\u010denje sebuma<\/li>\n<li>Hidrira<\/li>\n<\/ul>","protected":false},"featured_media":7978,"comment_status":"closed","ping_status":"closed","template":"","meta":{"slim_seo":{"title":"Smart Balance Cream - Balansiraju\u0107a krema za masnu i kombinovanu ko\u017eu (50ml) - Dr Kozarev Cosmedics","description":"Formulacija kreme prilago\u0111ena je specifi\u010dnosti potreba masne, kombino- vane i problemati\u010dne ko\u017ee. Kombinacija aktivnih sastojaka (niacinamid, pantenol, ekstrakt"}},"product_brand":[],"product_cat":[148],"product_tag":[],"class_list":{"0":"post-7977","1":"product","2":"type-product","3":"status-publish","4":"has-post-thumbnail","6":"product_cat-purles","8":"first","9":"instock","10":"shipping-taxable","11":"purchasable","12":"product-type-simple"},"_links":{"self":[{"href":"https:\/\/drkozarevcosmedics.com\/tr\/wp-json\/wp\/v2\/product\/7977","targetHints":{"allow":["GET"]}}],"collection":[{"href":"https:\/\/drkozarevcosmedics.com\/tr\/wp-json\/wp\/v2\/product"}],"about":[{"href":"https:\/\/drkozarevcosmedics.com\/tr\/wp-json\/wp\/v2\/types\/product"}],"replies":[{"embeddable":true,"href":"https:\/\/drkozarevcosmedics.com\/tr\/wp-json\/wp\/v2\/comments?post=7977"}],"version-history":[{"count":1,"href":"https:\/\/drkozarevcosmedics.com\/tr\/wp-json\/wp\/v2\/product\/7977\/revisions"}],"predecessor-version":[{"id":7979,"href":"https:\/\/drkozarevcosmedics.com\/tr\/wp-json\/wp\/v2\/product\/7977\/revisions\/7979"}],"wp:featuredmedia":[{"embeddable":true,"href":"https:\/\/drkozarevcosmedics.com\/tr\/wp-json\/wp\/v2\/media\/7978"}],"wp:attachment":[{"href":"https:\/\/drkozarevcosmedics.com\/tr\/wp-json\/wp\/v2\/media?parent=7977"}],"wp:term":[{"taxonomy":"product_brand","embeddable":true,"href":"https:\/\/drkozarevcosmedics.com\/tr\/wp-json\/wp\/v2\/product_brand?post=7977"},{"taxonomy":"product_cat","embeddable":true,"href":"https:\/\/drkozarevcosmedics.com\/tr\/wp-json\/wp\/v2\/product_cat?post=7977"},{"taxonomy":"product_tag","embeddable":true,"href":"https:\/\/drkozarevcosmedics.com\/tr\/wp-json\/wp\/v2\/product_tag?post=7977"}],"curies":[{"name":"wp","href":"https:\/\/api.w.org\/{rel}","templated":true}]}}