{"id":7973,"date":"2026-05-07T17:22:59","date_gmt":"2026-05-07T17:22:59","guid":{"rendered":"https:\/\/drkozarevcosmedics.com\/?post_type=product&#038;p=7973"},"modified":"2026-05-07T17:34:09","modified_gmt":"2026-05-07T17:34:09","slug":"soothing-cream-umirujuca-krema-sa-aloja-verom-i-hamamelisom-50ml","status":"publish","type":"product","link":"https:\/\/drkozarevcosmedics.com\/tr\/product\/soothing-cream-umirujuca-krema-sa-aloja-verom-i-hamamelisom-50ml\/","title":{"rendered":"Soothing Cream &#8211; Umiruju\u0107a krema sa aloja verom i hamamelisom (50ml)"},"content":{"rendered":"","protected":false},"excerpt":{"rendered":"<p>Lagana i hidrantna krema formulisana da zadovolji potrebe osetljive ko\u017ee. Obnavlja hidrolipidni balans i obezbe\u0111uje potpunu za\u0161titu od \u0161tetnih uticaja iz okru\u017eenja koja izazivaju crvenilo i neprijatne senzacije. Karakteri\u0161e je izuzetno laka tekstura usled \u010dega brzo penetrira u ko\u017eu.<\/p>\n<p><strong>Kullan\u0131m \u015fekli:<\/strong><\/p>\n<p>Kremu naneti na ko\u017eu lica, nakon \u010di\u0161\u0107enja i toniranja. Malu koli\u010dinu umasirati zaobilaze\u0107i regiju oko o\u010diju. Za poja\u010dan efekat koristiti u kombinaciji sa Soothing Elixir-om (110). Zbog izuzetno lagane teksture idealna je i kao podloga za \u0161minku.<\/p>\n<p><strong>Aktivne supstance:<\/strong><\/p>\n<ul>\n<li>Ekstrakt hamamelisa<\/li>\n<li>Ekstrakt divljeg kestena<\/li>\n<li>E vitamini<\/li>\n<li>Aloja vera<\/li>\n<\/ul>\n<p><strong>Efekti:<\/strong><\/p>\n<ul>\n<li>Ja\u010da krvne sudove<\/li>\n<li>Ubla\u017eava crvenilo<\/li>\n<li>Momentalno umiruje<\/li>\n<li>Hidrira i \u010dini ko\u017eu mekom<\/li>\n<\/ul>","protected":false},"featured_media":7974,"comment_status":"closed","ping_status":"closed","template":"","meta":{"slim_seo":{"title":"Soothing Cream - Umiruju\u0107a krema sa aloja verom i hamamelisom (50ml) - Dr Kozarev Cosmedics","description":"Lagana i hidrantna krema formulisana da zadovolji potrebe osetljive ko\u017ee. Obnavlja hidrolipidni balans i obezbe\u0111uje potpunu za\u0161titu od \u0161tetnih uticaja iz okru\u017ee"}},"product_brand":[],"product_cat":[148],"product_tag":[],"class_list":{"0":"post-7973","1":"product","2":"type-product","3":"status-publish","4":"has-post-thumbnail","6":"product_cat-purles","8":"first","9":"instock","10":"shipping-taxable","11":"purchasable","12":"product-type-simple"},"_links":{"self":[{"href":"https:\/\/drkozarevcosmedics.com\/tr\/wp-json\/wp\/v2\/product\/7973","targetHints":{"allow":["GET"]}}],"collection":[{"href":"https:\/\/drkozarevcosmedics.com\/tr\/wp-json\/wp\/v2\/product"}],"about":[{"href":"https:\/\/drkozarevcosmedics.com\/tr\/wp-json\/wp\/v2\/types\/product"}],"replies":[{"embeddable":true,"href":"https:\/\/drkozarevcosmedics.com\/tr\/wp-json\/wp\/v2\/comments?post=7973"}],"version-history":[{"count":3,"href":"https:\/\/drkozarevcosmedics.com\/tr\/wp-json\/wp\/v2\/product\/7973\/revisions"}],"predecessor-version":[{"id":7989,"href":"https:\/\/drkozarevcosmedics.com\/tr\/wp-json\/wp\/v2\/product\/7973\/revisions\/7989"}],"wp:featuredmedia":[{"embeddable":true,"href":"https:\/\/drkozarevcosmedics.com\/tr\/wp-json\/wp\/v2\/media\/7974"}],"wp:attachment":[{"href":"https:\/\/drkozarevcosmedics.com\/tr\/wp-json\/wp\/v2\/media?parent=7973"}],"wp:term":[{"taxonomy":"product_brand","embeddable":true,"href":"https:\/\/drkozarevcosmedics.com\/tr\/wp-json\/wp\/v2\/product_brand?post=7973"},{"taxonomy":"product_cat","embeddable":true,"href":"https:\/\/drkozarevcosmedics.com\/tr\/wp-json\/wp\/v2\/product_cat?post=7973"},{"taxonomy":"product_tag","embeddable":true,"href":"https:\/\/drkozarevcosmedics.com\/tr\/wp-json\/wp\/v2\/product_tag?post=7973"}],"curies":[{"name":"wp","href":"https:\/\/api.w.org\/{rel}","templated":true}]}}