{"id":7967,"date":"2026-05-07T17:17:07","date_gmt":"2026-05-07T17:17:07","guid":{"rendered":"https:\/\/drkozarevcosmedics.com\/?post_type=product&#038;p=7967"},"modified":"2026-05-07T17:17:07","modified_gmt":"2026-05-07T17:17:07","slug":"raspberry-gelly-exfoliator-piling-maska-sa-malinom-za-blistavost-i-sjaj-koze-50ml","status":"publish","type":"product","link":"https:\/\/drkozarevcosmedics.com\/tr\/product\/raspberry-gelly-exfoliator-piling-maska-sa-malinom-za-blistavost-i-sjaj-koze-50ml\/","title":{"rendered":"Raspberry Gelly Exfoliator &#8211; Piling maska sa malinom za blistavost i sjaj ko\u017ee (50ml)"},"content":{"rendered":"","protected":false},"excerpt":{"rendered":"<p>Za instant ose\u0107aj sve\u017eine i sjaja na licu &#8211; Raspberry Gelly Exfoliator je \u201ckec iz rukava\u201d! Ovaj proizvod nanosi se na lice kao maska, a paralelno deluje kao piling sa dvojakim dejstvom &#8211; hemijskim i enzimskim. Elimini\u0161e sloj mrtvih \u0107elija ko\u017ee, podsti\u010de regeneraciju i pru\u017ea ko\u017ei neponovljivu meko\u0107u i ne\u017enost. Zahvaljuju\u0107i \u010dinjenici da je izu- zetno ne\u017ean, mo\u017ee se koristiti na svim tipovima ko\u017ee.<\/p>\n<p><strong>Kullan\u0131m \u015fekli:<\/strong><\/p>\n<p>Raspberry Gelly Exfoliator naneti na potpuno o\u010di\u0161\u0107enu ko\u017eu lica i vrata. Prilikom nano\u0161enja izbegavati regiju oko o\u010diju i usana. Ostaviti proizvod da deluje 10 do 15 minuta. Ostatke proizvoda ukloniti vla\u017enim tuferima, a zatim detaljno isprati lice i naneti odabranu Purl\u00e9s kremu. Koristiti jednom u 7 do 14 dana.<\/p>\n<p><strong>Aktivne supstance:<\/strong><\/p>\n<ul>\n<li>Biotehnolo\u0161ki enzimi<\/li>\n<li>Glikolna kiselina<\/li>\n<li>Hyaluronik asit<\/li>\n<li>Ekstrakt maline<\/li>\n<\/ul>\n<p><strong>Efekti:<\/strong><\/p>\n<ul>\n<li>Osloba\u0111a ko\u017eu mrtvih \u0107elija<\/li>\n<li>Stimuli\u0161e regeneraciju<\/li>\n<li>Hidrira ko\u017eu<\/li>\n<li>Osve\u017eava<\/li>\n<li>\u010cini ko\u017eu glatkom i sjajnom<\/li>\n<\/ul>","protected":false},"featured_media":7968,"comment_status":"closed","ping_status":"closed","template":"","meta":{"slim_seo":{"title":"Raspberry Gelly Exfoliator - Piling maska sa malinom za blistavost i sjaj ko\u017ee (50ml) - Dr Kozarev Cosmedics","description":"Za instant ose\u0107aj sve\u017eine i sjaja na licu - Raspberry Gelly Exfoliator je \u201ckec iz rukava\u201d! Ovaj proizvod nanosi se na lice kao maska, a paralelno deluje kao pil"}},"product_brand":[],"product_cat":[148],"product_tag":[],"class_list":{"0":"post-7967","1":"product","2":"type-product","3":"status-publish","4":"has-post-thumbnail","6":"product_cat-purles","8":"first","9":"instock","10":"shipping-taxable","11":"purchasable","12":"product-type-simple"},"_links":{"self":[{"href":"https:\/\/drkozarevcosmedics.com\/tr\/wp-json\/wp\/v2\/product\/7967","targetHints":{"allow":["GET"]}}],"collection":[{"href":"https:\/\/drkozarevcosmedics.com\/tr\/wp-json\/wp\/v2\/product"}],"about":[{"href":"https:\/\/drkozarevcosmedics.com\/tr\/wp-json\/wp\/v2\/types\/product"}],"replies":[{"embeddable":true,"href":"https:\/\/drkozarevcosmedics.com\/tr\/wp-json\/wp\/v2\/comments?post=7967"}],"version-history":[{"count":1,"href":"https:\/\/drkozarevcosmedics.com\/tr\/wp-json\/wp\/v2\/product\/7967\/revisions"}],"predecessor-version":[{"id":7969,"href":"https:\/\/drkozarevcosmedics.com\/tr\/wp-json\/wp\/v2\/product\/7967\/revisions\/7969"}],"wp:featuredmedia":[{"embeddable":true,"href":"https:\/\/drkozarevcosmedics.com\/tr\/wp-json\/wp\/v2\/media\/7968"}],"wp:attachment":[{"href":"https:\/\/drkozarevcosmedics.com\/tr\/wp-json\/wp\/v2\/media?parent=7967"}],"wp:term":[{"taxonomy":"product_brand","embeddable":true,"href":"https:\/\/drkozarevcosmedics.com\/tr\/wp-json\/wp\/v2\/product_brand?post=7967"},{"taxonomy":"product_cat","embeddable":true,"href":"https:\/\/drkozarevcosmedics.com\/tr\/wp-json\/wp\/v2\/product_cat?post=7967"},{"taxonomy":"product_tag","embeddable":true,"href":"https:\/\/drkozarevcosmedics.com\/tr\/wp-json\/wp\/v2\/product_tag?post=7967"}],"curies":[{"name":"wp","href":"https:\/\/api.w.org\/{rel}","templated":true}]}}