{"id":5989,"date":"2024-07-02T22:14:06","date_gmt":"2024-07-02T22:14:06","guid":{"rendered":"https:\/\/drkozarevcosmedics.com\/?post_type=product&#038;p=5989"},"modified":"2026-04-15T11:46:18","modified_gmt":"2026-04-15T11:46:18","slug":"aloe-vera-esi-organic-pure-gel","status":"publish","type":"product","link":"https:\/\/drkozarevcosmedics.com\/tr\/product\/aloe-vera-esi-organic-pure-gel\/","title":{"rendered":"Aloe vera ESI ORGANIC PURE gel"},"content":{"rendered":"","protected":false},"excerpt":{"rendered":"<p><span style=\"color: #000000;\">Saf aloe suyundan yap\u0131lm\u0131\u015f, en hassas \u00e7ocuk ciltleri i\u00e7in bile uygun, biyoaktif, hipoalerjenik cilt bak\u0131m jeli. <\/span><\/p>\n<p><span style=\"color: #000000;\">Aloe ayr\u0131ca harici kullan\u0131ma y\u00f6nelik preparatlarda da yayg\u0131n olarak kullan\u0131l\u0131r. B\u00f6cek \u0131s\u0131r\u0131klar\u0131ndan sonra olu\u015fan tahri\u015f, k\u0131zar\u0131kl\u0131k, \u015fi\u015fliklerin giderilmesinde, g\u00fcne\u015flenme sonras\u0131nda, k\u00fc\u00e7\u00fck yaralanmalarda, ayak bak\u0131m\u0131nda ve rahats\u0131z ayakkab\u0131 giymekten kaynaklanan nas\u0131rlar\u0131n iyile\u015fmesi gereken her durumda vazge\u00e7ilmezdir. <\/span><\/p>\n<p><span style=\"color: #000000;\">Aloe jelinin d\u00fczenli uygulanmas\u0131, sedef hastal\u0131\u011f\u0131 olan ki\u015filerde cildin durumunu iyile\u015ftirir \u00e7\u00fcnk\u00fc epidermal h\u00fccrelerin pullanmas\u0131n\u0131 ve kontrols\u00fcz \u00e7o\u011falmas\u0131n\u0131 azalt\u0131r, ka\u015f\u0131nt\u0131 ve k\u0131zar\u0131kl\u0131\u011f\u0131 hafifletir, cilt lezyonlar\u0131n\u0131n iyile\u015fmesini h\u0131zland\u0131r\u0131r ve enfeksiyon geli\u015fimini \u00f6nler. <\/span><\/p>\n<p><span style=\"color: #000000;\">Aloe vera ESI\u00ae jelleri ya\u011fs\u0131zd\u0131r ve kolayca emilir. Bronzla\u015fma, solaryum, epilasyon, epilasyon ve t\u0131ra\u015ftan kaynaklanan tahri\u015fleri derinlemesine nemlendirir ve rahatlat\u0131r. <\/span><\/p>\n<p><span style=\"color: #000000;\">K\u00fc\u00e7\u00fck \u00e7iziklerin, \u00e7arpmalar\u0131n ve kabarc\u0131klar\u0131n iyile\u015fmesini h\u0131zland\u0131r\u0131r. G\u00fcne\u015flenme sonras\u0131 en hassas \u00e7ocuk ciltleri i\u00e7in de uygundur.<\/span><\/p>","protected":false},"featured_media":5984,"comment_status":"open","ping_status":"closed","template":"","meta":{"slim_seo":{"title":"Aloe vera ESI ORGANIC PURE gel - Dr Kozarev Cosmedics","description":"Bioaktivni, hipoalergijski gel za negu ko\u017ee od \u010distog soka aloje, pogodan i za najosetljiviju de\u010dju ko\u017eu. Aloja nalazi veliki primenu i u prepratima za spolja\u0161n"}},"product_brand":[],"product_cat":[73,92],"product_tag":[],"class_list":{"0":"post-5989","1":"product","2":"type-product","3":"status-publish","4":"has-post-thumbnail","6":"product_cat-esi","7":"product_cat-esi-suplementi","9":"first","10":"instock","11":"shipping-taxable","12":"purchasable","13":"product-type-simple"},"_links":{"self":[{"href":"https:\/\/drkozarevcosmedics.com\/tr\/wp-json\/wp\/v2\/product\/5989","targetHints":{"allow":["GET"]}}],"collection":[{"href":"https:\/\/drkozarevcosmedics.com\/tr\/wp-json\/wp\/v2\/product"}],"about":[{"href":"https:\/\/drkozarevcosmedics.com\/tr\/wp-json\/wp\/v2\/types\/product"}],"replies":[{"embeddable":true,"href":"https:\/\/drkozarevcosmedics.com\/tr\/wp-json\/wp\/v2\/comments?post=5989"}],"version-history":[{"count":1,"href":"https:\/\/drkozarevcosmedics.com\/tr\/wp-json\/wp\/v2\/product\/5989\/revisions"}],"predecessor-version":[{"id":5990,"href":"https:\/\/drkozarevcosmedics.com\/tr\/wp-json\/wp\/v2\/product\/5989\/revisions\/5990"}],"wp:featuredmedia":[{"embeddable":true,"href":"https:\/\/drkozarevcosmedics.com\/tr\/wp-json\/wp\/v2\/media\/5984"}],"wp:attachment":[{"href":"https:\/\/drkozarevcosmedics.com\/tr\/wp-json\/wp\/v2\/media?parent=5989"}],"wp:term":[{"taxonomy":"product_brand","embeddable":true,"href":"https:\/\/drkozarevcosmedics.com\/tr\/wp-json\/wp\/v2\/product_brand?post=5989"},{"taxonomy":"product_cat","embeddable":true,"href":"https:\/\/drkozarevcosmedics.com\/tr\/wp-json\/wp\/v2\/product_cat?post=5989"},{"taxonomy":"product_tag","embeddable":true,"href":"https:\/\/drkozarevcosmedics.com\/tr\/wp-json\/wp\/v2\/product_tag?post=5989"}],"curies":[{"name":"wp","href":"https:\/\/api.w.org\/{rel}","templated":true}]}}