{"id":5792,"date":"2024-05-31T21:46:53","date_gmt":"2024-05-31T21:46:53","guid":{"rendered":"https:\/\/drkozarevcosmedics.com\/?post_type=product&#038;p=5792"},"modified":"2026-02-04T10:49:22","modified_gmt":"2026-02-04T10:49:22","slug":"acnaquit-super-cleaning-set","status":"publish","type":"product","link":"https:\/\/drkozarevcosmedics.com\/tr\/product\/acnaquit-super-cleaning-set\/","title":{"rendered":"Acnaquit Super Cleaning Set"},"content":{"rendered":"<div data-elementor-type=\"wp-post\" data-elementor-id=\"5792\" class=\"elementor elementor-5792\">\n\t\t\t\t\t\t<section class=\"elementor-section elementor-top-section elementor-element elementor-element-2d67ad2 elementor-section-full_width elementor-section-height-default elementor-section-height-default\" data-id=\"2d67ad2\" data-element_type=\"section\" data-e-type=\"section\" data-settings=\"{&quot;background_background&quot;:&quot;classic&quot;}\">\r\n\t\t\t\t\t\t<div class=\"elementor-container elementor-column-gap-thegem\"><div class=\"elementor-row\">\r\n\t\t\t\t\t<div class=\"elementor-column elementor-col-100 elementor-top-column elementor-element elementor-element-9be0dd7\" data-id=\"9be0dd7\" data-element_type=\"column\" data-e-type=\"column\">\n\t\t\t<div class=\"elementor-widget-wrap elementor-element-populated\">\n\t\t\t\t\t\t<div class=\"elementor-element elementor-element-8c80b67 flex-horizontal-align-default flex-horizontal-align-tablet-default flex-horizontal-align-mobile-default flex-vertical-align-default flex-vertical-align-tablet-default flex-vertical-align-mobile-default elementor-widget elementor-widget-heading\" data-id=\"8c80b67\" data-element_type=\"widget\" data-e-type=\"widget\" data-widget_type=\"heading.default\">\n\t\t\t\t<div class=\"elementor-widget-container\">\n\t\t\t\t\t<h2 class=\"elementor-heading-title elementor-size-default\">\u00d6NER\u0130LEN \u00dcR\u00dcNLER: <\/h2>\t\t\t\t<\/div>\n\t\t\t\t<\/div>\n\t\t\t\t\t<\/div>\n\t\t<\/div>\n\t\t\t\t\t<\/div><\/div>\r\n\t\t<\/section>\r\n\t\t\t\t<section class=\"elementor-section elementor-top-section elementor-element elementor-element-d3724ed elementor-section-boxed elementor-section-height-default elementor-section-height-default\" data-id=\"d3724ed\" data-element_type=\"section\" data-e-type=\"section\" data-settings=\"{&quot;background_background&quot;:&quot;classic&quot;}\">\r\n\t\t\t\t\t\t<div class=\"elementor-container elementor-column-gap-thegem\"><div class=\"elementor-row\">\r\n\t\t\t\t\t<div class=\"elementor-column elementor-col-25 elementor-top-column elementor-element elementor-element-e9a9cdb\" data-id=\"e9a9cdb\" data-element_type=\"column\" data-e-type=\"column\">\n\t\t\t<div class=\"elementor-widget-wrap elementor-element-populated\">\n\t\t\t\t\t\t<div class=\"elementor-element elementor-element-0e3f96e flex-horizontal-align-default flex-horizontal-align-tablet-default flex-horizontal-align-mobile-default flex-vertical-align-default flex-vertical-align-tablet-default flex-vertical-align-mobile-default elementor-widget elementor-widget-image\" data-id=\"0e3f96e\" data-element_type=\"widget\" data-e-type=\"widget\" data-widget_type=\"image.default\">\n\t\t\t\t<div class=\"elementor-widget-container\">\n\t\t\t\t\t\t\t\t\t\t\t\t\t\t\t\t<a href=\"https:\/\/drkozarevcosmedics.com\/tr\/product\/lotos-pamucni-tupferi\/\">\n\t\t\t\t\t\t\t<img fetchpriority=\"high\" width=\"733\" height=\"733\" src=\"https:\/\/drkozarevcosmedics.com\/wp-content\/uploads\/2024\/05\/lotos-pamucne-blazinice-70.png\" class=\"attachment-2048x2048 size-2048x2048 wp-image-5458\" alt=\"Lotos Pamucne Blazinice 70\" srcset=\"https:\/\/drkozarevcosmedics.com\/wp-content\/uploads\/2024\/05\/lotos-pamucne-blazinice-70.png 733w, https:\/\/drkozarevcosmedics.com\/wp-content\/uploads\/2024\/05\/lotos-pamucne-blazinice-70-300x300.png 300w, https:\/\/drkozarevcosmedics.com\/wp-content\/uploads\/2024\/05\/lotos-pamucne-blazinice-70-150x150.png 150w, https:\/\/drkozarevcosmedics.com\/wp-content\/uploads\/2024\/05\/lotos-pamucne-blazinice-70-256x256.png 256w, https:\/\/drkozarevcosmedics.com\/wp-content\/uploads\/2024\/05\/lotos-pamucne-blazinice-70-600x600.png 600w, https:\/\/drkozarevcosmedics.com\/wp-content\/uploads\/2024\/05\/lotos-pamucne-blazinice-70-180x180.png 180w\" sizes=\"(max-width: 733px) 100vw, 733px\" \/>\t\t\t\t\t\t\t\t<\/a>\n\t\t\t\t\t\t\t\t\t\t\t\t\t\t\t<\/div>\n\t\t\t\t<\/div>\n\t\t\t\t<div class=\"elementor-element elementor-element-d0db746 flex-horizontal-align-default flex-horizontal-align-tablet-default flex-horizontal-align-mobile-default flex-vertical-align-default flex-vertical-align-tablet-default flex-vertical-align-mobile-default elementor-widget elementor-widget-heading\" data-id=\"d0db746\" data-element_type=\"widget\" data-e-type=\"widget\" data-widget_type=\"heading.default\">\n\t\t\t\t<div class=\"elementor-widget-container\">\n\t\t\t\t\t<h2 class=\"elementor-heading-title elementor-size-default\"><a href=\"https:\/\/drkozarevcosmedics.com\/tr\/product\/lotos-pamucni-tupferi\/\">LOTOS PAMUKLU TUPPERS\n<\/a><\/h2>\t\t\t\t<\/div>\n\t\t\t\t<\/div>\n\t\t\t\t\t<\/div>\n\t\t<\/div>\n\t\t\t\t<div class=\"elementor-column elementor-col-25 elementor-top-column elementor-element elementor-element-3cdbcd2\" data-id=\"3cdbcd2\" data-element_type=\"column\" data-e-type=\"column\">\n\t\t\t<div class=\"elementor-widget-wrap elementor-element-populated\">\n\t\t\t\t\t\t<div class=\"elementor-element elementor-element-baffecd flex-horizontal-align-default flex-horizontal-align-tablet-default flex-horizontal-align-mobile-default flex-vertical-align-default flex-vertical-align-tablet-default flex-vertical-align-mobile-default elementor-widget elementor-widget-image\" data-id=\"baffecd\" data-element_type=\"widget\" data-e-type=\"widget\" data-widget_type=\"image.default\">\n\t\t\t\t<div class=\"elementor-widget-container\">\n\t\t\t\t\t\t\t\t\t\t\t\t\t\t\t\t<a href=\"https:\/\/drkozarevcosmedics.com\/tr\/product\/acnaquit-losion\/\">\n\t\t\t\t\t\t\t<img width=\"2048\" height=\"2048\" src=\"https:\/\/drkozarevcosmedics.com\/wp-content\/uploads\/2024\/05\/AcnaQuit-Losion-2048x2048.jpg\" class=\"attachment-2048x2048 size-2048x2048 wp-image-5056\" alt=\"Acnaquit Losion\" srcset=\"https:\/\/drkozarevcosmedics.com\/wp-content\/uploads\/2024\/05\/AcnaQuit-Losion-2048x2048.jpg 2048w, https:\/\/drkozarevcosmedics.com\/wp-content\/uploads\/2024\/05\/AcnaQuit-Losion-300x300.jpg 300w, https:\/\/drkozarevcosmedics.com\/wp-content\/uploads\/2024\/05\/AcnaQuit-Losion-1024x1024.jpg 1024w, https:\/\/drkozarevcosmedics.com\/wp-content\/uploads\/2024\/05\/AcnaQuit-Losion-150x150.jpg 150w, https:\/\/drkozarevcosmedics.com\/wp-content\/uploads\/2024\/05\/AcnaQuit-Losion-768x768.jpg 768w, https:\/\/drkozarevcosmedics.com\/wp-content\/uploads\/2024\/05\/AcnaQuit-Losion-1536x1536.jpg 1536w, https:\/\/drkozarevcosmedics.com\/wp-content\/uploads\/2024\/05\/AcnaQuit-Losion-256x256.jpg 256w, https:\/\/drkozarevcosmedics.com\/wp-content\/uploads\/2024\/05\/AcnaQuit-Losion-600x600.jpg 600w, https:\/\/drkozarevcosmedics.com\/wp-content\/uploads\/2024\/05\/AcnaQuit-Losion-180x180.jpg 180w\" sizes=\"(max-width: 2048px) 100vw, 2048px\" \/>\t\t\t\t\t\t\t\t<\/a>\n\t\t\t\t\t\t\t\t\t\t\t\t\t\t\t<\/div>\n\t\t\t\t<\/div>\n\t\t\t\t<div class=\"elementor-element elementor-element-9b24d2d flex-horizontal-align-default flex-horizontal-align-tablet-default flex-horizontal-align-mobile-default flex-vertical-align-default flex-vertical-align-tablet-default flex-vertical-align-mobile-default elementor-widget elementor-widget-heading\" data-id=\"9b24d2d\" data-element_type=\"widget\" data-e-type=\"widget\" data-widget_type=\"heading.default\">\n\t\t\t\t<div class=\"elementor-widget-container\">\n\t\t\t\t\t<h2 class=\"elementor-heading-title elementor-size-default\"><a href=\"https:\/\/drkozarevcosmedics.com\/tr\/product\/acnaquit-losion\/\">ACNAQUIT LOSYON<\/a><\/h2>\t\t\t\t<\/div>\n\t\t\t\t<\/div>\n\t\t\t\t\t<\/div>\n\t\t<\/div>\n\t\t\t\t<div class=\"elementor-column elementor-col-25 elementor-top-column elementor-element elementor-element-8030dc2\" data-id=\"8030dc2\" data-element_type=\"column\" data-e-type=\"column\">\n\t\t\t<div class=\"elementor-widget-wrap elementor-element-populated\">\n\t\t\t\t\t\t<div class=\"elementor-element elementor-element-c3dc439 flex-horizontal-align-default flex-horizontal-align-tablet-default flex-horizontal-align-mobile-default flex-vertical-align-default flex-vertical-align-tablet-default flex-vertical-align-mobile-default elementor-widget elementor-widget-image\" data-id=\"c3dc439\" data-element_type=\"widget\" data-e-type=\"widget\" data-widget_type=\"image.default\">\n\t\t\t\t<div class=\"elementor-widget-container\">\n\t\t\t\t\t\t\t\t\t\t\t\t\t\t\t\t<a href=\"https:\/\/drkozarevcosmedics.com\/tr\/product\/lotos-vlazne-maramice-sa-ekstraktom-kamilice\/\">\n\t\t\t\t\t\t\t<img width=\"256\" height=\"256\" src=\"https:\/\/drkozarevcosmedics.com\/wp-content\/uploads\/2024\/05\/Lotos-vlazne-maramice-15-3-256x256.png\" class=\"attachment-thegem-post-thumb size-thegem-post-thumb wp-image-5459\" alt=\"Lotos Vlazne Maramice 15 3\" srcset=\"https:\/\/drkozarevcosmedics.com\/wp-content\/uploads\/2024\/05\/Lotos-vlazne-maramice-15-3-256x256.png 256w, https:\/\/drkozarevcosmedics.com\/wp-content\/uploads\/2024\/05\/Lotos-vlazne-maramice-15-3-150x150.png 150w, https:\/\/drkozarevcosmedics.com\/wp-content\/uploads\/2024\/05\/Lotos-vlazne-maramice-15-3-300x300.png 300w, https:\/\/drkozarevcosmedics.com\/wp-content\/uploads\/2024\/05\/Lotos-vlazne-maramice-15-3-180x180.png 180w\" sizes=\"(max-width: 256px) 100vw, 256px\" \/>\t\t\t\t\t\t\t\t<\/a>\n\t\t\t\t\t\t\t\t\t\t\t\t\t\t\t<\/div>\n\t\t\t\t<\/div>\n\t\t\t\t<div class=\"elementor-element elementor-element-96219fa flex-horizontal-align-default flex-horizontal-align-tablet-default flex-horizontal-align-mobile-default flex-vertical-align-default flex-vertical-align-tablet-default flex-vertical-align-mobile-default elementor-widget elementor-widget-heading\" data-id=\"96219fa\" data-element_type=\"widget\" data-e-type=\"widget\" data-widget_type=\"heading.default\">\n\t\t\t\t<div class=\"elementor-widget-container\">\n\t\t\t\t\t<h2 class=\"elementor-heading-title elementor-size-default\"><a href=\"https:\/\/drkozarevcosmedics.com\/tr\/product\/lotos-vlazne-maramice-sa-ekstraktom-kamilice\/\">LOTOS VLA\u017dNE MARAMICE SA EKSTRAKTOM KAMILICE<\/a><\/h2>\t\t\t\t<\/div>\n\t\t\t\t<\/div>\n\t\t\t\t\t<\/div>\n\t\t<\/div>\n\t\t\t\t<div class=\"elementor-column elementor-col-25 elementor-top-column elementor-element elementor-element-2cad661\" data-id=\"2cad661\" data-element_type=\"column\" data-e-type=\"column\">\n\t\t\t<div class=\"elementor-widget-wrap elementor-element-populated\">\n\t\t\t\t\t\t<div class=\"elementor-element elementor-element-d7206fb flex-horizontal-align-default flex-horizontal-align-tablet-default flex-horizontal-align-mobile-default flex-vertical-align-default flex-vertical-align-tablet-default flex-vertical-align-mobile-default elementor-widget elementor-widget-image\" data-id=\"d7206fb\" data-element_type=\"widget\" data-e-type=\"widget\" data-widget_type=\"image.default\">\n\t\t\t\t<div class=\"elementor-widget-container\">\n\t\t\t\t\t\t\t\t\t\t\t\t\t\t\t\t<a href=\"https:\/\/drkozarevcosmedics.com\/tr\/product\/kutija-za-tupfere\/\">\n\t\t\t\t\t\t\t<img loading=\"lazy\" width=\"256\" height=\"256\" src=\"https:\/\/drkozarevcosmedics.com\/wp-content\/uploads\/2024\/05\/Kutija-za-tupfere-256x256.webp\" class=\"attachment-thegem-post-thumb size-thegem-post-thumb wp-image-5772\" alt=\"Kutija Za Tupfere\" srcset=\"https:\/\/drkozarevcosmedics.com\/wp-content\/uploads\/2024\/05\/Kutija-za-tupfere-256x256.webp 256w, https:\/\/drkozarevcosmedics.com\/wp-content\/uploads\/2024\/05\/Kutija-za-tupfere-150x150.webp 150w, https:\/\/drkozarevcosmedics.com\/wp-content\/uploads\/2024\/05\/Kutija-za-tupfere-300x300.webp 300w, https:\/\/drkozarevcosmedics.com\/wp-content\/uploads\/2024\/05\/Kutija-za-tupfere-180x180.webp 180w\" sizes=\"(max-width: 256px) 100vw, 256px\" \/>\t\t\t\t\t\t\t\t<\/a>\n\t\t\t\t\t\t\t\t\t\t\t\t\t\t\t<\/div>\n\t\t\t\t<\/div>\n\t\t\t\t<div class=\"elementor-element elementor-element-dd43cc4 flex-horizontal-align-default flex-horizontal-align-tablet-default flex-horizontal-align-mobile-default flex-vertical-align-default flex-vertical-align-tablet-default flex-vertical-align-mobile-default elementor-widget elementor-widget-heading\" data-id=\"dd43cc4\" data-element_type=\"widget\" data-e-type=\"widget\" data-widget_type=\"heading.default\">\n\t\t\t\t<div class=\"elementor-widget-container\">\n\t\t\t\t\t<h2 class=\"elementor-heading-title elementor-size-default\"><a href=\"https:\/\/drkozarevcosmedics.com\/tr\/product\/kutija-za-tupfere\/\">Yumrular \u0130\u00e7in Kutu\n<\/a><\/h2>\t\t\t\t<\/div>\n\t\t\t\t<\/div>\n\t\t\t\t\t<\/div>\n\t\t<\/div>\n\t\t\t\t\t<\/div><\/div>\r\n\t\t<\/section>\r\n\t\t\t\t<section class=\"elementor-section elementor-top-section elementor-element elementor-element-82762a7 elementor-section-full_width elementor-section-height-default elementor-section-height-default\" data-id=\"82762a7\" data-element_type=\"section\" data-e-type=\"section\" data-settings=\"{&quot;background_background&quot;:&quot;classic&quot;}\">\r\n\t\t\t\t\t\t<div class=\"elementor-container elementor-column-gap-thegem\"><div class=\"elementor-row\">\r\n\t\t\t\t\t<div class=\"elementor-column elementor-col-100 elementor-top-column elementor-element elementor-element-c6ed252\" data-id=\"c6ed252\" data-element_type=\"column\" data-e-type=\"column\">\n\t\t\t<div class=\"elementor-widget-wrap elementor-element-populated\">\n\t\t\t\t\t\t<div class=\"elementor-element elementor-element-4d92da1 flex-horizontal-align-default flex-horizontal-align-tablet-default flex-horizontal-align-mobile-default flex-vertical-align-default flex-vertical-align-tablet-default flex-vertical-align-mobile-default elementor-widget elementor-widget-heading\" data-id=\"4d92da1\" data-element_type=\"widget\" data-e-type=\"widget\" data-widget_type=\"heading.default\">\n\t\t\t\t<div class=\"elementor-widget-container\">\n\t\t\t\t\t<h2 class=\"elementor-heading-title elementor-size-default\">B\u0130ZE ULA\u015eIN<\/h2>\t\t\t\t<\/div>\n\t\t\t\t<\/div>\n\t\t\t\t\t<\/div>\n\t\t<\/div>\n\t\t\t\t\t<\/div><\/div>\r\n\t\t<\/section>\r\n\t\t\t\t<section class=\"elementor-section elementor-top-section elementor-element elementor-element-70e569a elementor-section-full_width elementor-section-height-default elementor-section-height-default\" data-id=\"70e569a\" data-element_type=\"section\" data-e-type=\"section\" data-settings=\"{&quot;background_background&quot;:&quot;classic&quot;}\">\r\n\t\t\t\t\t\t<div class=\"elementor-container elementor-column-gap-thegem\"><div class=\"elementor-row\">\r\n\t\t\t\t\t<div class=\"elementor-column elementor-col-33 elementor-top-column elementor-element elementor-element-38030cf\" data-id=\"38030cf\" data-element_type=\"column\" data-e-type=\"column\" data-settings=\"{&quot;background_background&quot;:&quot;classic&quot;}\">\n\t\t\t<div class=\"elementor-widget-wrap elementor-element-populated\">\n\t\t\t\t\t\t<div class=\"elementor-element elementor-element-8783b2f flex-horizontal-align-default flex-horizontal-align-tablet-default flex-horizontal-align-mobile-default flex-vertical-align-default flex-vertical-align-tablet-default flex-vertical-align-mobile-default elementor-widget elementor-widget-image\" data-id=\"8783b2f\" data-element_type=\"widget\" data-e-type=\"widget\" data-widget_type=\"image.default\">\n\t\t\t\t<div class=\"elementor-widget-container\">\n\t\t\t\t\t\t\t\t\t\t\t\t\t\t\t\t<a href=\"mailto:info.kozarev@gmail.com\">\n\t\t\t\t\t\t\t<img loading=\"lazy\" width=\"165\" height=\"161\" src=\"https:\/\/drkozarevcosmedics.com\/wp-content\/uploads\/2021\/12\/emailicon-removebg-preview.png\" class=\"attachment-large size-large wp-image-4449\" alt=\"Emailicon removebg preview\" \/>\t\t\t\t\t\t\t\t<\/a>\n\t\t\t\t\t\t\t\t\t\t\t\t\t\t\t<\/div>\n\t\t\t\t<\/div>\n\t\t\t\t<div class=\"elementor-element elementor-element-89b584b flex-horizontal-align-default flex-horizontal-align-tablet-default flex-horizontal-align-mobile-default flex-vertical-align-default flex-vertical-align-tablet-default flex-vertical-align-mobile-default elementor-widget elementor-widget-heading\" data-id=\"89b584b\" data-element_type=\"widget\" data-e-type=\"widget\" data-widget_type=\"heading.default\">\n\t\t\t\t<div class=\"elementor-widget-container\">\n\t\t\t\t\t<h2 class=\"elementor-heading-title elementor-size-default\"><a href=\"mailto:info.kozarev@gmail.com\">EMAIL<\/a><\/h2>\t\t\t\t<\/div>\n\t\t\t\t<\/div>\n\t\t\t\t\t<\/div>\n\t\t<\/div>\n\t\t\t\t<div class=\"elementor-column elementor-col-33 elementor-top-column elementor-element elementor-element-53acf92\" data-id=\"53acf92\" data-element_type=\"column\" data-e-type=\"column\" data-settings=\"{&quot;background_background&quot;:&quot;classic&quot;}\">\n\t\t\t<div class=\"elementor-widget-wrap elementor-element-populated\">\n\t\t\t\t\t\t<div class=\"elementor-element elementor-element-7e511ac flex-horizontal-align-default flex-horizontal-align-tablet-default flex-horizontal-align-mobile-default flex-vertical-align-default flex-vertical-align-tablet-default flex-vertical-align-mobile-default elementor-widget elementor-widget-image\" data-id=\"7e511ac\" data-element_type=\"widget\" data-e-type=\"widget\" data-widget_type=\"image.default\">\n\t\t\t\t<div class=\"elementor-widget-container\">\n\t\t\t\t\t\t\t\t\t\t\t\t\t\t\t\t<a href=\"https:\/\/www.instagram.com\/direct\/t\/17847652074192796\">\n\t\t\t\t\t\t\t<img loading=\"lazy\" width=\"165\" height=\"161\" src=\"https:\/\/drkozarevcosmedics.com\/wp-content\/uploads\/2021\/12\/instagram-removebg-preview.png\" class=\"attachment-large size-large wp-image-4448\" alt=\"Instagram removebg preview\" \/>\t\t\t\t\t\t\t\t<\/a>\n\t\t\t\t\t\t\t\t\t\t\t\t\t\t\t<\/div>\n\t\t\t\t<\/div>\n\t\t\t\t<div class=\"elementor-element elementor-element-6998668 flex-horizontal-align-default flex-horizontal-align-tablet-default flex-horizontal-align-mobile-default flex-vertical-align-default flex-vertical-align-tablet-default flex-vertical-align-mobile-default elementor-widget elementor-widget-heading\" data-id=\"6998668\" data-element_type=\"widget\" data-e-type=\"widget\" data-widget_type=\"heading.default\">\n\t\t\t\t<div class=\"elementor-widget-container\">\n\t\t\t\t\t<h2 class=\"elementor-heading-title elementor-size-default\"><a href=\"https:\/\/www.instagram.com\/direct\/t\/17847652074192796\" target=\"_blank\">instagram dm<\/a><\/h2>\t\t\t\t<\/div>\n\t\t\t\t<\/div>\n\t\t\t\t\t<\/div>\n\t\t<\/div>\n\t\t\t\t<div class=\"elementor-column elementor-col-33 elementor-top-column elementor-element elementor-element-483cc80\" data-id=\"483cc80\" data-element_type=\"column\" data-e-type=\"column\" data-settings=\"{&quot;background_background&quot;:&quot;classic&quot;}\">\n\t\t\t<div class=\"elementor-widget-wrap elementor-element-populated\">\n\t\t\t\t\t\t<div class=\"elementor-element elementor-element-a2b75b9 flex-horizontal-align-default flex-horizontal-align-tablet-default flex-horizontal-align-mobile-default flex-vertical-align-default flex-vertical-align-tablet-default flex-vertical-align-mobile-default elementor-widget elementor-widget-image\" data-id=\"a2b75b9\" data-element_type=\"widget\" data-e-type=\"widget\" data-widget_type=\"image.default\">\n\t\t\t\t<div class=\"elementor-widget-container\">\n\t\t\t\t\t\t\t\t\t\t\t\t\t\t\t<img loading=\"lazy\" width=\"165\" height=\"161\" src=\"https:\/\/drkozarevcosmedics.com\/wp-content\/uploads\/2021\/12\/virtuelne-removebg-preview.png\" class=\"attachment-large size-large wp-image-4450\" alt=\"Virtuelne removebg preview\" \/>\t\t\t\t\t\t\t\t\t\t\t\t\t\t\t<\/div>\n\t\t\t\t<\/div>\n\t\t\t\t<div class=\"elementor-element elementor-element-a0abde9 flex-horizontal-align-default flex-horizontal-align-tablet-default flex-horizontal-align-mobile-default flex-vertical-align-default flex-vertical-align-tablet-default flex-vertical-align-mobile-default elementor-widget elementor-widget-heading\" data-id=\"a0abde9\" data-element_type=\"widget\" data-e-type=\"widget\" data-widget_type=\"heading.default\">\n\t\t\t\t<div class=\"elementor-widget-container\">\n\t\t\t\t\t<h2 class=\"elementor-heading-title elementor-size-default\">Sanal dan\u0131\u015fmanl\u0131k (YAKINDA)<\/h2>\t\t\t\t<\/div>\n\t\t\t\t<\/div>\n\t\t\t\t\t<\/div>\n\t\t<\/div>\n\t\t\t\t\t<\/div><\/div>\r\n\t\t<\/section>\r\n\t\t\t\t<\/div>","protected":false},"excerpt":{"rendered":"<p>Kompletan set za \u010di\u0161\u0107enje aknozne ko\u017ee koji sadr\u017ei:<\/p>\n<p><a href=\"https:\/\/drkozarevcosmedics.com\/tr\/product\/acnaquit-losion\/\"><strong>Acnaquit losion<\/strong><\/a> koji \u010disti ko\u017eu bez isu\u0161ivanja, ima lagani piling efekat i nije ga potrebno ispirati. Na bazi pantenola, beta hidroksi kiseline i komponenti koje spre\u010davaju isu\u0161ivanje ko\u017ee. Namenjen je ne\u017enom \u010di\u0161\u0107enju i osve\u017eavanju ko\u017ee, kao i uklanjanju masnih naslaga sa ko\u017ee. Kod stanja sa poja\u010danom aktivno\u0161\u0107u lojnih \u017elezda se preporu\u010duje kao sredstvo za \u010di\u0161\u0107enje ko\u017ee bez propratnog isu\u0161ivanja uz lagani piling efekat. Preparat nije potrebno ispirati sa ko\u017ee.<\/p>\n<p><a href=\"https:\/\/drkozarevcosmedics.com\/tr\/product\/lotos-pamucni-tupferi\/\"><strong>Tupperware<\/strong><\/a> 0 pamuk<\/p>\n<p><strong><a href=\"https:\/\/drkozarevcosmedics.com\/tr\/product\/kutija-za-tupfere\/\">Yumrular \u0130\u00e7in Kutu<\/a><\/strong><\/p>\n<p><a href=\"https:\/\/drkozarevcosmedics.com\/tr\/product\/lotos-vlazne-maramice-sa-ekstraktom-kamilice\/\"><strong>Vla\u017ene maramice na bazi kamilice<\/strong><\/a><\/p>","protected":false},"featured_media":6288,"comment_status":"open","ping_status":"closed","template":"elementor_theme","meta":{"slim_seo":{"title":"Acnaquit Super Cleaning Set - Dr Kozarev Cosmedics","description":"Kompletan set za \u010di\u0161\u0107enje aknozne ko\u017ee koji sadr\u017ei: Acnaquit losion koji \u010disti ko\u017eu bez isu\u0161ivanja, ima lagani piling efekat i nije ga potrebno ispirati. Na baz"}},"product_brand":[],"product_cat":[97],"product_tag":[],"class_list":{"0":"post-5792","1":"product","2":"type-product","3":"status-publish","4":"has-post-thumbnail","6":"product_cat-akcije-i-popusti","8":"first","9":"instock","10":"shipping-taxable","11":"purchasable","12":"product-type-simple"},"_links":{"self":[{"href":"https:\/\/drkozarevcosmedics.com\/tr\/wp-json\/wp\/v2\/product\/5792","targetHints":{"allow":["GET"]}}],"collection":[{"href":"https:\/\/drkozarevcosmedics.com\/tr\/wp-json\/wp\/v2\/product"}],"about":[{"href":"https:\/\/drkozarevcosmedics.com\/tr\/wp-json\/wp\/v2\/types\/product"}],"replies":[{"embeddable":true,"href":"https:\/\/drkozarevcosmedics.com\/tr\/wp-json\/wp\/v2\/comments?post=5792"}],"version-history":[{"count":6,"href":"https:\/\/drkozarevcosmedics.com\/tr\/wp-json\/wp\/v2\/product\/5792\/revisions"}],"predecessor-version":[{"id":7435,"href":"https:\/\/drkozarevcosmedics.com\/tr\/wp-json\/wp\/v2\/product\/5792\/revisions\/7435"}],"wp:featuredmedia":[{"embeddable":true,"href":"https:\/\/drkozarevcosmedics.com\/tr\/wp-json\/wp\/v2\/media\/6288"}],"wp:attachment":[{"href":"https:\/\/drkozarevcosmedics.com\/tr\/wp-json\/wp\/v2\/media?parent=5792"}],"wp:term":[{"taxonomy":"product_brand","embeddable":true,"href":"https:\/\/drkozarevcosmedics.com\/tr\/wp-json\/wp\/v2\/product_brand?post=5792"},{"taxonomy":"product_cat","embeddable":true,"href":"https:\/\/drkozarevcosmedics.com\/tr\/wp-json\/wp\/v2\/product_cat?post=5792"},{"taxonomy":"product_tag","embeddable":true,"href":"https:\/\/drkozarevcosmedics.com\/tr\/wp-json\/wp\/v2\/product_tag?post=5792"}],"curies":[{"name":"wp","href":"https:\/\/api.w.org\/{rel}","templated":true}]}}