{"id":5461,"date":"2024-05-21T15:56:12","date_gmt":"2024-05-21T15:56:12","guid":{"rendered":"https:\/\/drkozarevcosmedics.com\/?post_type=product&#038;p=5461"},"modified":"2024-05-22T11:10:42","modified_gmt":"2024-05-22T11:10:42","slug":"lotos-pamucni-tupferi","status":"publish","type":"product","link":"https:\/\/drkozarevcosmedics.com\/tr\/product\/lotos-pamucni-tupferi\/","title":{"rendered":"Lotos pamu\u010dni tupferi"},"content":{"rendered":"","protected":false},"excerpt":{"rendered":"<p>Lotus pamuklu pedler 70\/1 birinci s\u0131n\u0131f 0 pamuktan \u00fcretilmi\u015ftir. Y\u00fcksek emicilik, yumu\u015fakl\u0131k ve yumu\u015fak dokunu\u015f ile karakterize edilirler.<\/p>\n<p>Pamu\u011fun i\u015flenmesinde kullan\u0131lan hidroproses sayesinde yast\u0131klar kompakt bir yap\u0131ya sahip olup, kullan\u0131m s\u0131ras\u0131nda elyaf b\u0131rakmamaktad\u0131r.<\/p>\n<p>T\u00fcm cilt tiplerinin temizli\u011fi i\u00e7in idealdir.<\/p>","protected":false},"featured_media":5458,"comment_status":"closed","ping_status":"closed","template":"","meta":{"slim_seo":{"title":"Lotos pamu\u010dni tupferi - Dr Kozarev Cosmedics","description":"Lotos pamu\u010dne blaznice 70\/1 napravljene su od prvoklasnog 100% pamuka. Odlikuju se velikom mo\u0107i upijanja, meko\u0107om i ne\u017enim dodirom. Zahvaljuju\u0107i hidro postupku"}},"product_brand":[],"product_cat":[94],"product_tag":[],"class_list":{"0":"post-5461","1":"product","2":"type-product","3":"status-publish","4":"has-post-thumbnail","6":"product_cat-beauty-dodaci","8":"first","9":"instock","10":"shipping-taxable","11":"purchasable","12":"product-type-simple"},"_links":{"self":[{"href":"https:\/\/drkozarevcosmedics.com\/tr\/wp-json\/wp\/v2\/product\/5461","targetHints":{"allow":["GET"]}}],"collection":[{"href":"https:\/\/drkozarevcosmedics.com\/tr\/wp-json\/wp\/v2\/product"}],"about":[{"href":"https:\/\/drkozarevcosmedics.com\/tr\/wp-json\/wp\/v2\/types\/product"}],"replies":[{"embeddable":true,"href":"https:\/\/drkozarevcosmedics.com\/tr\/wp-json\/wp\/v2\/comments?post=5461"}],"version-history":[{"count":1,"href":"https:\/\/drkozarevcosmedics.com\/tr\/wp-json\/wp\/v2\/product\/5461\/revisions"}],"predecessor-version":[{"id":5462,"href":"https:\/\/drkozarevcosmedics.com\/tr\/wp-json\/wp\/v2\/product\/5461\/revisions\/5462"}],"wp:featuredmedia":[{"embeddable":true,"href":"https:\/\/drkozarevcosmedics.com\/tr\/wp-json\/wp\/v2\/media\/5458"}],"wp:attachment":[{"href":"https:\/\/drkozarevcosmedics.com\/tr\/wp-json\/wp\/v2\/media?parent=5461"}],"wp:term":[{"taxonomy":"product_brand","embeddable":true,"href":"https:\/\/drkozarevcosmedics.com\/tr\/wp-json\/wp\/v2\/product_brand?post=5461"},{"taxonomy":"product_cat","embeddable":true,"href":"https:\/\/drkozarevcosmedics.com\/tr\/wp-json\/wp\/v2\/product_cat?post=5461"},{"taxonomy":"product_tag","embeddable":true,"href":"https:\/\/drkozarevcosmedics.com\/tr\/wp-json\/wp\/v2\/product_tag?post=5461"}],"curies":[{"name":"wp","href":"https:\/\/api.w.org\/{rel}","templated":true}]}}