{"id":5095,"date":"2024-05-16T23:29:30","date_gmt":"2024-05-16T23:29:30","guid":{"rendered":"https:\/\/drkozarevcosmedics.com\/?post_type=product&#038;p=5095"},"modified":"2026-02-04T10:32:49","modified_gmt":"2026-02-04T10:32:49","slug":"clean-tone-mleko-za-ciscenje","status":"publish","type":"product","link":"https:\/\/drkozarevcosmedics.com\/tr\/product\/clean-tone-mleko-za-ciscenje\/","title":{"rendered":"Clean Tone temizleme s\u00fct\u00fc"},"content":{"rendered":"<div data-elementor-type=\"wp-post\" data-elementor-id=\"5095\" class=\"elementor elementor-5095\">\n\t\t\t\t\t\t<section class=\"elementor-section elementor-top-section elementor-element elementor-element-82762a7 elementor-section-full_width elementor-section-height-default elementor-section-height-default\" data-id=\"82762a7\" data-element_type=\"section\" data-e-type=\"section\" data-settings=\"{&quot;background_background&quot;:&quot;classic&quot;}\">\r\n\t\t\t\t\t\t<div class=\"elementor-container elementor-column-gap-thegem\"><div class=\"elementor-row\">\r\n\t\t\t\t\t<div class=\"elementor-column elementor-col-100 elementor-top-column elementor-element elementor-element-c6ed252\" data-id=\"c6ed252\" data-element_type=\"column\" data-e-type=\"column\">\n\t\t\t<div class=\"elementor-widget-wrap elementor-element-populated\">\n\t\t\t\t\t\t<div class=\"elementor-element elementor-element-4d92da1 flex-horizontal-align-default flex-horizontal-align-tablet-default flex-horizontal-align-mobile-default flex-vertical-align-default flex-vertical-align-tablet-default flex-vertical-align-mobile-default elementor-widget elementor-widget-heading\" data-id=\"4d92da1\" data-element_type=\"widget\" data-e-type=\"widget\" data-widget_type=\"heading.default\">\n\t\t\t\t<div class=\"elementor-widget-container\">\n\t\t\t\t\t<h2 class=\"elementor-heading-title elementor-size-default\">B\u0130ZE ULA\u015eIN<\/h2>\t\t\t\t<\/div>\n\t\t\t\t<\/div>\n\t\t\t\t\t<\/div>\n\t\t<\/div>\n\t\t\t\t\t<\/div><\/div>\r\n\t\t<\/section>\r\n\t\t\t\t<section class=\"elementor-section elementor-top-section elementor-element elementor-element-70e569a elementor-section-full_width elementor-section-height-default elementor-section-height-default\" data-id=\"70e569a\" data-element_type=\"section\" data-e-type=\"section\" data-settings=\"{&quot;background_background&quot;:&quot;classic&quot;}\">\r\n\t\t\t\t\t\t<div class=\"elementor-container elementor-column-gap-thegem\"><div class=\"elementor-row\">\r\n\t\t\t\t\t<div class=\"elementor-column elementor-col-33 elementor-top-column elementor-element elementor-element-38030cf\" data-id=\"38030cf\" data-element_type=\"column\" data-e-type=\"column\" data-settings=\"{&quot;background_background&quot;:&quot;classic&quot;}\">\n\t\t\t<div class=\"elementor-widget-wrap elementor-element-populated\">\n\t\t\t\t\t\t<div class=\"elementor-element elementor-element-8783b2f flex-horizontal-align-default flex-horizontal-align-tablet-default flex-horizontal-align-mobile-default flex-vertical-align-default flex-vertical-align-tablet-default flex-vertical-align-mobile-default elementor-widget elementor-widget-image\" data-id=\"8783b2f\" data-element_type=\"widget\" data-e-type=\"widget\" data-widget_type=\"image.default\">\n\t\t\t\t<div class=\"elementor-widget-container\">\n\t\t\t\t\t\t\t\t\t\t\t\t\t\t\t\t<a href=\"mailto:info.kozarev@gmail.com\">\n\t\t\t\t\t\t\t<img width=\"165\" height=\"161\" src=\"https:\/\/drkozarevcosmedics.com\/wp-content\/uploads\/2021\/12\/emailicon-removebg-preview.png\" class=\"attachment-large size-large wp-image-4449\" alt=\"Emailicon removebg preview\" \/>\t\t\t\t\t\t\t\t<\/a>\n\t\t\t\t\t\t\t\t\t\t\t\t\t\t\t<\/div>\n\t\t\t\t<\/div>\n\t\t\t\t<div class=\"elementor-element elementor-element-89b584b flex-horizontal-align-default flex-horizontal-align-tablet-default flex-horizontal-align-mobile-default flex-vertical-align-default flex-vertical-align-tablet-default flex-vertical-align-mobile-default elementor-widget elementor-widget-heading\" data-id=\"89b584b\" data-element_type=\"widget\" data-e-type=\"widget\" data-widget_type=\"heading.default\">\n\t\t\t\t<div class=\"elementor-widget-container\">\n\t\t\t\t\t<h2 class=\"elementor-heading-title elementor-size-default\"><a href=\"mailto:info.kozarev@gmail.com\">EMAIL<\/a><\/h2>\t\t\t\t<\/div>\n\t\t\t\t<\/div>\n\t\t\t\t\t<\/div>\n\t\t<\/div>\n\t\t\t\t<div class=\"elementor-column elementor-col-33 elementor-top-column elementor-element elementor-element-53acf92\" data-id=\"53acf92\" data-element_type=\"column\" data-e-type=\"column\" data-settings=\"{&quot;background_background&quot;:&quot;classic&quot;}\">\n\t\t\t<div class=\"elementor-widget-wrap elementor-element-populated\">\n\t\t\t\t\t\t<div class=\"elementor-element elementor-element-7e511ac flex-horizontal-align-default flex-horizontal-align-tablet-default flex-horizontal-align-mobile-default flex-vertical-align-default flex-vertical-align-tablet-default flex-vertical-align-mobile-default elementor-widget elementor-widget-image\" data-id=\"7e511ac\" data-element_type=\"widget\" data-e-type=\"widget\" data-widget_type=\"image.default\">\n\t\t\t\t<div class=\"elementor-widget-container\">\n\t\t\t\t\t\t\t\t\t\t\t\t\t\t\t\t<a href=\"https:\/\/www.instagram.com\/direct\/t\/17847652074192796\">\n\t\t\t\t\t\t\t<img width=\"165\" height=\"161\" src=\"https:\/\/drkozarevcosmedics.com\/wp-content\/uploads\/2021\/12\/instagram-removebg-preview.png\" class=\"attachment-large size-large wp-image-4448\" alt=\"Instagram removebg preview\" \/>\t\t\t\t\t\t\t\t<\/a>\n\t\t\t\t\t\t\t\t\t\t\t\t\t\t\t<\/div>\n\t\t\t\t<\/div>\n\t\t\t\t<div class=\"elementor-element elementor-element-6998668 flex-horizontal-align-default flex-horizontal-align-tablet-default flex-horizontal-align-mobile-default flex-vertical-align-default flex-vertical-align-tablet-default flex-vertical-align-mobile-default elementor-widget elementor-widget-heading\" data-id=\"6998668\" data-element_type=\"widget\" data-e-type=\"widget\" data-widget_type=\"heading.default\">\n\t\t\t\t<div class=\"elementor-widget-container\">\n\t\t\t\t\t<h2 class=\"elementor-heading-title elementor-size-default\"><a href=\"https:\/\/www.instagram.com\/direct\/t\/17847652074192796\" target=\"_blank\">instagram dm<\/a><\/h2>\t\t\t\t<\/div>\n\t\t\t\t<\/div>\n\t\t\t\t\t<\/div>\n\t\t<\/div>\n\t\t\t\t<div class=\"elementor-column elementor-col-33 elementor-top-column elementor-element elementor-element-483cc80\" data-id=\"483cc80\" data-element_type=\"column\" data-e-type=\"column\" data-settings=\"{&quot;background_background&quot;:&quot;classic&quot;}\">\n\t\t\t<div class=\"elementor-widget-wrap elementor-element-populated\">\n\t\t\t\t\t\t<div class=\"elementor-element elementor-element-a2b75b9 flex-horizontal-align-default flex-horizontal-align-tablet-default flex-horizontal-align-mobile-default flex-vertical-align-default flex-vertical-align-tablet-default flex-vertical-align-mobile-default elementor-widget elementor-widget-image\" data-id=\"a2b75b9\" data-element_type=\"widget\" data-e-type=\"widget\" data-widget_type=\"image.default\">\n\t\t\t\t<div class=\"elementor-widget-container\">\n\t\t\t\t\t\t\t\t\t\t\t\t\t\t\t<img width=\"165\" height=\"161\" src=\"https:\/\/drkozarevcosmedics.com\/wp-content\/uploads\/2021\/12\/virtuelne-removebg-preview.png\" class=\"attachment-large size-large wp-image-4450\" alt=\"Virtuelne removebg preview\" \/>\t\t\t\t\t\t\t\t\t\t\t\t\t\t\t<\/div>\n\t\t\t\t<\/div>\n\t\t\t\t<div class=\"elementor-element elementor-element-a0abde9 flex-horizontal-align-default flex-horizontal-align-tablet-default flex-horizontal-align-mobile-default flex-vertical-align-default flex-vertical-align-tablet-default flex-vertical-align-mobile-default elementor-widget elementor-widget-heading\" data-id=\"a0abde9\" data-element_type=\"widget\" data-e-type=\"widget\" data-widget_type=\"heading.default\">\n\t\t\t\t<div class=\"elementor-widget-container\">\n\t\t\t\t\t<h2 class=\"elementor-heading-title elementor-size-default\">Sanal dan\u0131\u015fmanl\u0131k (YAKINDA)<\/h2>\t\t\t\t<\/div>\n\t\t\t\t<\/div>\n\t\t\t\t\t<\/div>\n\t\t<\/div>\n\t\t\t\t\t<\/div><\/div>\r\n\t\t<\/section>\r\n\t\t\t\t<\/div>","protected":false},"excerpt":{"rendered":"<p>- Makyaj\u0131 \u00e7\u0131kar\u0131r<\/p>\n<p>\u2013 Y\u00fcz ve dekolte cildini temizler<\/p>\n<p>\u2013 Cildi nemlendirir<\/p>\n<p>Y\u00fcz, boyun, dekolte ve v\u00fccudun t\u00fcm hassas b\u00f6lgelerinde g\u00fcnl\u00fck, nazik ve nazik makyaj\u0131n \u00e7\u0131kar\u0131lmas\u0131 ve temizlenmesi i\u00e7in \u00e7oklu etkilere sahip yumu\u015fak bir em\u00fclsiyon form\u00fclasyonu. Nemlendirici etkisi ile, do\u011fal hafif ya\u011flar\u0131n faydal\u0131 etkisi, deterjan ve zararl\u0131 em\u00fclgat\u00f6rler i\u00e7ermez.<\/p>\n<p><strong>Kullan\u0131m \u015fekli:<\/strong> Kozmetik pedler yard\u0131m\u0131yla uygulan\u0131r ve cilt y\u0131kan\u0131r.<\/p>","protected":false},"featured_media":5096,"comment_status":"open","ping_status":"closed","template":"elementor_theme","meta":{"slim_seo":{"title":"Clean Tone mleko za \u010di\u0161\u0107enje - Dr Kozarev Cosmedics","description":"- Uklanja \u0161minku - \u010cisti ko\u017eu lica i dekoltea - Hidrira ko\u017eu Ne\u017ena formulacija emulzije vi\u0161estrukog dejstva, za svakodnevno, blago i ne\u017eno uklanjanje \u0161minke i \u010d"}},"product_brand":[],"product_cat":[79,59],"product_tag":[66],"class_list":{"0":"post-5095","1":"product","2":"type-product","3":"status-publish","4":"has-post-thumbnail","6":"product_cat-ciscenje-koze","7":"product_cat-proizvodi","8":"product_tag-concept-rutina","10":"first","11":"instock","12":"featured","13":"shipping-taxable","14":"purchasable","15":"product-type-simple"},"_links":{"self":[{"href":"https:\/\/drkozarevcosmedics.com\/tr\/wp-json\/wp\/v2\/product\/5095","targetHints":{"allow":["GET"]}}],"collection":[{"href":"https:\/\/drkozarevcosmedics.com\/tr\/wp-json\/wp\/v2\/product"}],"about":[{"href":"https:\/\/drkozarevcosmedics.com\/tr\/wp-json\/wp\/v2\/types\/product"}],"replies":[{"embeddable":true,"href":"https:\/\/drkozarevcosmedics.com\/tr\/wp-json\/wp\/v2\/comments?post=5095"}],"version-history":[{"count":7,"href":"https:\/\/drkozarevcosmedics.com\/tr\/wp-json\/wp\/v2\/product\/5095\/revisions"}],"predecessor-version":[{"id":5557,"href":"https:\/\/drkozarevcosmedics.com\/tr\/wp-json\/wp\/v2\/product\/5095\/revisions\/5557"}],"wp:featuredmedia":[{"embeddable":true,"href":"https:\/\/drkozarevcosmedics.com\/tr\/wp-json\/wp\/v2\/media\/5096"}],"wp:attachment":[{"href":"https:\/\/drkozarevcosmedics.com\/tr\/wp-json\/wp\/v2\/media?parent=5095"}],"wp:term":[{"taxonomy":"product_brand","embeddable":true,"href":"https:\/\/drkozarevcosmedics.com\/tr\/wp-json\/wp\/v2\/product_brand?post=5095"},{"taxonomy":"product_cat","embeddable":true,"href":"https:\/\/drkozarevcosmedics.com\/tr\/wp-json\/wp\/v2\/product_cat?post=5095"},{"taxonomy":"product_tag","embeddable":true,"href":"https:\/\/drkozarevcosmedics.com\/tr\/wp-json\/wp\/v2\/product_tag?post=5095"}],"curies":[{"name":"wp","href":"https:\/\/api.w.org\/{rel}","templated":true}]}}