{"id":4877,"date":"2024-05-11T21:52:07","date_gmt":"2024-05-11T21:52:07","guid":{"rendered":"https:\/\/drkozarevcosmedics.com\/?post_type=product&#038;p=4877"},"modified":"2024-05-22T11:01:48","modified_gmt":"2024-05-22T11:01:48","slug":"noglic","status":"publish","type":"product","link":"https:\/\/drkozarevcosmedics.com\/tr\/product\/noglic\/","title":{"rendered":"NOGLIC"},"content":{"rendered":"","protected":false},"excerpt":{"rendered":"<p><span style=\"color: #000000;\">NOGLIC\u00ae <strong>klini\u010dki testiran <\/strong>alfa-lipoik asit ve krom ilavesiyle zenginle\u015ftirilmi\u015f, ac\u0131 kabak, gymnema ve tar\u00e7\u0131n \u00f6zleri i\u00e7eren besin takviyesi (diyet takviyesi).<\/span><\/p>\n<p><span style=\"color: #000000;\">NOGLIC\u00ae kan \u015fekeri reg\u00fclasyonunun fizyolojik mekanizmalar\u0131 \u00fczerinde faydal\u0131 bir etkiye sahiptir.<\/span><\/p>\n<p><span style=\"color: #000000;\"><strong>Gimnema silvestre<\/strong> - kandaki fizyolojik \u015feker seviyesini korur; v\u00fccudun tatl\u0131 ihtiyac\u0131n\u0131 n\u00f6tralize eder\/azalt\u0131r; pankreas\u0131n \u03b2 h\u00fccrelerinden ins\u00fclin sal\u0131n\u0131m\u0131n\u0131 artt\u0131r\u0131r, h\u00fccrelere glikoz al\u0131m\u0131n\u0131 artt\u0131r\u0131r ve glikozun ba\u011f\u0131rsaktan emilimini azalt\u0131r.<\/span><\/p>\n<p><span style=\"color: #000000;\"><strong>Momordica charantia (\u201egorka tikvica\u201c)<\/strong> - Meyvelerinde ins\u00fcline benzer etki g\u00f6steren antidiyabetik \u00f6zelliklere sahip aktif maddeler bulunur.<\/span><\/p>\n<p><span style=\"color: #000000;\"><strong>Tar\u00e7\u0131n kabu\u011fu ekstresi<\/strong> - \u0130ns\u00fclin aktivitesini art\u0131r\u0131r ve serbest glikozu kullanarak kaslarda glikojen sentezine kat\u0131l\u0131r.<\/span><\/p>\n<p><span style=\"color: #000000;\"><strong>Alfa lipoik asit<\/strong> - glikoz d\u00f6n\u00fc\u015f\u00fcm\u00fc s\u00fcrecine kat\u0131lmak; do\u011fal antioksidan; diyabetik n\u00f6ropatinin geli\u015fimini yava\u015flat\u0131r.<\/span><\/p>\n<p><span style=\"color: #000000;\"><strong>Krom <\/strong>- \u0130ns\u00fclinin etkisini art\u0131rarak glikozun normal kullan\u0131m\u0131n\u0131 destekler.<\/span><\/p>\n<p><span style=\"color: #000000;\"><strong>\u00dcr\u00fcn \u015funlar\u0131 i\u00e7ermez: gluten, s\u00fct t\u00fcrevleri, laktoz ve GDO'lar.<\/strong><\/span><\/p>\n<p><span style=\"color: #000000;\"><strong>\u00dcr\u00fcn vegan beslenmeye uygundur.<\/strong><\/span><\/p>\n<p><span style=\"color: #000000;\"><strong>\u00dcr\u00fcn S\u0131rbistan Cumhuriyeti Sa\u011fl\u0131k Bakanl\u0131\u011f\u0131 veri taban\u0131nda kay\u0131tl\u0131d\u0131r.<\/strong><\/span><\/p>\n<p><span style=\"color: #000000;\"><em>Uyar\u0131: \u015eeker hastalar\u0131n\u0131n \u00fcr\u00fcn\u00fc almadan \u00f6nce doktorlar\u0131na veya eczac\u0131lar\u0131na dan\u0131\u015fmalar\u0131 gerekmektedir. Planlanm\u0131\u015f bir cerrahi m\u00fcdahale durumunda, m\u00fcdahaleden 2 hafta \u00f6nce kullan\u0131m\u0131n durdurulmas\u0131 tavsiye edilir.<\/em><\/span><\/p>\n<p><span style=\"color: #000000;\"><strong>Aktif maddeler ve eylem<\/strong><\/span><\/p>\n<p><span style=\"color: #000000;\">Ac\u0131 kabak (Momordica charantia) stand\u0131n\u0131n meyvesinin kuru ekstrakt\u0131. %3 ac\u0131 maddeler \u2026\u2026\u2026\u2026\u2026\u2026\u2026. 150 mg\u00a0\u00a0\u00a0\u00a0\u00a0\u00a0\u00a0\u00a0\u00a0\u00a0\u00a0<\/span><\/p>\n<p><span style=\"color: #000000;\">Gymnema yapra\u011f\u0131n\u0131n (Gymnema silvestris) kuru ekstrakt\u0131, stand. gymnemik asit \u2026\u2026\u2026\u2026\u2026\u2026\u2026\u2026 150 mg<\/span><\/p>\n<p><span style=\"color: #000000;\">Tar\u00e7\u0131n kabu\u011funun kuru ekstrakt\u0131 (Cinnamomum zeylandicum ilac\u0131\/ekstresi 4:1) \u2026\u2026\u2026\u2026\u2026\u2026\u2026\u2026\u2026.. 125 mg<\/span><\/p>\n<p><span style=\"color: #000000;\">Alfa-lipoik asit \u2026\u2026\u2026\u2026\u2026\u2026\u2026.. 100 mg<\/span><\/p>\n<p><span style=\"color: #000000;\">Krom \u2026\u2026\u2026\u2026\u2026\u2026\u2026\u2026\u2026 100 \u00b5g<\/span><\/p>\n<p><span style=\"color: #000000;\"><strong>Kullan\u0131m \u015fekli: <\/strong>G\u00fcnde 2 tableti yemeklerden 15 dakika \u00f6nce bir bardak su ile al\u0131n\u0131z (tercihen \u00f6\u011fle yeme\u011finden \u00f6nce 1 tablet ve ak\u015fam yeme\u011finden \u00f6nce 1 tablet).<\/span><\/p>\n<p><span style=\"color: #000000;\"><strong>Ambalajlama: <\/strong>30 tablet<\/span><\/p>","protected":false},"featured_media":4878,"comment_status":"open","ping_status":"closed","template":"","meta":{"slim_seo":{"title":"NOGLIC - Dr Kozarev Cosmedics","description":"NOGLIC\u00ae je klini\u010dki testiran dijetetski suplement (dodatak ishrani) sa ekstraktima gorke tikvice, gimneme i cimeta, oboga\u0107en dodatkom alfa-lipoinske kiseline i"}},"product_brand":[],"product_cat":[73,92],"product_tag":[],"class_list":{"0":"post-4877","1":"product","2":"type-product","3":"status-publish","4":"has-post-thumbnail","6":"product_cat-esi","7":"product_cat-esi-suplementi","9":"first","10":"instock","11":"shipping-taxable","12":"purchasable","13":"product-type-simple"},"_links":{"self":[{"href":"https:\/\/drkozarevcosmedics.com\/tr\/wp-json\/wp\/v2\/product\/4877","targetHints":{"allow":["GET"]}}],"collection":[{"href":"https:\/\/drkozarevcosmedics.com\/tr\/wp-json\/wp\/v2\/product"}],"about":[{"href":"https:\/\/drkozarevcosmedics.com\/tr\/wp-json\/wp\/v2\/types\/product"}],"replies":[{"embeddable":true,"href":"https:\/\/drkozarevcosmedics.com\/tr\/wp-json\/wp\/v2\/comments?post=4877"}],"version-history":[{"count":1,"href":"https:\/\/drkozarevcosmedics.com\/tr\/wp-json\/wp\/v2\/product\/4877\/revisions"}],"predecessor-version":[{"id":4879,"href":"https:\/\/drkozarevcosmedics.com\/tr\/wp-json\/wp\/v2\/product\/4877\/revisions\/4879"}],"wp:featuredmedia":[{"embeddable":true,"href":"https:\/\/drkozarevcosmedics.com\/tr\/wp-json\/wp\/v2\/media\/4878"}],"wp:attachment":[{"href":"https:\/\/drkozarevcosmedics.com\/tr\/wp-json\/wp\/v2\/media?parent=4877"}],"wp:term":[{"taxonomy":"product_brand","embeddable":true,"href":"https:\/\/drkozarevcosmedics.com\/tr\/wp-json\/wp\/v2\/product_brand?post=4877"},{"taxonomy":"product_cat","embeddable":true,"href":"https:\/\/drkozarevcosmedics.com\/tr\/wp-json\/wp\/v2\/product_cat?post=4877"},{"taxonomy":"product_tag","embeddable":true,"href":"https:\/\/drkozarevcosmedics.com\/tr\/wp-json\/wp\/v2\/product_tag?post=4877"}],"curies":[{"name":"wp","href":"https:\/\/api.w.org\/{rel}","templated":true}]}}