{"id":4850,"date":"2024-05-11T21:36:46","date_gmt":"2024-05-11T21:36:46","guid":{"rendered":"https:\/\/drkozarevcosmedics.com\/?post_type=product&#038;p=4850"},"modified":"2024-12-19T12:52:57","modified_gmt":"2024-12-19T12:52:57","slug":"rigenforte-biotinax-koncentrovani-losion-u-ampulama","status":"publish","type":"product","link":"https:\/\/drkozarevcosmedics.com\/tr\/product\/rigenforte-biotinax-koncentrovani-losion-u-ampulama\/","title":{"rendered":"Rigenforte Biotinax ampullerde konsantre losyon"},"content":{"rendered":"","protected":false},"excerpt":{"rendered":"<p><span style=\"color: #000000;\"><strong>BIOTINAX TECHNOLOGY<\/strong><\/span><\/p>\n<p><span style=\"color: #000000;\">monodoz ampuller 12x10ml<\/span><\/p>\n<p><span style=\"color: #000000;\">Rigenforte konsantre losyon sa\u00e7 d\u00f6k\u00fclmesine kar\u015f\u0131 etkili bir tedavidir. Sa\u00e7lar\u0131 ve sa\u00e7 k\u00f6klerini besleyen, tonland\u0131ran ve g\u00fc\u00e7lendiren bile\u015fenler a\u00e7\u0131s\u0131ndan zengindir. Sa\u00e7 d\u00f6k\u00fclmesini \u00f6nlemek i\u00e7in tasarlanm\u0131\u015ft\u0131r ve ayn\u0131 zamanda sa\u00e7 derisinin ve sa\u00e7\u0131n g\u00fc\u00e7lendirilmesine de katk\u0131da bulunur. Bu losyonla sa\u00e7 derisine masaj yapmak, sa\u00e7lar\u0131n incelmesini ve d\u00f6k\u00fclmesini \u00f6nler, sa\u00e7 k\u00f6klerinin fizyolojik fonksiyonunu canland\u0131r\u0131r.<\/span><\/p>\n<p><span style=\"color: #000000;\">\u00dc\u00e7 ay boyunca a\u015f\u0131r\u0131 sa\u00e7 d\u00f6k\u00fclmesi sorunu olan 20 kat\u0131l\u0131mc\u0131 (erkek ve kad\u0131n) \u00fczerinde \u0130talyan \u00dcniversitesi ile i\u015fbirli\u011fi i\u00e7inde ger\u00e7ekle\u015ftirilen klinik test*, kepek, tahri\u015f, sebum \u00fcretiminde azalma, sa\u00e7 d\u00f6k\u00fclmesinin durdu\u011fu ve sa\u00e7lar\u0131n g\u00fc\u00e7lendi\u011fini g\u00f6sterdi.<\/span><\/p>\n<p>&nbsp;<\/p>\n<p><span style=\"color: #000000;\"><strong><em>Klinik \u00e7al\u0131\u015fma sonu\u00e7lar\u0131:<\/em><\/strong><\/span><\/p>\n<p><span style=\"color: #000000;\">\u00a0 \u00a0 \u00a0 \u00a0 \u00a0 \u00a0 \u00a0 \u00a0 \u00a0 \u00a0 \u00a0 \u00a0 \u00a0 \u00a0 \u00a0 \u00a0 \u00a0 \u00a0 \u00a0 \u00a0 \u00a0 \u00a0 \u00a0 \u00a0 \u00a0 \u00a0 \u00a0 \u00a0 \u00a0 \u00a0 \u00a0 \u00a0 \u00a0 \u00a0 \u00a0 \u00a0 \u00a0 60 g\u00fcn sonra \u00a0\u00a0\u00a0\u00a0\u00a0\u00a0\u00a0\u00a0\u00a0\u00a0\u00a0\u00a0\u00a0\u00a0\u00a0     90 g\u00fcn sonra<\/span><\/p>\n<p><span style=\"color: #000000;\">y\u0131kama s\u0131ras\u0131nda sa\u00e7 d\u00f6k\u00fclmesi\u00a0\u00a0\u00a0\u00a0\u00a0\u00a0\u00a0\u00a0\u00a0\u00a0\u00a0\u00a0\u00a0\u00a0\u00a0 -57%\u00a0\u00a0\u00a0\u00a0\u00a0\u00a0\u00a0\u00a0\u00a0\u00a0\u00a0\u00a0\u00a0\u00a0\u00a0\u00a0\u00a0\u00a0\u00a0\u00a0\u00a0\u00a0\u00a0\u00a0\u00a0\u00a0\u00a0\u00a0\u00a0\u00a0\u00a0\u00a0 -59%<\/span><\/p>\n<p><span style=\"color: #000000;\">pullanma ve ka\u015f\u0131nt\u0131\u00a0 \u00a0 \u00a0 \u00a0 \u00a0 \u00a0 \u00a0 \u00a0 \u00a0 \u00a0 \u00a0 \u00a0 \u00a0 \u00a0 \u00a0 \u00a0 \u00a0 \u00a0 \u00a0 \u00a0 \u00a0 \u00a0 \u00a0-75%\u00a0 \u00a0 \u00a0 \u00a0 \u00a0 \u00a0 \u00a0 \u00a0 \u00a0 \u00a0 \u00a0 \u00a0 \u00a0 \u00a0 \u00a0 \u00a0 \u00a0-85%<\/span><\/p>\n<p><span style=\"color: #000000;\">sa\u00e7 mukavemeti **\u00a0 \u00a0 \u00a0 \u00a0 \u00a0 \u00a0 \u00a0 \u00a0 \u00a0 \u00a0 \u00a0 \u00a0 \u00a0 \u00a0 \u00a0 \u00a0 \u00a0 \u00a0 \u00a0 \u00a0 \u00a0 \u00a0 \u00a0 \u00a0 \u00a0 \u00a0 +41%\u00a0\u00a0\u00a0\u00a0\u00a0\u00a0\u00a0\u00a0\u00a0\u00a0\u00a0\u00a0\u00a0\u00a0\u00a0\u00a0\u00a0\u00a0\u00a0\u00a0\u00a0\u00a0\u00a0\u00a0\u00a0\u00a0\u00a0\u00a0\u00a0\u00a0\u00a0\u00a0 +51%<\/span><\/p>\n<p>&nbsp;<\/p>\n<p><span style=\"color: #000000;\">*klinik bir \u00e7al\u0131\u015fmada sa\u00e7 d\u00f6k\u00fclmesini \u00f6nlemek ve durdurmak i\u00e7in Rigenforte ampulleri ve sa\u00e7 d\u00f6k\u00fclmesine kar\u015f\u0131 \u015fampuan kullan\u0131m\u0131 birle\u015ftirildi.<\/span><\/p>\n<p><span style=\"color: #000000;\">** Sa\u00e7\u0131n g\u00fcc\u00fc, sa\u00e7 derisine olan s\u0131k\u0131l\u0131\u011f\u0131n\u0131 ifade eder ve \u00e7ekme testi ile belirlenir.<\/span><\/p>\n<p><span style=\"color: #000000;\"><em>\u00dcr\u00fcn \u015funlar\u0131 i\u00e7ermez: boyalar, parabenler ve silikonlar. Dermatolojik olarak test edilmi\u015ftir.<\/em><\/span><\/p>\n<p><span style=\"color: #000000;\"><strong>Kompozisyon:<\/strong><\/span><\/p>\n<p><span style=\"color: #000000;\">Aktif maddeler:<\/span><\/p>\n<ul>\n<li><span style=\"color: #000000;\"><strong>Biotinax\u00ae ESI'nin biyotin (H vitamini), metiyonin ve sistin i\u00e7eren patentli form\u00fcl\u00fc. <\/strong>Metiyonin ve sistin, sa\u00e7\u0131n keratin yap\u0131s\u0131n\u0131 g\u00fc\u00e7lendiren, ona s\u0131k\u0131l\u0131k ve elastikiyet kazand\u0131ran k\u00fck\u00fcrtl\u00fc amino asitlerdir. Biotin, sebum \u00fcretimini dengeler ve b\u00f6ylece a\u015f\u0131r\u0131 salg\u0131lanmas\u0131na (seboreik dermatit, kepek g\u00f6r\u00fcn\u00fcm\u00fc) veya yetersiz salg\u0131lanmas\u0131na (parlakl\u0131k kayb\u0131, a\u015f\u0131r\u0131 kuruma) neden olan sorunlar\u0131 ortadan kald\u0131r\u0131r.<\/span><\/li>\n<li><span style=\"color: #000000;\"><strong>Capixyl TM <\/strong>asetil tetrapeptid ve k\u0131rm\u0131z\u0131 yonca ekstrakt\u0131n\u0131n bir kar\u0131\u015f\u0131m\u0131. Sa\u00e7 d\u00f6k\u00fclmesine yol a\u00e7an ana fakt\u00f6rlere etki eder. Capixyl TM, 5-alfa red\u00fcktaz enziminin aktivitesini inhibe eder, b\u00f6ylece androjenik tipte alopesiden sorumlu olan DHT \u00fcretimini azalt\u0131r. Sa\u00e7 folik\u00fcllerinin erken minyat\u00fcrle\u015fmesini bast\u0131r\u0131r ve sa\u00e7\u0131n sa\u00e7 derisine tutunmas\u0131n\u0131 iyile\u015ftirir, b\u00f6ylece sa\u00e7 k\u00f6klerinden erken sa\u00e7 d\u00f6k\u00fclmesini \u00f6nler. CapixylTM rahatlat\u0131c\u0131 bir etkiye sahiptir ve sa\u00e7 derisindeki iltihaplanmay\u0131 ve tahri\u015fi \u00f6nler.<\/span><\/li>\n<li><span style=\"color: #000000;\"><strong>K\u00f6k H\u00fccreler \u2013 <\/strong>sa\u00e7 k\u00f6k\u00fc ve k\u00f6k\u00fcn\u00fcn yenilenmesini te\u015fvik eder. Uygulamal\u0131 Bilimler Dergisi'nde yay\u0131nlanan bir ara\u015ft\u0131rmaya g\u00f6re, \u0130svi\u00e7re elmas\u0131 <em>Uttwiler<\/em> kelli\u011fe yatk\u0131nl\u0131\u011f\u0131 olan ki\u015filerde epidermal h\u00fccrelerin ya\u015flanmas\u0131n\u0131 yava\u015flatabilen, h\u00fccrelerin \u00f6mr\u00fcn\u00fc uzatabilen ve sa\u00e7lar\u0131n yeniden b\u00fcy\u00fcmesini aktive edebilen aktif bir prensip i\u00e7erir. Sa\u00e7l\u0131 derideki k\u0131l folik\u00fclleri asl\u0131nda cilt k\u00f6k h\u00fccrelerinin ger\u00e7ek rezervuar\u0131d\u0131r. Elma k\u00f6k h\u00fccrelerinin \u00f6zelliklerinden biri epidermisin bazal tabakas\u0131ndaki h\u00fccrelerle etkile\u015fimidir. Elma k\u00f6k h\u00fccreleri, dermis h\u00fccreleriyle etkile\u015fime girdikleri dermise n\u00fcfuz edebilir; sa\u00e7 folik\u00fcl\u00fc \u00fczerinde g\u00fc\u00e7l\u00fc bir yenileyici ve yeniden aktive edici etki g\u00f6sterir, sa\u00e7\u0131n yeniden b\u00fcy\u00fcmesini te\u015fvik eder ve sa\u00e7 d\u00f6k\u00fclmesini \u00f6nler, b\u00f6ylece fizyolojik sa\u00e7 folik\u00fcl\u00fc ya\u015flanmas\u0131n\u0131n g\u00f6r\u00fcn\u00fcm\u00fcn\u00fc geciktirir. Elman\u0131n bu \u00f6zel \u00e7e\u015fitleri olan k\u00f6k h\u00fccreler, kozmetik alan\u0131nda, \"ya\u015flanma kar\u015f\u0131t\u0131\" \u00fcr\u00fcnlerde h\u00fccrelerin \"yenileyicileri\" olarak ve sa\u00e7 d\u00f6k\u00fclmesini etkileme yetenekleri sayesinde sa\u00e7 d\u00f6k\u00fclmesini \u00f6nleyici etkiye sahip olan \u00fcr\u00fcnlerde uygulama alan\u0131 bulmu\u015ftur. H\u00fccre yenileme ve koruma mekanizmalar\u0131. \u00a0<\/span><\/li>\n<\/ul>\n<p><span style=\"color: #000000;\"><strong>Ambalajlama: <\/strong>12 ampul x 10ml<\/span><\/p>\n<p><span style=\"color: #000000;\"><strong>Kullan\u0131m \u015fekli: <\/strong>Ampul\u00fcn tamam\u0131n\u0131 g\u00fcnl\u00fck olarak kuru veya \u0131slak sa\u00e7a uygulay\u0131n ve tamamen emilene kadar masaj yap\u0131n. Durulamay\u0131n. Ampuller tek kullan\u0131ml\u0131kt\u0131r; i\u00e7indekileri a\u00e7\u0131ld\u0131ktan hemen sonra kullan\u0131n! \u00c7abuk kurur, sa\u00e7\u0131 ya\u011fland\u0131rmaz, a\u011f\u0131rla\u015ft\u0131rmaz, ho\u015f kokulu ve temiz b\u0131rak\u0131r. En iyi sonu\u00e7lar Rigenforte sa\u00e7 d\u00f6k\u00fclmesine kar\u015f\u0131 \u015fampuanla birlikte kullan\u0131ld\u0131\u011f\u0131nda elde edilir. Tedavi s\u00fcresi: \u0130lk 12 hafta boyunca her g\u00fcn ampul uygulanmas\u0131, daha sonra haftada 1-2 ampul uygulanmas\u0131 \u00f6nerilir. Sa\u011fl\u0131kl\u0131 ve g\u00fc\u00e7l\u00fc sa\u00e7lara sahip olmak i\u00e7in bu bak\u0131m\u0131 y\u0131lda 2-3 kez uygulay\u0131n.<\/span><\/p>","protected":false},"featured_media":4851,"comment_status":"open","ping_status":"closed","template":"","meta":{"slim_seo":{"title":"Rigenforte Biotinax koncentrovani losion u ampulama - Dr Kozarev Cosmedics","description":"BIOTINAX TECHNOLOGY monodozne ampule 12x10ml Koncentrovani losion Rigenforte predstavlja efikasan tretman protiv opadanja kose. Bogat je sastojcima koji hrane,"}},"product_brand":[],"product_cat":[73,91],"product_tag":[],"class_list":{"0":"post-4850","1":"product","2":"type-product","3":"status-publish","4":"has-post-thumbnail","6":"product_cat-esi","7":"product_cat-rigenforte-program","9":"first","10":"instock","11":"shipping-taxable","12":"purchasable","13":"product-type-simple"},"_links":{"self":[{"href":"https:\/\/drkozarevcosmedics.com\/tr\/wp-json\/wp\/v2\/product\/4850","targetHints":{"allow":["GET"]}}],"collection":[{"href":"https:\/\/drkozarevcosmedics.com\/tr\/wp-json\/wp\/v2\/product"}],"about":[{"href":"https:\/\/drkozarevcosmedics.com\/tr\/wp-json\/wp\/v2\/types\/product"}],"replies":[{"embeddable":true,"href":"https:\/\/drkozarevcosmedics.com\/tr\/wp-json\/wp\/v2\/comments?post=4850"}],"version-history":[{"count":3,"href":"https:\/\/drkozarevcosmedics.com\/tr\/wp-json\/wp\/v2\/product\/4850\/revisions"}],"predecessor-version":[{"id":6516,"href":"https:\/\/drkozarevcosmedics.com\/tr\/wp-json\/wp\/v2\/product\/4850\/revisions\/6516"}],"wp:featuredmedia":[{"embeddable":true,"href":"https:\/\/drkozarevcosmedics.com\/tr\/wp-json\/wp\/v2\/media\/4851"}],"wp:attachment":[{"href":"https:\/\/drkozarevcosmedics.com\/tr\/wp-json\/wp\/v2\/media?parent=4850"}],"wp:term":[{"taxonomy":"product_brand","embeddable":true,"href":"https:\/\/drkozarevcosmedics.com\/tr\/wp-json\/wp\/v2\/product_brand?post=4850"},{"taxonomy":"product_cat","embeddable":true,"href":"https:\/\/drkozarevcosmedics.com\/tr\/wp-json\/wp\/v2\/product_cat?post=4850"},{"taxonomy":"product_tag","embeddable":true,"href":"https:\/\/drkozarevcosmedics.com\/tr\/wp-json\/wp\/v2\/product_tag?post=4850"}],"curies":[{"name":"wp","href":"https:\/\/api.w.org\/{rel}","templated":true}]}}