{"id":4826,"date":"2024-05-11T21:24:14","date_gmt":"2024-05-11T21:24:14","guid":{"rendered":"https:\/\/drkozarevcosmedics.com\/?post_type=product&#038;p=4826"},"modified":"2026-04-15T11:37:46","modified_gmt":"2026-04-15T11:37:46","slug":"fermental","status":"publish","type":"product","link":"https:\/\/drkozarevcosmedics.com\/tr\/product\/fermental\/","title":{"rendered":"Fermental"},"content":{"rendered":"","protected":false},"excerpt":{"rendered":"<p><span style=\"color: #000000;\">Fermental, faydal\u0131 etkileri birle\u015ftiren e\u015fsiz bir \u00fcr\u00fcnd\u00fcr <strong>5 farkl\u0131 probiyotik t\u00fcr\u00fc<\/strong> anti-inflamatuar etki ile <strong>aloe ve B grubu vitaminleri<\/strong>, ba\u011f\u0131rsak sisteminin fizyolojik i\u015fleyi\u015fine ve s\u0131kl\u0131kla diyet veya antibiyotik tedavisi nedeniyle bozulan bakteri floras\u0131n\u0131n dengesine faydal\u0131d\u0131r. Form\u00fcl\u00fc, mide koruyucu s\u00fct fermentleri (gastroguard) i\u00e7erir; bu, mideden hasar g\u00f6rmeden ge\u00e7erek ba\u011f\u0131rsak yoluna ula\u015ft\u0131klar\u0131 ve burada karakteristik faydal\u0131 \u00f6zelliklerini sergiledikleri anlam\u0131na gelir, bu da \u00fcr\u00fcne ba\u011f\u0131rsak d\u00fczeyinde g\u00fcvenli bir etki kazand\u0131r\u0131r.<\/span><\/p>\n<p><span style=\"color: #000000;\">\u00c7ok say\u0131da ara\u015ft\u0131rma ve klinik \u00e7al\u0131\u015fma, probiyotiklerin antibiyotik kullan\u0131m\u0131, rotavir\u00fcs enfeksiyonu ve kemoterapi nedeniyle olu\u015fan ishallerin yan\u0131 s\u0131ra seyahat s\u0131ras\u0131nda olu\u015fan ishallerin s\u0131kl\u0131\u011f\u0131n\u0131 ve s\u00fcresini azaltt\u0131\u011f\u0131n\u0131 kan\u0131tlam\u0131\u015ft\u0131r.<\/span><\/p>\n<p><span style=\"color: #000000;\">Fermental kaps\u00fcllerde probiyotiklerin B grubu vitaminleri ve aloe ile e\u015fsiz bir kombinasyonu:<\/span><\/p>\n<ul>\n<li><span style=\"color: #000000;\">\u00a0ishali durdurur ve tahrip olmu\u015f ba\u011f\u0131rsak mikrofloras\u0131n\u0131 onar\u0131r<\/span><\/li>\n<li><span style=\"color: #000000;\">ishalin neden olabilece\u011fi B vitamini eksikli\u011fini \u00f6nler<\/span><\/li>\n<li><span style=\"color: #000000;\">Helicobacter pylori enfeksiyonunu azalt\u0131r<\/span><\/li>\n<li><span style=\"color: #000000;\">alerjik reaksiyonlar\u0131n semptomlar\u0131n\u0131 hafifletir<\/span><\/li>\n<li><span style=\"color: #000000;\">kolit ve irritabl kolon \u00fczerinde faydal\u0131 bir etkiye sahiptir<\/span><\/li>\n<li><span style=\"color: #000000;\">kolonda kanser \u00f6ncesi enzimlerin olu\u015fumunu \u00f6nler<\/span><\/li>\n<li><span style=\"color: #000000;\">Ba\u011f\u0131\u015f\u0131kl\u0131k sisteminin normal i\u015fleyi\u015fi \u00fczerinde olumlu bir etkiye sahiptir<\/span><\/li>\n<\/ul>\n<p>&nbsp;<\/p>\n<p><span style=\"color: #000000;\"><em>Gluten ve GDO i\u00e7ermez.<\/em><\/span><\/p>\n<p><span style=\"color: #000000;\"><em>\u00dcr\u00fcn vejetaryen beslenmeye uyarlanm\u0131\u015ft\u0131r.<\/em><\/span><\/p>\n<p><span style=\"color: #000000;\"><strong>\u00dcr\u00fcn S\u0131rbistan Cumhuriyeti Sa\u011fl\u0131k Bakanl\u0131\u011f\u0131 veri taban\u0131nda kay\u0131tl\u0131d\u0131r.<\/strong><\/span><\/p>\n<p><span style=\"color: #000000;\"><strong>Aktif maddeler<\/strong><\/span><\/p>\n<p><span style=\"color: #000000;\">Aloe vera \u00f6z\u00fc 200:1 \u2026\u2026\u2026\u2026 20 mg<\/span><\/p>\n<p><span style=\"color: #000000;\">Niacin (vitamin PP) &#8230;&#8230;&#8230;&#8230;&#8230;&#8230;&#8230; 5,4 mg<\/span><\/p>\n<p><span style=\"color: #000000;\">Vit B5 &#8230;&#8230;&#8230;&#8230;&#8230;&#8230;&#8230;&#8230;&#8230;&#8230;&#8230;&#8230;&#8230;.. 1,8 mg<\/span><\/p>\n<p><span style=\"color: #000000;\">Vit B6 &#8230;&#8230;&#8230;&#8230;&#8230;&#8230;&#8230;&#8230;&#8230;&#8230;&#8230;&#8230;&#8230;&#8230; 0,6 mg<\/span><\/p>\n<p><span style=\"color: #000000;\">Vit B2 &#8230;&#8230;&#8230;&#8230;&#8230;&#8230;&#8230;&#8230;&#8230;&#8230;&#8230;&#8230;&#8230;&#8230; 0,48mg<\/span><\/p>\n<p><span style=\"color: #000000;\">Vit B1 &#8230;&#8230;&#8230;&#8230;&#8230;&#8230;&#8230;&#8230;&#8230;&#8230;&#8230;&#8230;&#8230;. 0,42mg<\/span><\/p>\n<p><span style=\"color: #000000;\">Probiyotik bakteri kar\u0131\u015f\u0131m\u0131 \u2026\u2026\u2026\u2026.. 2 milyardan az de\u011fil<\/span><\/p>\n<p><span style=\"color: #000000;\">(L.rhamnosus, L.acidophilus, S.thermophilus, B.bifidum, L.bulgaricus)<\/span><\/p>\n<p><span style=\"color: #000000;\"><strong>Kullan\u0131m \u015fekli: <\/strong>G\u00fcnde 1 kaps\u00fcl<\/span><\/p>\n<p><span style=\"color: #000000;\"><strong>Ambalajlama: <\/strong>15 Naturcaps\u00ae kaps\u00fcl.<\/span><\/p>\n<p><span style=\"color: #000000;\">Naturcaps\u00ae kaps\u00fclleri jelatin ve yapay renklendirici i\u00e7ermeyen sel\u00fcloz bitki kaps\u00fclleridir.<\/span><\/p>","protected":false},"featured_media":4827,"comment_status":"open","ping_status":"closed","template":"","meta":{"slim_seo":{"title":"Fermental - Dr Kozarev Cosmedics","description":"Fermental je jedinstveni proizvod koji u sebi objedinjuje korisne efekte 5 razli\u010ditih sojeva probiotika sa protivupalnim delovanjem aloje i vitaminima B grupe ,"}},"product_brand":[],"product_cat":[73,92],"product_tag":[],"class_list":{"0":"post-4826","1":"product","2":"type-product","3":"status-publish","4":"has-post-thumbnail","6":"product_cat-esi","7":"product_cat-esi-suplementi","9":"first","10":"instock","11":"shipping-taxable","12":"purchasable","13":"product-type-simple"},"_links":{"self":[{"href":"https:\/\/drkozarevcosmedics.com\/tr\/wp-json\/wp\/v2\/product\/4826","targetHints":{"allow":["GET"]}}],"collection":[{"href":"https:\/\/drkozarevcosmedics.com\/tr\/wp-json\/wp\/v2\/product"}],"about":[{"href":"https:\/\/drkozarevcosmedics.com\/tr\/wp-json\/wp\/v2\/types\/product"}],"replies":[{"embeddable":true,"href":"https:\/\/drkozarevcosmedics.com\/tr\/wp-json\/wp\/v2\/comments?post=4826"}],"version-history":[{"count":1,"href":"https:\/\/drkozarevcosmedics.com\/tr\/wp-json\/wp\/v2\/product\/4826\/revisions"}],"predecessor-version":[{"id":4828,"href":"https:\/\/drkozarevcosmedics.com\/tr\/wp-json\/wp\/v2\/product\/4826\/revisions\/4828"}],"wp:featuredmedia":[{"embeddable":true,"href":"https:\/\/drkozarevcosmedics.com\/tr\/wp-json\/wp\/v2\/media\/4827"}],"wp:attachment":[{"href":"https:\/\/drkozarevcosmedics.com\/tr\/wp-json\/wp\/v2\/media?parent=4826"}],"wp:term":[{"taxonomy":"product_brand","embeddable":true,"href":"https:\/\/drkozarevcosmedics.com\/tr\/wp-json\/wp\/v2\/product_brand?post=4826"},{"taxonomy":"product_cat","embeddable":true,"href":"https:\/\/drkozarevcosmedics.com\/tr\/wp-json\/wp\/v2\/product_cat?post=4826"},{"taxonomy":"product_tag","embeddable":true,"href":"https:\/\/drkozarevcosmedics.com\/tr\/wp-json\/wp\/v2\/product_tag?post=4826"}],"curies":[{"name":"wp","href":"https:\/\/api.w.org\/{rel}","templated":true}]}}