{"id":8031,"date":"2026-05-07T18:15:53","date_gmt":"2026-05-07T18:15:53","guid":{"rendered":"https:\/\/drkozarevcosmedics.com\/?post_type=product&#038;p=8031"},"modified":"2026-05-07T18:15:54","modified_gmt":"2026-05-07T18:15:54","slug":"exo-fusion-face-cream-biostimulativna-krema-za-lice-sa-egzozomima-50ml","status":"publish","type":"product","link":"https:\/\/drkozarevcosmedics.com\/en\/product\/exo-fusion-face-cream-biostimulativna-krema-za-lice-sa-egzozomima-50ml\/","title":{"rendered":"Exo Fusion Face Cream &#8211; Biostimulativna krema za lice sa egzozomima (50ml)"},"content":{"rendered":"","protected":false},"excerpt":{"rendered":"<p>Specijalizovana revitalizuju\u0107a krema bogate, svilenkaste teksture. Njenu efikasnost pokre\u0107u egzozomi, koji ubrzavaju regeneraciju ko\u017ee nakon perioda neadekvatne nege ili kozmeti\u010dkih procedura, kao \u0161to su hemijski pilinzi, mikronidling (microneedling) ili invazivniji estetski tretmani.<\/p>\n<p>Zahvaljuju\u0107i sfingolipidima i skvalanu, krema ja\u010da za\u0161titnu barijeru ko\u017ee, dok hijaluronska kiselina i arginin pru\u017eaju dugotrajnu hidrataciju. Napredni biomimeti\u010dki peptid zagla\u0111uje ko\u017eu i smanjuje vidljivost.<\/p>\n<p><strong>How to use:<\/strong><\/p>\n<p>Kremu naneti na ko\u017eu lica, nakon \u010di\u0161\u0107enja i toniranja. Malu koli\u010dinu umasirati do potpune apsorpcije. Za poja\u010dan efekat koristiti u kombinaciji sa<a href=\"https:\/\/drkozarevcosmedics.com\/en\/product\/exo-fusion-eye-cream-biostimulativna-krema-za-ocnu-regiju-sa-egzosomima-15ml\/\"> Exo Fusion eye Cream (180)<\/a>.<\/p>\n<p><strong>Aktivne supstance:<\/strong><\/p>\n<ul>\n<li>Egzosomi iz gorke dinje<\/li>\n<li>Sfingolipidi<\/li>\n<li>Ceramidi<\/li>\n<li>Biomimeti\u010dki peptidi<\/li>\n<li>Hyaluronic acid<\/li>\n<li>Vitamin A<\/li>\n<li>Arginine<\/li>\n<\/ul>\n<p><strong>Efekti:<\/strong><\/p>\n<ul>\n<li>Stimuli\u0161e regeneraciju ko\u017ee<\/li>\n<li>Ja\u010da za\u0161titnu barijeru ko\u017ee<\/li>\n<li>Ubla\u017eava vidljivost znakova starenja na licu<\/li>\n<li>Obnavlja blistavost<\/li>\n<\/ul>","protected":false},"featured_media":8032,"comment_status":"closed","ping_status":"closed","template":"","meta":{"slim_seo":{"title":"Exo Fusion Face Cream - Biostimulativna krema za lice sa egzozomima (50ml) - Dr Kozarev Cosmedics","description":"Specijalizovana revitalizuju\u0107a krema bogate, svilenkaste teksture. Njenu efikasnost pokre\u0107u egzozomi, koji ubrzavaju regeneraciju ko\u017ee nakon perioda neadekvatne"}},"product_brand":[],"product_cat":[148],"product_tag":[],"class_list":{"0":"post-8031","1":"product","2":"type-product","3":"status-publish","4":"has-post-thumbnail","6":"product_cat-purles","8":"first","9":"instock","10":"shipping-taxable","11":"purchasable","12":"product-type-simple"},"_links":{"self":[{"href":"https:\/\/drkozarevcosmedics.com\/en\/wp-json\/wp\/v2\/product\/8031","targetHints":{"allow":["GET"]}}],"collection":[{"href":"https:\/\/drkozarevcosmedics.com\/en\/wp-json\/wp\/v2\/product"}],"about":[{"href":"https:\/\/drkozarevcosmedics.com\/en\/wp-json\/wp\/v2\/types\/product"}],"replies":[{"embeddable":true,"href":"https:\/\/drkozarevcosmedics.com\/en\/wp-json\/wp\/v2\/comments?post=8031"}],"version-history":[{"count":1,"href":"https:\/\/drkozarevcosmedics.com\/en\/wp-json\/wp\/v2\/product\/8031\/revisions"}],"predecessor-version":[{"id":8033,"href":"https:\/\/drkozarevcosmedics.com\/en\/wp-json\/wp\/v2\/product\/8031\/revisions\/8033"}],"wp:featuredmedia":[{"embeddable":true,"href":"https:\/\/drkozarevcosmedics.com\/en\/wp-json\/wp\/v2\/media\/8032"}],"wp:attachment":[{"href":"https:\/\/drkozarevcosmedics.com\/en\/wp-json\/wp\/v2\/media?parent=8031"}],"wp:term":[{"taxonomy":"product_brand","embeddable":true,"href":"https:\/\/drkozarevcosmedics.com\/en\/wp-json\/wp\/v2\/product_brand?post=8031"},{"taxonomy":"product_cat","embeddable":true,"href":"https:\/\/drkozarevcosmedics.com\/en\/wp-json\/wp\/v2\/product_cat?post=8031"},{"taxonomy":"product_tag","embeddable":true,"href":"https:\/\/drkozarevcosmedics.com\/en\/wp-json\/wp\/v2\/product_tag?post=8031"}],"curies":[{"name":"wp","href":"https:\/\/api.w.org\/{rel}","templated":true}]}}