{"id":8016,"date":"2026-05-07T18:01:15","date_gmt":"2026-05-07T18:01:15","guid":{"rendered":"https:\/\/drkozarevcosmedics.com\/?post_type=product&#038;p=8016"},"modified":"2026-05-07T18:01:15","modified_gmt":"2026-05-07T18:01:15","slug":"brightening-base-spf50-krema-sa-spf50-i-univerzalnim-pigmentom-za-ujednacen-i-sjajan-ten-30ml","status":"publish","type":"product","link":"https:\/\/drkozarevcosmedics.com\/en\/product\/brightening-base-spf50-krema-sa-spf50-i-univerzalnim-pigmentom-za-ujednacen-i-sjajan-ten-30ml\/","title":{"rendered":"Brightening Base SPF50 &#8211; Krema sa SPF50 i univerzalnim pigmentom za ujedna\u010den i sjajan ten (30ml)"},"content":{"rendered":"","protected":false},"excerpt":{"rendered":"<p>Ovu ultra laganu kremu karakteri\u0161e multidimenzionalni pristup u nezi ko\u017ee. Uz za\u0161titni faktor SPF50 zahvaljuju\u0107i kome se spre\u010dava nastanak diskoloracija, isu\u0161enosti ko\u017ee i ranih znakova starenja, krema garantuje njenu optimalnu hidriranost. Univerzalni pigmentni faktor u sastavu kreme poma\u017ee da odmah nakon nano\u0161enja ten postane ujedna\u010deniji, a ko\u017ea izgleda sve\u017ee i blistavo. Uz dodatak alantoina poznatog po umiruju\u0107em delovanju, spre\u010dava pojavu crvenila i pru\u017ea ose\u0107aj ugodnosti tokom \u010ditavog dana.<\/p>\n<p><strong>How to use:<\/strong><\/p>\n<p>Kremu koristiti svakog jutra nakon \u010di\u0161\u0107enja lica. Malu koli\u010dinu naneti i uma- sirati u ko\u017eu. Mo\u017ee se koristiti i kao podloga za \u0161minku. U slu\u010daju intenzivnog boravka na suncu proizvod nanositi na svaka 4h ili nakon svakog kva\u0161enja.<\/p>\n<p><strong>Aktivne supstance:<\/strong><\/p>\n<ul>\n<li>Skvalan<\/li>\n<li>Soothex*<\/li>\n<\/ul>\n<p><strong>Efekti:<\/strong><\/p>\n<ul>\n<li>\u0160titi od UV zra\u010denja<\/li>\n<li>Unapre\u0111uje izgled i teksturu ko\u017ee<\/li>\n<li>Pru\u017ea produ\u017eenu hidrataciju<\/li>\n<li>Ujedna\u010dava ten<\/li>\n<li>Pru\u017ea licu podmla\u0111en i blistav izgled<\/li>\n<\/ul>","protected":false},"featured_media":8017,"comment_status":"closed","ping_status":"closed","template":"","meta":{"slim_seo":{"title":"Brightening Base SPF50 - Krema sa SPF50 i univerzalnim pigmentom za ujedna\u010den i sjajan ten (30ml) - Dr Kozarev Cosmedics","description":"Ovu ultra laganu kremu karakteri\u0161e multidimenzionalni pristup u nezi ko\u017ee. Uz za\u0161titni faktor SPF50 zahvaljuju\u0107i kome se spre\u010dava nastanak diskoloracija, isu\u0161en"}},"product_brand":[],"product_cat":[148],"product_tag":[],"class_list":{"0":"post-8016","1":"product","2":"type-product","3":"status-publish","4":"has-post-thumbnail","6":"product_cat-purles","8":"first","9":"instock","10":"shipping-taxable","11":"purchasable","12":"product-type-simple"},"_links":{"self":[{"href":"https:\/\/drkozarevcosmedics.com\/en\/wp-json\/wp\/v2\/product\/8016","targetHints":{"allow":["GET"]}}],"collection":[{"href":"https:\/\/drkozarevcosmedics.com\/en\/wp-json\/wp\/v2\/product"}],"about":[{"href":"https:\/\/drkozarevcosmedics.com\/en\/wp-json\/wp\/v2\/types\/product"}],"replies":[{"embeddable":true,"href":"https:\/\/drkozarevcosmedics.com\/en\/wp-json\/wp\/v2\/comments?post=8016"}],"version-history":[{"count":1,"href":"https:\/\/drkozarevcosmedics.com\/en\/wp-json\/wp\/v2\/product\/8016\/revisions"}],"predecessor-version":[{"id":8018,"href":"https:\/\/drkozarevcosmedics.com\/en\/wp-json\/wp\/v2\/product\/8016\/revisions\/8018"}],"wp:featuredmedia":[{"embeddable":true,"href":"https:\/\/drkozarevcosmedics.com\/en\/wp-json\/wp\/v2\/media\/8017"}],"wp:attachment":[{"href":"https:\/\/drkozarevcosmedics.com\/en\/wp-json\/wp\/v2\/media?parent=8016"}],"wp:term":[{"taxonomy":"product_brand","embeddable":true,"href":"https:\/\/drkozarevcosmedics.com\/en\/wp-json\/wp\/v2\/product_brand?post=8016"},{"taxonomy":"product_cat","embeddable":true,"href":"https:\/\/drkozarevcosmedics.com\/en\/wp-json\/wp\/v2\/product_cat?post=8016"},{"taxonomy":"product_tag","embeddable":true,"href":"https:\/\/drkozarevcosmedics.com\/en\/wp-json\/wp\/v2\/product_tag?post=8016"}],"curies":[{"name":"wp","href":"https:\/\/api.w.org\/{rel}","templated":true}]}}