{"id":7993,"date":"2026-05-07T17:40:34","date_gmt":"2026-05-07T17:40:34","guid":{"rendered":"https:\/\/drkozarevcosmedics.com\/?post_type=product&#038;p=7993"},"modified":"2026-05-07T17:40:34","modified_gmt":"2026-05-07T17:40:34","slug":"vitc-serum-perfector-serum-sa-vitaminom-c-30ml","status":"publish","type":"product","link":"https:\/\/drkozarevcosmedics.com\/en\/product\/vitc-serum-perfector-serum-sa-vitaminom-c-30ml\/","title":{"rendered":"VitC Serum Perfector &#8211; Serum sa vitaminom C (30ml)"},"content":{"rendered":"","protected":false},"excerpt":{"rendered":"<p>Sve \u0161to je potrebno ko\u017ei da u uslovima modernog stila i tempa \u017eivota ostane blistava i zdrava je VitC Serum Perfector! Trostruka formula vitamina C sna\u017eno \u0161titi ko\u017eu od \u0161tetnog uticaja okru\u017eenja koje izaziva degeneraciju DNK \u0107elija ko\u017ee i uzrokuje rano starenje. Oboga\u0107en antioksidativnim kompleksom, serum redovnom upotrebom pospe\u0161uje i mikrocirkulaciju i obilno hrani ko\u017eu. Uz savr\u0161eno ugodan ose\u0107aj na licu ko\u017ea je optimalno hidrirana, a vidljivost linija bora se posle kra\u0107eg vremena osetno ubla\u017eava.<\/p>\n<p><strong>How to use:<\/strong><\/p>\n<p>VitC Serum Perfector koristiti kao serum u nezi kod ku\u0107e. Aplikovati na \u010distu ko\u017eu lica ujutro \/ uve\u010de ispod odabrane kreme. Za maksimalne rezultate koristiti u kombinaciji sa <a href=\"https:\/\/drkozarevcosmedics.com\/en\/product\/vitc-cream-perfector-krema-sa-vitaminom-c-50ml\/\">VitC Cream Perfector-om (144)<\/a>.<\/p>\n<p><strong>Aktivne supstance:<\/strong><\/p>\n<ul>\n<li>Triple VitC Sistem<\/li>\n<li>Antioxidant Complex<\/li>\n<li>DNA Protective Active<\/li>\n<li>Hyaluronic acid<\/li>\n<\/ul>\n<p><strong>Efekti:<\/strong><\/p>\n<ul>\n<li>Globalni anti age efekat<\/li>\n<li>Spre\u010dava o\u0161te\u0107enja ko\u017ee<\/li>\n<li>Glatka i meka ko\u017ea<\/li>\n<li>Stimuli\u0161e mikrocirkulaciju<\/li>\n<li>Ujedna\u010dava ten<\/li>\n<li>\u0160titi od UVB i IR zrakova<\/li>\n<\/ul>","protected":false},"featured_media":7994,"comment_status":"closed","ping_status":"closed","template":"","meta":{"slim_seo":{"title":"VitC Serum Perfector - Serum sa vitaminom C (30ml) - Dr Kozarev Cosmedics","description":"Sve \u0161to je potrebno ko\u017ei da u uslovima modernog stila i tempa \u017eivota ostane blistava i zdrava je VitC Serum Perfector! Trostruka formula vitamina C sna\u017eno \u0161titi"}},"product_brand":[],"product_cat":[148],"product_tag":[],"class_list":{"0":"post-7993","1":"product","2":"type-product","3":"status-publish","4":"has-post-thumbnail","6":"product_cat-purles","8":"first","9":"instock","10":"shipping-taxable","11":"purchasable","12":"product-type-simple"},"_links":{"self":[{"href":"https:\/\/drkozarevcosmedics.com\/en\/wp-json\/wp\/v2\/product\/7993","targetHints":{"allow":["GET"]}}],"collection":[{"href":"https:\/\/drkozarevcosmedics.com\/en\/wp-json\/wp\/v2\/product"}],"about":[{"href":"https:\/\/drkozarevcosmedics.com\/en\/wp-json\/wp\/v2\/types\/product"}],"replies":[{"embeddable":true,"href":"https:\/\/drkozarevcosmedics.com\/en\/wp-json\/wp\/v2\/comments?post=7993"}],"version-history":[{"count":1,"href":"https:\/\/drkozarevcosmedics.com\/en\/wp-json\/wp\/v2\/product\/7993\/revisions"}],"predecessor-version":[{"id":7995,"href":"https:\/\/drkozarevcosmedics.com\/en\/wp-json\/wp\/v2\/product\/7993\/revisions\/7995"}],"wp:featuredmedia":[{"embeddable":true,"href":"https:\/\/drkozarevcosmedics.com\/en\/wp-json\/wp\/v2\/media\/7994"}],"wp:attachment":[{"href":"https:\/\/drkozarevcosmedics.com\/en\/wp-json\/wp\/v2\/media?parent=7993"}],"wp:term":[{"taxonomy":"product_brand","embeddable":true,"href":"https:\/\/drkozarevcosmedics.com\/en\/wp-json\/wp\/v2\/product_brand?post=7993"},{"taxonomy":"product_cat","embeddable":true,"href":"https:\/\/drkozarevcosmedics.com\/en\/wp-json\/wp\/v2\/product_cat?post=7993"},{"taxonomy":"product_tag","embeddable":true,"href":"https:\/\/drkozarevcosmedics.com\/en\/wp-json\/wp\/v2\/product_tag?post=7993"}],"curies":[{"name":"wp","href":"https:\/\/api.w.org\/{rel}","templated":true}]}}