{"id":7990,"date":"2026-05-07T17:37:10","date_gmt":"2026-05-07T17:37:10","guid":{"rendered":"https:\/\/drkozarevcosmedics.com\/?post_type=product&#038;p=7990"},"modified":"2026-05-07T17:41:00","modified_gmt":"2026-05-07T17:41:00","slug":"vitc-cream-perfector-krema-sa-vitaminom-c-50ml","status":"publish","type":"product","link":"https:\/\/drkozarevcosmedics.com\/en\/product\/vitc-cream-perfector-krema-sa-vitaminom-c-50ml\/","title":{"rendered":"VitC Cream Perfector- Krema sa vitaminom C (50ml)"},"content":{"rendered":"","protected":false},"excerpt":{"rendered":"<p>Ova antioksidativna krema pogodna je u nezi svake ko\u017ee, posebno sive ko\u017ee sa neujedna\u010denim tenom i umornim izgledom. Krema je oboga\u0107ena sa tri aktivna oblika vitamina C \u0161to je \u010dini mo\u0107nim oru\u017ejem u spre\u010davanju degeneracije DNK ko\u017ee i postizanju ujedna\u010denog i blistavog tena. Antioksidativni kompleks i hijaluronska kiselina dodatno poja\u010davaju njenu u\u010dinkovitost stimuli\u0161u\u0107i mikrocirkulaciju, hrane\u0107i ko\u017eu i daju\u0107i joj optimalnu vla\u017enost. Finalni efekat redovne upotrebe je osve\u017eena ko\u017ea koja sija zdravim sjajem.<\/p>\n<p><strong>How to use:<\/strong><\/p>\n<p>Kremu naneti na ko\u017eu lica, nakon \u010di\u0161\u0107enja i toniranja. Malu koli\u010dinu umasirati do potpune apsorpcije. Za poja\u010dan efekat koristiti u kombinaciji sa <a href=\"https:\/\/drkozarevcosmedics.com\/en\/product\/vitc-serum-perfector-serum-sa-vitaminom-c-30ml\/\">VitC Serum Perfector-om (143)<\/a>. Pogodna za dnevnu i no\u0107nu upotrebu.<\/p>\n<p><strong>Aktivne supstance:<\/strong><\/p>\n<ul>\n<li>Triple VitC Sistem<\/li>\n<li>Antioxidant Complex<\/li>\n<li>Hyaluronic acid<\/li>\n<\/ul>\n<p><strong>Efekti:<\/strong><\/p>\n<ul>\n<li>Globalni anti age efekat<\/li>\n<li>Spre\u010dava o\u0161te\u0107enja ko\u017ee<\/li>\n<li>Stimuli\u0161e mikrocirkulaciju<\/li>\n<li>Ujedna\u010dava ten<\/li>\n<li>\u0160titi od UVB i IR zrakova<\/li>\n<\/ul>","protected":false},"featured_media":7991,"comment_status":"closed","ping_status":"closed","template":"","meta":{"slim_seo":{"title":"VitC Cream Perfector- Krema sa vitaminom C (50ml) - Dr Kozarev Cosmedics","description":"Ova antioksidativna krema pogodna je u nezi svake ko\u017ee, posebno sive ko\u017ee sa neujedna\u010denim tenom i umornim izgledom. Krema je oboga\u0107ena sa tri aktivna oblika vi"}},"product_brand":[],"product_cat":[148],"product_tag":[],"class_list":{"0":"post-7990","1":"product","2":"type-product","3":"status-publish","4":"has-post-thumbnail","6":"product_cat-purles","8":"first","9":"instock","10":"shipping-taxable","11":"purchasable","12":"product-type-simple"},"_links":{"self":[{"href":"https:\/\/drkozarevcosmedics.com\/en\/wp-json\/wp\/v2\/product\/7990","targetHints":{"allow":["GET"]}}],"collection":[{"href":"https:\/\/drkozarevcosmedics.com\/en\/wp-json\/wp\/v2\/product"}],"about":[{"href":"https:\/\/drkozarevcosmedics.com\/en\/wp-json\/wp\/v2\/types\/product"}],"replies":[{"embeddable":true,"href":"https:\/\/drkozarevcosmedics.com\/en\/wp-json\/wp\/v2\/comments?post=7990"}],"version-history":[{"count":2,"href":"https:\/\/drkozarevcosmedics.com\/en\/wp-json\/wp\/v2\/product\/7990\/revisions"}],"predecessor-version":[{"id":7996,"href":"https:\/\/drkozarevcosmedics.com\/en\/wp-json\/wp\/v2\/product\/7990\/revisions\/7996"}],"wp:featuredmedia":[{"embeddable":true,"href":"https:\/\/drkozarevcosmedics.com\/en\/wp-json\/wp\/v2\/media\/7991"}],"wp:attachment":[{"href":"https:\/\/drkozarevcosmedics.com\/en\/wp-json\/wp\/v2\/media?parent=7990"}],"wp:term":[{"taxonomy":"product_brand","embeddable":true,"href":"https:\/\/drkozarevcosmedics.com\/en\/wp-json\/wp\/v2\/product_brand?post=7990"},{"taxonomy":"product_cat","embeddable":true,"href":"https:\/\/drkozarevcosmedics.com\/en\/wp-json\/wp\/v2\/product_cat?post=7990"},{"taxonomy":"product_tag","embeddable":true,"href":"https:\/\/drkozarevcosmedics.com\/en\/wp-json\/wp\/v2\/product_tag?post=7990"}],"curies":[{"name":"wp","href":"https:\/\/api.w.org\/{rel}","templated":true}]}}