{"id":7970,"date":"2026-05-07T17:20:41","date_gmt":"2026-05-07T17:20:41","guid":{"rendered":"https:\/\/drkozarevcosmedics.com\/?post_type=product&#038;p=7970"},"modified":"2026-05-07T17:33:34","modified_gmt":"2026-05-07T17:33:34","slug":"soothing-elixir-umirujuci-eliksir-za-osetljivu-kozu-30ml","status":"publish","type":"product","link":"https:\/\/drkozarevcosmedics.com\/en\/product\/soothing-elixir-umirujuci-eliksir-za-osetljivu-kozu-30ml\/","title":{"rendered":"Soothing Elixir &#8211; Umiruju\u0107i eliksir za osetljivu ko\u017eu (30ml)"},"content":{"rendered":"","protected":false},"excerpt":{"rendered":"<p>Hidrantno umiruju\u0107i eliksir preporu\u010den je za osetljivu ko\u017eu i ko\u017eu sklonu iri- tacijama. Formulisan je sa ciljem da umiri i ubla\u017ei tragove crvenila. Bogat splet aktivnih materija u preparatu poma\u017ee da ko\u017ea odoli uticaju \u0161tetnih faktora iz okru\u017eenja i sa\u010duva ose\u0107aj komfora i elasti\u010dnosti.<\/p>\n<p><strong>How to use:<\/strong><\/p>\n<p>Soothing Elixir koristiti kao serum u nezi kod ku\u0107e. Aplikovati na \u010distu ko\u017eu lica ujutro \/ uve\u010de ispod odabrane kreme. Za maksimalne rezultate koristiti u kombinaciji sa Pro-Vascular Green Cream (148). Eliksir koristiti i kao S.O.S. proizvod po potrebi.<\/p>\n<p><strong>Aktivne supstance:<\/strong><\/p>\n<ul>\n<li>Alantoin<\/li>\n<li>Aloja vera<\/li>\n<li>Morski kolagen<\/li>\n<\/ul>\n<p><strong>Efekti:<\/strong><\/p>\n<ul>\n<li>Umiruje<\/li>\n<li>Hidrira<\/li>\n<li>Regeneri\u0161e<\/li>\n<li>Spre\u010dava nastanak upala<\/li>\n<li>\u0160titi ko\u017eu od \u0161tetnog uticaja iz okru\u017eenja<\/li>\n<\/ul>","protected":false},"featured_media":7971,"comment_status":"closed","ping_status":"closed","template":"","meta":{"slim_seo":{"title":"Soothing Elixir - Umiruju\u0107i eliksir za osetljivu ko\u017eu (30ml) - Dr Kozarev Cosmedics","description":"Hidrantno umiruju\u0107i eliksir preporu\u010den je za osetljivu ko\u017eu i ko\u017eu sklonu iri- tacijama. Formulisan je sa ciljem da umiri i ubla\u017ei tragove crvenila. Bogat splet"}},"product_brand":[],"product_cat":[148],"product_tag":[],"class_list":{"0":"post-7970","1":"product","2":"type-product","3":"status-publish","4":"has-post-thumbnail","6":"product_cat-purles","8":"first","9":"instock","10":"shipping-taxable","11":"purchasable","12":"product-type-simple"},"_links":{"self":[{"href":"https:\/\/drkozarevcosmedics.com\/en\/wp-json\/wp\/v2\/product\/7970","targetHints":{"allow":["GET"]}}],"collection":[{"href":"https:\/\/drkozarevcosmedics.com\/en\/wp-json\/wp\/v2\/product"}],"about":[{"href":"https:\/\/drkozarevcosmedics.com\/en\/wp-json\/wp\/v2\/types\/product"}],"replies":[{"embeddable":true,"href":"https:\/\/drkozarevcosmedics.com\/en\/wp-json\/wp\/v2\/comments?post=7970"}],"version-history":[{"count":2,"href":"https:\/\/drkozarevcosmedics.com\/en\/wp-json\/wp\/v2\/product\/7970\/revisions"}],"predecessor-version":[{"id":7988,"href":"https:\/\/drkozarevcosmedics.com\/en\/wp-json\/wp\/v2\/product\/7970\/revisions\/7988"}],"wp:featuredmedia":[{"embeddable":true,"href":"https:\/\/drkozarevcosmedics.com\/en\/wp-json\/wp\/v2\/media\/7971"}],"wp:attachment":[{"href":"https:\/\/drkozarevcosmedics.com\/en\/wp-json\/wp\/v2\/media?parent=7970"}],"wp:term":[{"taxonomy":"product_brand","embeddable":true,"href":"https:\/\/drkozarevcosmedics.com\/en\/wp-json\/wp\/v2\/product_brand?post=7970"},{"taxonomy":"product_cat","embeddable":true,"href":"https:\/\/drkozarevcosmedics.com\/en\/wp-json\/wp\/v2\/product_cat?post=7970"},{"taxonomy":"product_tag","embeddable":true,"href":"https:\/\/drkozarevcosmedics.com\/en\/wp-json\/wp\/v2\/product_tag?post=7970"}],"curies":[{"name":"wp","href":"https:\/\/api.w.org\/{rel}","templated":true}]}}