{"id":7962,"date":"2026-05-07T17:12:20","date_gmt":"2026-05-07T17:12:20","guid":{"rendered":"https:\/\/drkozarevcosmedics.com\/?post_type=product&#038;p=7962"},"modified":"2026-05-07T17:32:56","modified_gmt":"2026-05-07T17:32:56","slug":"gentle-toner-nezni-losion-za-sve-tipove-koze-200ml","status":"publish","type":"product","link":"https:\/\/drkozarevcosmedics.com\/en\/product\/gentle-toner-nezni-losion-za-sve-tipove-koze-200ml\/","title":{"rendered":"Gentle Toner &#8211; Ne\u017eni losion za sve tipove ko\u017ee (200ml)"},"content":{"rendered":"","protected":false},"excerpt":{"rendered":"<p>Losion prilago\u0111en dnevnoj nezi svih tipova ko\u017ea. Pored toga \u0161to balansira pH vrednost ko\u017ee, losion je ostavlja idealno o\u010di\u0161\u0107enom i spremnom za dalju negu. Zahvaljuju\u0107i kompleksu biljaka sna\u017eno stimuli\u0161e regenerativne procese u ko\u017ei, \u010dini je mekom i glatkom.<\/p>\n<p><strong>How to use:<\/strong> Nakon upotrebe \u010dista\u010da (130) tuferima natopljenim Gentle Toner-om prebrisati ko\u017eu lica i nastaviti negu odabranim Purl\u00e9s proizvodima.<\/p>\n<p><strong>Aktivne supstance:<\/strong><\/p>\n<ul>\n<li>Kompleks AHA kiselina<\/li>\n<li>Ekstrakt \u0161e\u0107erne trske<\/li>\n<li>Ekstrakt javora<\/li>\n<li>Ekstrakt borovnice<\/li>\n<\/ul>\n<p><strong>Efekti:<\/strong><\/p>\n<ul>\n<li>Reguli\u0161e pH vrednost ko\u017ee<\/li>\n<li>Uklanja zaostale ne\u010disto\u0107e<\/li>\n<li>Osve\u017eava<\/li>\n<li>Hidrira<\/li>\n<li>\u010cini ko\u017eu mekom i glatkom<\/li>\n<\/ul>","protected":false},"featured_media":7963,"comment_status":"closed","ping_status":"closed","template":"","meta":{"slim_seo":{"title":"Gentle Toner - Ne\u017eni losion za sve tipove ko\u017ee (200ml) - Dr Kozarev Cosmedics","description":"Losion prilago\u0111en dnevnoj nezi svih tipova ko\u017ea. Pored toga \u0161to balansira pH vrednost ko\u017ee, losion je ostavlja idealno o\u010di\u0161\u0107enom i spremnom za dalju negu. Zahva"}},"product_brand":[],"product_cat":[148],"product_tag":[],"class_list":{"0":"post-7962","1":"product","2":"type-product","3":"status-publish","4":"has-post-thumbnail","6":"product_cat-purles","8":"first","9":"instock","10":"shipping-taxable","11":"purchasable","12":"product-type-simple"},"_links":{"self":[{"href":"https:\/\/drkozarevcosmedics.com\/en\/wp-json\/wp\/v2\/product\/7962","targetHints":{"allow":["GET"]}}],"collection":[{"href":"https:\/\/drkozarevcosmedics.com\/en\/wp-json\/wp\/v2\/product"}],"about":[{"href":"https:\/\/drkozarevcosmedics.com\/en\/wp-json\/wp\/v2\/types\/product"}],"replies":[{"embeddable":true,"href":"https:\/\/drkozarevcosmedics.com\/en\/wp-json\/wp\/v2\/comments?post=7962"}],"version-history":[{"count":3,"href":"https:\/\/drkozarevcosmedics.com\/en\/wp-json\/wp\/v2\/product\/7962\/revisions"}],"predecessor-version":[{"id":7987,"href":"https:\/\/drkozarevcosmedics.com\/en\/wp-json\/wp\/v2\/product\/7962\/revisions\/7987"}],"wp:featuredmedia":[{"embeddable":true,"href":"https:\/\/drkozarevcosmedics.com\/en\/wp-json\/wp\/v2\/media\/7963"}],"wp:attachment":[{"href":"https:\/\/drkozarevcosmedics.com\/en\/wp-json\/wp\/v2\/media?parent=7962"}],"wp:term":[{"taxonomy":"product_brand","embeddable":true,"href":"https:\/\/drkozarevcosmedics.com\/en\/wp-json\/wp\/v2\/product_brand?post=7962"},{"taxonomy":"product_cat","embeddable":true,"href":"https:\/\/drkozarevcosmedics.com\/en\/wp-json\/wp\/v2\/product_cat?post=7962"},{"taxonomy":"product_tag","embeddable":true,"href":"https:\/\/drkozarevcosmedics.com\/en\/wp-json\/wp\/v2\/product_tag?post=7962"}],"curies":[{"name":"wp","href":"https:\/\/api.w.org\/{rel}","templated":true}]}}