{"id":5989,"date":"2024-07-02T22:14:06","date_gmt":"2024-07-02T22:14:06","guid":{"rendered":"https:\/\/drkozarevcosmedics.com\/?post_type=product&#038;p=5989"},"modified":"2026-04-15T11:46:18","modified_gmt":"2026-04-15T11:46:18","slug":"aloe-vera-esi-organic-pure-gel","status":"publish","type":"product","link":"https:\/\/drkozarevcosmedics.com\/en\/product\/aloe-vera-esi-organic-pure-gel\/","title":{"rendered":"Aloe vera ESI ORGANIC PURE gel"},"content":{"rendered":"","protected":false},"excerpt":{"rendered":"<p><span style=\"color: #000000;\">Bioactive, hypoallergenic gel made from pure aloe juice, suitable for even the most sensitive baby skin. <\/span><\/p>\n<p><span style=\"color: #000000;\">Aloe vera is widely used in topical treatments. It is essential for calming irritation, redness, and swelling after insect bites, sun exposure, minor injuries, foot care, and treating blisters caused by uncomfortable footwear. <\/span><\/p>\n<p><span style=\"color: #000000;\">Regular use of aloe vera gel improves skin condition for those with psoriasis, as it reduces flaking and uncontrolled epidermal cell proliferation, soothes itching and redness, accelerates the healing of skin lesions, and prevents infection. <\/span><\/p>\n<p><span style=\"color: #000000;\">Aloe vera ESI\u00ae gels do not leave a greasy residue and are easily absorbed. They provide deep hydration and soothe irritations caused by sun exposure, tanning beds, epilation, depilation, and shaving. <\/span><\/p>\n<p><span style=\"color: #000000;\">It promotes healing of minor scratches, fissures, and blisters. Suitable for even the most delicate baby skin after sun exposure.<\/span><\/p>","protected":false},"featured_media":5984,"comment_status":"open","ping_status":"closed","template":"","meta":{"slim_seo":{"title":"Aloe vera ESI ORGANIC PURE gel - Dr Kozarev Cosmedics","description":"Bioaktivni, hipoalergijski gel za negu ko\u017ee od \u010distog soka aloje, pogodan i za najosetljiviju de\u010dju ko\u017eu. Aloja nalazi veliki primenu i u prepratima za spolja\u0161n"}},"product_brand":[],"product_cat":[73,92],"product_tag":[],"class_list":{"0":"post-5989","1":"product","2":"type-product","3":"status-publish","4":"has-post-thumbnail","6":"product_cat-esi","7":"product_cat-esi-suplementi","9":"first","10":"instock","11":"shipping-taxable","12":"purchasable","13":"product-type-simple"},"_links":{"self":[{"href":"https:\/\/drkozarevcosmedics.com\/en\/wp-json\/wp\/v2\/product\/5989","targetHints":{"allow":["GET"]}}],"collection":[{"href":"https:\/\/drkozarevcosmedics.com\/en\/wp-json\/wp\/v2\/product"}],"about":[{"href":"https:\/\/drkozarevcosmedics.com\/en\/wp-json\/wp\/v2\/types\/product"}],"replies":[{"embeddable":true,"href":"https:\/\/drkozarevcosmedics.com\/en\/wp-json\/wp\/v2\/comments?post=5989"}],"version-history":[{"count":1,"href":"https:\/\/drkozarevcosmedics.com\/en\/wp-json\/wp\/v2\/product\/5989\/revisions"}],"predecessor-version":[{"id":5990,"href":"https:\/\/drkozarevcosmedics.com\/en\/wp-json\/wp\/v2\/product\/5989\/revisions\/5990"}],"wp:featuredmedia":[{"embeddable":true,"href":"https:\/\/drkozarevcosmedics.com\/en\/wp-json\/wp\/v2\/media\/5984"}],"wp:attachment":[{"href":"https:\/\/drkozarevcosmedics.com\/en\/wp-json\/wp\/v2\/media?parent=5989"}],"wp:term":[{"taxonomy":"product_brand","embeddable":true,"href":"https:\/\/drkozarevcosmedics.com\/en\/wp-json\/wp\/v2\/product_brand?post=5989"},{"taxonomy":"product_cat","embeddable":true,"href":"https:\/\/drkozarevcosmedics.com\/en\/wp-json\/wp\/v2\/product_cat?post=5989"},{"taxonomy":"product_tag","embeddable":true,"href":"https:\/\/drkozarevcosmedics.com\/en\/wp-json\/wp\/v2\/product_tag?post=5989"}],"curies":[{"name":"wp","href":"https:\/\/api.w.org\/{rel}","templated":true}]}}