{"id":6862,"date":"2025-02-10T19:23:34","date_gmt":"2025-02-10T19:23:34","guid":{"rendered":"https:\/\/drkozarevcosmedics.com\/?page_id=6862"},"modified":"2025-02-19T10:30:07","modified_gmt":"2025-02-19T10:30:07","slug":"politika-privatnosti","status":"publish","type":"page","link":"https:\/\/drkozarevcosmedics.com\/en\/politika-privatnosti\/","title":{"rendered":"Privacy Policy"},"content":{"rendered":"<div data-elementor-type=\"wp-page\" data-elementor-id=\"6862\" class=\"elementor elementor-6862\">\n\t\t\t\t<div class=\"elementor-element elementor-element-c8dfb8d thegem-e-con-layout-elementor e-flex e-con-boxed e-con e-parent\" data-id=\"c8dfb8d\" data-element_type=\"container\" data-e-type=\"container\" data-settings=\"{&quot;thegem_container_layout&quot;:&quot;elementor&quot;}\">\r\n\t\t\t\t\t<div class=\"e-con-inner\">\r\n\t\t\t\t<div class=\"elementor-element elementor-element-66aac0f flex-horizontal-align-default flex-horizontal-align-tablet-default flex-horizontal-align-mobile-default flex-vertical-align-default flex-vertical-align-tablet-default flex-vertical-align-mobile-default elementor-widget elementor-widget-heading\" data-id=\"66aac0f\" data-element_type=\"widget\" data-e-type=\"widget\" data-widget_type=\"heading.default\">\n\t\t\t\t<div class=\"elementor-widget-container\">\n\t\t\t\t\t<h2 class=\"elementor-heading-title elementor-size-default\">Privacy Policy\n<\/h2>\t\t\t\t<\/div>\n\t\t\t\t<\/div>\n\t\t\t\t<div class=\"elementor-element elementor-element-fb75da0 flex-horizontal-align-default flex-horizontal-align-tablet-default flex-horizontal-align-mobile-default flex-vertical-align-default flex-vertical-align-tablet-default flex-vertical-align-mobile-default elementor-widget elementor-widget-text-editor\" data-id=\"fb75da0\" data-element_type=\"widget\" data-e-type=\"widget\" data-widget_type=\"text-editor.default\">\n\t\t\t\t<div class=\"elementor-widget-container\">\n\t\t\t\t\t\t\t\t\t\t\t\t<div class=\"elementor-text-editor elementor-clearfix\">\r\n\t\t\t\t\t\t<p data-pm-slice=\"1 1 []\"><strong>01. DATA SECURITY<\/strong><\/p><p>On behalf of the company <strong>Dermamedica DOO<\/strong>, we are committed to protecting the privacy of all our users. We collect only basic information about users that is necessary for business and communication, in accordance with good business practices and providing quality service. All user data is strictly stored and is available only to employees who need it to perform their work. All employees of the company <strong>Dermamedica DOO<\/strong>\u00a0(as well as business partners) are responsible for respecting the principles of privacy protection and are aware of the importance of preserving data confidentiality.<\/p><p>Your personal data (such as name, address, contact phone, contact e-mail) will not be shared with third parties. All data you enter when scheduling an inspection or using services on the site <a><strong>https:\/\/drkozarevcosmedics.com\/<\/strong><\/a> will be used solely to process your request.<\/p><p>In order to successfully process your request, we need your name, address, e-mail and mobile phone number. Based on this information, we will be able to contact you to confirm the appointment and provide additional information. We only request basic data that is necessary to provide medical services, as well as data that will allow us to inform you about relevant services and promotions in accordance with business practices and good customs.<\/p><p>The data we collect through online appointment scheduling or inquiries, including information about the services users search for and use, is carefully analyzed and processed. This data is used to improve our offer and the appearance of the site to make the user experience easier, safer and more pleasant. Using our services implies your agreement to the stated terms of use. Any changes to these terms become effective only after they are published on this page and after we send a notification by e-mail to all registered users.<\/p><p data-pm-slice=\"1 1 []\"><strong>02. LEGAL BASIS AND PURPOSE OF PROCESSING<\/strong><\/p><p>According to the General Data Protection Regulation (GDPR), personal data refers to any information relating to an identified or identifiable natural person. An identified person is one who can be identified directly or indirectly, in particular through an identifier such as name, identification number, location data, online identifier or one or more factors specific to the physical, physiological, genetic, mental, economic, cultural or social identity of that person.<\/p><p><strong>03. CONCLUSION AND PERFORMANCE OF THE CONTRACT<\/strong><\/p><p>Legitimate interest of the company <strong>Dermamedica DOO<\/strong>\u00a0\u2013 for marketing and analytical purposes. Our legitimate interest is based on your preferences, allowing us to better tailor our offer and, ultimately, offer services that better suit your needs and wishes.<\/p><p><strong>04. LEGAL OBLIGATION<\/strong><\/p><p>The legal basis is determined in accordance with the provisions of the General Data Protection Regulation (GDPR).<\/p><p><strong>05. CONSENT AND MODIFICATION OF TERMS<\/strong><\/p><p>The use of our services implies the user's agreement with the above terms of use. We undertake to comply with all the stated conditions, and all changes to the conditions will come into force only after they are published on this page and after we send a notification by e-mail to all registered users.<\/p>\t\t\t\t\t\t\t<\/div>\r\n\t\t\t\t\t\t\t\t\t\t<\/div>\n\t\t\t\t<\/div>\n\t\t\t\t\t<\/div>\n\t\t\t\t<\/div>\n\t\t\t\t<\/div>","protected":false},"excerpt":{"rendered":"<p>Politika privatnosti 01. BEZBEDNOST PODATAKA U ime firme Dermamedica DOO, posve\u0107eni smo za\u0161titi privatnosti svih na\u0161ih korisnika. Prikupljamo samo osnovne&#8230;<\/p>","protected":false},"author":1,"featured_media":0,"parent":0,"menu_order":0,"comment_status":"closed","ping_status":"closed","template":"","meta":{"slim_seo":{"title":"Politika privatnosti - Dr Kozarev Cosmedics","description":"Politika privatnosti 01. BEZBEDNOST PODATAKA U ime firme Dermamedica DOO , posve\u0107eni smo za\u0161titi privatnosti svih na\u0161ih korisnika. Prikupljamo samo osnovne info"},"footnotes":""},"class_list":["post-6862","page","type-page","status-publish"],"_links":{"self":[{"href":"https:\/\/drkozarevcosmedics.com\/en\/wp-json\/wp\/v2\/pages\/6862","targetHints":{"allow":["GET"]}}],"collection":[{"href":"https:\/\/drkozarevcosmedics.com\/en\/wp-json\/wp\/v2\/pages"}],"about":[{"href":"https:\/\/drkozarevcosmedics.com\/en\/wp-json\/wp\/v2\/types\/page"}],"author":[{"embeddable":true,"href":"https:\/\/drkozarevcosmedics.com\/en\/wp-json\/wp\/v2\/users\/1"}],"replies":[{"embeddable":true,"href":"https:\/\/drkozarevcosmedics.com\/en\/wp-json\/wp\/v2\/comments?post=6862"}],"version-history":[{"count":10,"href":"https:\/\/drkozarevcosmedics.com\/en\/wp-json\/wp\/v2\/pages\/6862\/revisions"}],"predecessor-version":[{"id":6982,"href":"https:\/\/drkozarevcosmedics.com\/en\/wp-json\/wp\/v2\/pages\/6862\/revisions\/6982"}],"wp:attachment":[{"href":"https:\/\/drkozarevcosmedics.com\/en\/wp-json\/wp\/v2\/media?parent=6862"}],"curies":[{"name":"wp","href":"https:\/\/api.w.org\/{rel}","templated":true}]}}