{"id":3928,"date":"2024-04-23T15:36:51","date_gmt":"2024-04-23T15:36:51","guid":{"rendered":"https:\/\/drkozarevcosmedics.com\/?page_id=3928"},"modified":"2024-06-06T21:11:10","modified_gmt":"2024-06-06T21:11:10","slug":"pretplati-se-i-ustedi","status":"publish","type":"page","link":"https:\/\/drkozarevcosmedics.com\/en\/pretplati-se-i-ustedi\/","title":{"rendered":"Subscribe and Save"},"content":{"rendered":"<div data-elementor-type=\"wp-page\" data-elementor-id=\"3928\" class=\"elementor elementor-3928\">\n\t\t\t\t<div class=\"elementor-element elementor-element-38bac04 thegem-e-con-layout-elementor e-flex e-con-boxed e-con e-parent\" data-id=\"38bac04\" data-element_type=\"container\" data-e-type=\"container\" data-settings=\"{&quot;background_background&quot;:&quot;classic&quot;,&quot;thegem_container_layout&quot;:&quot;elementor&quot;}\">\r\n\t\t\t\t\t<div class=\"e-con-inner\">\r\n\t\t<div class=\"elementor-element elementor-element-ab30ec9 e-con-full thegem-e-con-layout-elementor e-flex e-con e-child\" data-id=\"ab30ec9\" data-element_type=\"container\" data-e-type=\"container\" data-settings=\"{&quot;thegem_container_layout&quot;:&quot;elementor&quot;}\">\r\n\t\t\t\t<\/div>\n\t\t<div class=\"elementor-element elementor-element-41289ba e-con-full thegem-e-con-layout-elementor e-flex e-con e-child\" data-id=\"41289ba\" data-element_type=\"container\" data-e-type=\"container\" data-settings=\"{&quot;thegem_container_layout&quot;:&quot;elementor&quot;}\">\r\n\t\t\t\t<div class=\"elementor-element elementor-element-e818c09 flex-horizontal-align-default flex-horizontal-align-tablet-default flex-horizontal-align-mobile-default flex-vertical-align-default flex-vertical-align-tablet-default flex-vertical-align-mobile-default elementor-widget elementor-widget-heading\" data-id=\"e818c09\" data-element_type=\"widget\" data-e-type=\"widget\" data-widget_type=\"heading.default\">\n\t\t\t\t<div class=\"elementor-widget-container\">\n\t\t\t\t\t<h2 class=\"elementor-heading-title elementor-size-default\">Subscribe and Save\n<\/h2>\t\t\t\t<\/div>\n\t\t\t\t<\/div>\n\t\t\t\t<\/div>\n\t\t\t\t\t<\/div>\n\t\t\t\t<\/div>\n\t\t<div class=\"elementor-element elementor-element-b73aa29 thegem-e-con-layout-elementor e-flex e-con-boxed e-con e-parent\" data-id=\"b73aa29\" data-element_type=\"container\" data-e-type=\"container\" data-settings=\"{&quot;thegem_container_layout&quot;:&quot;elementor&quot;}\">\r\n\t\t\t\t\t<div class=\"e-con-inner\">\r\n\t\t\t\t<div class=\"elementor-element elementor-element-3e928ce flex-horizontal-align-default flex-horizontal-align-tablet-default flex-horizontal-align-mobile-default flex-vertical-align-default flex-vertical-align-tablet-default flex-vertical-align-mobile-default elementor-widget elementor-widget-heading\" data-id=\"3e928ce\" data-element_type=\"widget\" data-e-type=\"widget\" data-widget_type=\"heading.default\">\n\t\t\t\t<div class=\"elementor-widget-container\">\n\t\t\t\t\t<h2 class=\"elementor-heading-title elementor-size-default\">Subscribe and save 15% on all recurring orders!\n<\/h2>\t\t\t\t<\/div>\n\t\t\t\t<\/div>\n\t\t\t\t<div class=\"elementor-element elementor-element-b588601 flex-horizontal-align-default flex-horizontal-align-tablet-default flex-horizontal-align-mobile-default flex-vertical-align-default flex-vertical-align-tablet-default flex-vertical-align-mobile-default elementor-widget elementor-widget-text-editor\" data-id=\"b588601\" data-element_type=\"widget\" data-e-type=\"widget\" data-widget_type=\"text-editor.default\">\n\t\t\t\t<div class=\"elementor-widget-container\">\n\t\t\t\t\t\t\t\t\t\t\t\t<div class=\"elementor-text-editor elementor-clearfix\">\r\n\t\t\t\t\t\t<p>DK Cosmedics values customer loyalty. Since we know that month after month you order our products as part of your routine, we want to help you save 15% on all recurring orders.<\/p><p>To activate your discount, choose the \"Subscribe and save 15%\" option when adding a product to your cart. This option will automatically take you to a page where you can select how many months you\u2019d like us to send the products you\u2019ve chosen. If you change your mind, you can cancel your subscription at any time.<\/p>\t\t\t\t\t\t\t<\/div>\r\n\t\t\t\t\t\t\t\t\t\t<\/div>\n\t\t\t\t<\/div>\n\t\t\t\t<div class=\"elementor-element elementor-element-a8f49bd flex-horizontal-align-default flex-horizontal-align-tablet-default flex-horizontal-align-mobile-default flex-vertical-align-default flex-vertical-align-tablet-default flex-vertical-align-mobile-default elementor-widget elementor-widget-heading\" data-id=\"a8f49bd\" data-element_type=\"widget\" data-e-type=\"widget\" data-widget_type=\"heading.default\">\n\t\t\t\t<div class=\"elementor-widget-container\">\n\t\t\t\t\t<h2 class=\"elementor-heading-title elementor-size-default\">Why do I need a subscription?\n\n<\/h2>\t\t\t\t<\/div>\n\t\t\t\t<\/div>\n\t\t\t\t\t<\/div>\n\t\t\t\t<\/div>\n\t\t<div class=\"elementor-element elementor-element-bd64f17 thegem-e-con-layout-elementor e-flex e-con-boxed e-con e-parent\" data-id=\"bd64f17\" data-element_type=\"container\" data-e-type=\"container\" data-settings=\"{&quot;thegem_container_layout&quot;:&quot;elementor&quot;}\">\r\n\t\t\t\t\t<div class=\"e-con-inner\">\r\n\t\t<div class=\"elementor-element elementor-element-d3bbde3 e-con-full thegem-e-con-layout-elementor e-flex e-con e-child\" data-id=\"d3bbde3\" data-element_type=\"container\" data-e-type=\"container\" data-settings=\"{&quot;background_background&quot;:&quot;classic&quot;,&quot;thegem_container_layout&quot;:&quot;elementor&quot;}\">\r\n\t\t\t\t<div class=\"elementor-element elementor-element-050f28c flex-horizontal-align-default flex-horizontal-align-tablet-default flex-horizontal-align-mobile-default flex-vertical-align-default flex-vertical-align-tablet-default flex-vertical-align-mobile-default elementor-widget elementor-widget-image\" data-id=\"050f28c\" data-element_type=\"widget\" data-e-type=\"widget\" data-widget_type=\"image.default\">\n\t\t\t\t<div class=\"elementor-widget-container\">\n\t\t\t\t\t\t\t\t\t\t\t\t\t\t\t<img width=\"75\" height=\"87\" src=\"https:\/\/drkozarevcosmedics.com\/wp-content\/uploads\/2024\/04\/15-usteda.png\" class=\"attachment-large size-large wp-image-3939\" alt=\"15 usteda\" \/>\t\t\t\t\t\t\t\t\t\t\t\t\t\t\t<\/div>\n\t\t\t\t<\/div>\n\t\t\t\t<div class=\"elementor-element elementor-element-5157b27 flex-horizontal-align-default flex-horizontal-align-tablet-default flex-horizontal-align-mobile-default flex-vertical-align-default flex-vertical-align-tablet-default flex-vertical-align-mobile-default elementor-widget elementor-widget-heading\" data-id=\"5157b27\" data-element_type=\"widget\" data-e-type=\"widget\" data-widget_type=\"heading.default\">\n\t\t\t\t<div class=\"elementor-widget-container\">\n\t\t\t\t\t<h2 class=\"elementor-heading-title elementor-size-default\">Save 15% on all recurring orders\n<\/h2>\t\t\t\t<\/div>\n\t\t\t\t<\/div>\n\t\t\t\t<\/div>\n\t\t<div class=\"elementor-element elementor-element-7f94fc3 e-con-full thegem-e-con-layout-elementor e-flex e-con e-child\" data-id=\"7f94fc3\" data-element_type=\"container\" data-e-type=\"container\" data-settings=\"{&quot;background_background&quot;:&quot;classic&quot;,&quot;thegem_container_layout&quot;:&quot;elementor&quot;}\">\r\n\t\t\t\t<div class=\"elementor-element elementor-element-984d4fe flex-horizontal-align-default flex-horizontal-align-tablet-default flex-horizontal-align-mobile-default flex-vertical-align-default flex-vertical-align-tablet-default flex-vertical-align-mobile-default elementor-widget elementor-widget-image\" data-id=\"984d4fe\" data-element_type=\"widget\" data-e-type=\"widget\" data-widget_type=\"image.default\">\n\t\t\t\t<div class=\"elementor-widget-container\">\n\t\t\t\t\t\t\t\t\t\t\t\t\t\t\t<img width=\"105\" height=\"97\" src=\"https:\/\/drkozarevcosmedics.com\/wp-content\/uploads\/2024\/04\/fleksibilnost.png\" class=\"attachment-large size-large wp-image-3941\" alt=\"Fleksibilnost\" \/>\t\t\t\t\t\t\t\t\t\t\t\t\t\t\t<\/div>\n\t\t\t\t<\/div>\n\t\t\t\t<div class=\"elementor-element elementor-element-613926c flex-horizontal-align-default flex-horizontal-align-tablet-default flex-horizontal-align-mobile-default flex-vertical-align-default flex-vertical-align-tablet-default flex-vertical-align-mobile-default elementor-widget elementor-widget-heading\" data-id=\"613926c\" data-element_type=\"widget\" data-e-type=\"widget\" data-widget_type=\"heading.default\">\n\t\t\t\t<div class=\"elementor-widget-container\">\n\t\t\t\t\t<h2 class=\"elementor-heading-title elementor-size-default\">Flexibility \u2013 You can cancel your subscription anytime you like!\n<\/h2>\t\t\t\t<\/div>\n\t\t\t\t<\/div>\n\t\t\t\t<\/div>\n\t\t\t\t\t<\/div>\n\t\t\t\t<\/div>\n\t\t<div class=\"elementor-element elementor-element-1e41550 thegem-e-con-layout-elementor e-flex e-con-boxed e-con e-parent\" data-id=\"1e41550\" data-element_type=\"container\" data-e-type=\"container\" data-settings=\"{&quot;thegem_container_layout&quot;:&quot;elementor&quot;}\">\r\n\t\t\t\t\t<div class=\"e-con-inner\">\r\n\t\t\t\t<div class=\"elementor-element elementor-element-32c10dd flex-horizontal-align-default flex-horizontal-align-tablet-default flex-horizontal-align-mobile-default flex-vertical-align-default flex-vertical-align-tablet-default flex-vertical-align-mobile-default elementor-widget elementor-widget-heading\" data-id=\"32c10dd\" data-element_type=\"widget\" data-e-type=\"widget\" data-widget_type=\"heading.default\">\n\t\t\t\t<div class=\"elementor-widget-container\">\n\t\t\t\t\t<h2 class=\"elementor-heading-title elementor-size-default\">How do I activate the subscription?\n<\/h2>\t\t\t\t<\/div>\n\t\t\t\t<\/div>\n\t\t\t\t\t<\/div>\n\t\t\t\t<\/div>\n\t\t<div class=\"elementor-element elementor-element-c1f7cea thegem-e-con-layout-elementor e-flex e-con-boxed e-con e-parent\" data-id=\"c1f7cea\" data-element_type=\"container\" data-e-type=\"container\" data-settings=\"{&quot;thegem_container_layout&quot;:&quot;elementor&quot;}\">\r\n\t\t\t\t\t<div class=\"e-con-inner\">\r\n\t\t<div class=\"elementor-element elementor-element-161e9fe e-con-full thegem-e-con-layout-elementor e-flex e-con e-child\" data-id=\"161e9fe\" data-element_type=\"container\" data-e-type=\"container\" data-settings=\"{&quot;background_background&quot;:&quot;classic&quot;,&quot;thegem_container_layout&quot;:&quot;elementor&quot;}\">\r\n\t\t\t\t<div class=\"elementor-element elementor-element-e4c31a1 flex-horizontal-align-default flex-horizontal-align-tablet-default flex-horizontal-align-mobile-default flex-vertical-align-default flex-vertical-align-tablet-default flex-vertical-align-mobile-default elementor-widget elementor-widget-thegem-icon\" data-id=\"e4c31a1\" data-element_type=\"widget\" data-e-type=\"widget\" data-settings=\"{&quot;thegem_elementor_preset&quot;:&quot;default&quot;}\" data-widget_type=\"thegem-icon.default\">\n\t\t\t\t<div class=\"elementor-widget-container\">\n\t\t\t\t\t\t\t\t\t<div class=\"centered-box icon-inline-position\">\n\n\t\t\t\t<a role=\"button\" aria-label=\"Read more\">\n\n\t\t\t\t<div class=\"gem-icon gem-icon-pack-fontawesome gem-icon-size-medium  gem-icon-shape-default\">\n\n\t\t\t\t\n\t\t\t\t<div class=\"gem-icon-inner\">\n\n\t\t\t\t\n\t\t\t\t\t\t\t\t\t<div class=\"padding-box-inner\">\n\t\t\t\t\n\n\t\t\t\t\t\t\t\t\t<span class=\"gem-icon-half-1\"><span class=\"back-angle\">\n\t\t\t\t\t<i aria-hidden=\"true\" class=\"gem-mdi mdi-numeric-1-box-outline\"><\/i>\t\t\t\t\t<\/span><\/span>\n\t\t\t\t\t<span class=\"gem-icon-half-2\"><span class=\"back-angle\">\n\t\t\t\t\t<i aria-hidden=\"true\" class=\"gem-mdi mdi-numeric-1-box-outline\"><\/i>\t\t\t\t\t<\/span><\/span>\n\t\t\t\t\n\t\t\t\t<\/div>\n\n\t\t\t\t\n\t\t\t\t\t\t\t\t\t<\/div>\n\t\t\t\t\n\t\t\t\t<\/div>\n\n\t\t\t\t<\/a>\n\n\t\t\t\t<\/div>\n\t\t\t\t\t\t\t<\/div>\n\t\t\t\t<\/div>\n\t\t\t\t<div class=\"elementor-element elementor-element-4497327 flex-horizontal-align-default flex-horizontal-align-tablet-default flex-horizontal-align-mobile-default flex-vertical-align-default flex-vertical-align-tablet-default flex-vertical-align-mobile-default elementor-widget elementor-widget-heading\" data-id=\"4497327\" data-element_type=\"widget\" data-e-type=\"widget\" data-widget_type=\"heading.default\">\n\t\t\t\t<div class=\"elementor-widget-container\">\n\t\t\t\t\t<h2 class=\"elementor-heading-title elementor-size-default\">Select the \"Subscribe and save\" option under the product you want to purchase<\/h2>\t\t\t\t<\/div>\n\t\t\t\t<\/div>\n\t\t\t\t<\/div>\n\t\t<div class=\"elementor-element elementor-element-7ef6f0a e-con-full thegem-e-con-layout-elementor e-flex e-con e-child\" data-id=\"7ef6f0a\" data-element_type=\"container\" data-e-type=\"container\" data-settings=\"{&quot;background_background&quot;:&quot;classic&quot;,&quot;thegem_container_layout&quot;:&quot;elementor&quot;}\">\r\n\t\t\t\t<div class=\"elementor-element elementor-element-e80fc06 flex-horizontal-align-default flex-horizontal-align-tablet-default flex-horizontal-align-mobile-default flex-vertical-align-default flex-vertical-align-tablet-default flex-vertical-align-mobile-default elementor-widget elementor-widget-thegem-icon\" data-id=\"e80fc06\" data-element_type=\"widget\" data-e-type=\"widget\" data-settings=\"{&quot;thegem_elementor_preset&quot;:&quot;default&quot;}\" data-widget_type=\"thegem-icon.default\">\n\t\t\t\t<div class=\"elementor-widget-container\">\n\t\t\t\t\t\t\t\t\t<div class=\"centered-box icon-inline-position\">\n\n\t\t\t\t<a role=\"button\" aria-label=\"Read more\">\n\n\t\t\t\t<div class=\"gem-icon gem-icon-pack-fontawesome gem-icon-size-medium  gem-icon-shape-default\">\n\n\t\t\t\t\n\t\t\t\t<div class=\"gem-icon-inner\">\n\n\t\t\t\t\n\t\t\t\t\t\t\t\t\t<div class=\"padding-box-inner\">\n\t\t\t\t\n\n\t\t\t\t\t\t\t\t\t<span class=\"gem-icon-half-1\"><span class=\"back-angle\">\n\t\t\t\t\t<i aria-hidden=\"true\" class=\"gem-mdi mdi-numeric-2-box-outline\"><\/i>\t\t\t\t\t<\/span><\/span>\n\t\t\t\t\t<span class=\"gem-icon-half-2\"><span class=\"back-angle\">\n\t\t\t\t\t<i aria-hidden=\"true\" class=\"gem-mdi mdi-numeric-2-box-outline\"><\/i>\t\t\t\t\t<\/span><\/span>\n\t\t\t\t\n\t\t\t\t<\/div>\n\n\t\t\t\t\n\t\t\t\t\t\t\t\t\t<\/div>\n\t\t\t\t\n\t\t\t\t<\/div>\n\n\t\t\t\t<\/a>\n\n\t\t\t\t<\/div>\n\t\t\t\t\t\t\t<\/div>\n\t\t\t\t<\/div>\n\t\t\t\t<div class=\"elementor-element elementor-element-96c819e flex-horizontal-align-default flex-horizontal-align-tablet-default flex-horizontal-align-mobile-default flex-vertical-align-default flex-vertical-align-tablet-default flex-vertical-align-mobile-default elementor-widget elementor-widget-heading\" data-id=\"96c819e\" data-element_type=\"widget\" data-e-type=\"widget\" data-widget_type=\"heading.default\">\n\t\t\t\t<div class=\"elementor-widget-container\">\n\t\t\t\t\t<h2 class=\"elementor-heading-title elementor-size-default\">Choose how many months you\u2019d like us to send the products you\u2019ve selected<\/h2>\t\t\t\t<\/div>\n\t\t\t\t<\/div>\n\t\t\t\t<\/div>\n\t\t<div class=\"elementor-element elementor-element-01f3d91 e-con-full thegem-e-con-layout-elementor e-flex e-con e-child\" data-id=\"01f3d91\" data-element_type=\"container\" data-e-type=\"container\" data-settings=\"{&quot;background_background&quot;:&quot;classic&quot;,&quot;thegem_container_layout&quot;:&quot;elementor&quot;}\">\r\n\t\t\t\t<div class=\"elementor-element elementor-element-d79813d flex-horizontal-align-default flex-horizontal-align-tablet-default flex-horizontal-align-mobile-default flex-vertical-align-default flex-vertical-align-tablet-default flex-vertical-align-mobile-default elementor-widget elementor-widget-thegem-icon\" data-id=\"d79813d\" data-element_type=\"widget\" data-e-type=\"widget\" data-settings=\"{&quot;thegem_elementor_preset&quot;:&quot;default&quot;}\" data-widget_type=\"thegem-icon.default\">\n\t\t\t\t<div class=\"elementor-widget-container\">\n\t\t\t\t\t\t\t\t\t<div class=\"centered-box icon-inline-position\">\n\n\t\t\t\t<a role=\"button\" aria-label=\"Read more\">\n\n\t\t\t\t<div class=\"gem-icon gem-icon-pack-fontawesome gem-icon-size-medium  gem-icon-shape-default\">\n\n\t\t\t\t\n\t\t\t\t<div class=\"gem-icon-inner\">\n\n\t\t\t\t\n\t\t\t\t\t\t\t\t\t<div class=\"padding-box-inner\">\n\t\t\t\t\n\n\t\t\t\t\t\t\t\t\t<span class=\"gem-icon-half-1\"><span class=\"back-angle\">\n\t\t\t\t\t<i aria-hidden=\"true\" class=\"gem-mdi mdi-numeric-3-box-outline\"><\/i>\t\t\t\t\t<\/span><\/span>\n\t\t\t\t\t<span class=\"gem-icon-half-2\"><span class=\"back-angle\">\n\t\t\t\t\t<i aria-hidden=\"true\" class=\"gem-mdi mdi-numeric-3-box-outline\"><\/i>\t\t\t\t\t<\/span><\/span>\n\t\t\t\t\n\t\t\t\t<\/div>\n\n\t\t\t\t\n\t\t\t\t\t\t\t\t\t<\/div>\n\t\t\t\t\n\t\t\t\t<\/div>\n\n\t\t\t\t<\/a>\n\n\t\t\t\t<\/div>\n\t\t\t\t\t\t\t<\/div>\n\t\t\t\t<\/div>\n\t\t\t\t<div class=\"elementor-element elementor-element-ecfba5d flex-horizontal-align-default flex-horizontal-align-tablet-default flex-horizontal-align-mobile-default flex-vertical-align-default flex-vertical-align-tablet-default flex-vertical-align-mobile-default elementor-widget elementor-widget-heading\" data-id=\"ecfba5d\" data-element_type=\"widget\" data-e-type=\"widget\" data-widget_type=\"heading.default\">\n\t\t\t\t<div class=\"elementor-widget-container\">\n\t\t\t\t\t<h2 class=\"elementor-heading-title elementor-size-default\">Enjoy your skincare routine and discount, knowing we\u2019ll take care of everything!\n\n<\/h2>\t\t\t\t<\/div>\n\t\t\t\t<\/div>\n\t\t\t\t<\/div>\n\t\t\t\t\t<\/div>\n\t\t\t\t<\/div>\n\t\t<div class=\"elementor-element elementor-element-0c42317 thegem-e-con-layout-elementor e-flex e-con-boxed e-con e-parent\" data-id=\"0c42317\" data-element_type=\"container\" data-e-type=\"container\" data-settings=\"{&quot;thegem_container_layout&quot;:&quot;elementor&quot;}\">\r\n\t\t\t\t\t<div class=\"e-con-inner\">\r\n\t\t<div class=\"elementor-element elementor-element-18324ba e-con-full thegem-e-con-layout-elementor e-flex e-con e-child\" data-id=\"18324ba\" data-element_type=\"container\" data-e-type=\"container\" data-settings=\"{&quot;background_background&quot;:&quot;classic&quot;,&quot;thegem_container_layout&quot;:&quot;elementor&quot;}\">\r\n\t\t\t\t<div class=\"elementor-element elementor-element-bb45998 flex-horizontal-align-default flex-horizontal-align-tablet-default flex-horizontal-align-mobile-default flex-vertical-align-default flex-vertical-align-tablet-default flex-vertical-align-mobile-default elementor-widget elementor-widget-heading\" data-id=\"bb45998\" data-element_type=\"widget\" data-e-type=\"widget\" data-widget_type=\"heading.default\">\n\t\t\t\t<div class=\"elementor-widget-container\">\n\t\t\t\t\t<h2 class=\"elementor-heading-title elementor-size-default\">You can cancel or modify your subscription anytime you want!\n<\/h2>\t\t\t\t<\/div>\n\t\t\t\t<\/div>\n\t\t\t\t<\/div>\n\t\t\t\t\t<\/div>\n\t\t\t\t<\/div>\n\t\t\t\t<\/div>","protected":false},"excerpt":{"rendered":"<p>Pretplati se i u\u0161tedi Pretplati se i u\u0161tedi 15% na sve porud\u017ebine koje se ponavljaju! DK Kozmetika ceni lojalnost svojih&#8230;<\/p>","protected":false},"author":1,"featured_media":0,"parent":0,"menu_order":0,"comment_status":"closed","ping_status":"closed","template":"elementor_header_footer","meta":{"slim_seo":{"title":"Pretplati se i u\u0161tedi - Dr Kozarev Cosmedics","description":"Pretplati se i u\u0161tedi Pretplati se i u\u0161tedi 15% na sve porud\u017ebine koje se ponavljaju! DK Kozmetika ceni lojalnost svojih kupaca. Zato \u0161to znamo da iz meseca u m"},"footnotes":""},"class_list":["post-3928","page","type-page","status-publish"],"_links":{"self":[{"href":"https:\/\/drkozarevcosmedics.com\/en\/wp-json\/wp\/v2\/pages\/3928","targetHints":{"allow":["GET"]}}],"collection":[{"href":"https:\/\/drkozarevcosmedics.com\/en\/wp-json\/wp\/v2\/pages"}],"about":[{"href":"https:\/\/drkozarevcosmedics.com\/en\/wp-json\/wp\/v2\/types\/page"}],"author":[{"embeddable":true,"href":"https:\/\/drkozarevcosmedics.com\/en\/wp-json\/wp\/v2\/users\/1"}],"replies":[{"embeddable":true,"href":"https:\/\/drkozarevcosmedics.com\/en\/wp-json\/wp\/v2\/comments?post=3928"}],"version-history":[{"count":31,"href":"https:\/\/drkozarevcosmedics.com\/en\/wp-json\/wp\/v2\/pages\/3928\/revisions"}],"predecessor-version":[{"id":5857,"href":"https:\/\/drkozarevcosmedics.com\/en\/wp-json\/wp\/v2\/pages\/3928\/revisions\/5857"}],"wp:attachment":[{"href":"https:\/\/drkozarevcosmedics.com\/en\/wp-json\/wp\/v2\/media?parent=3928"}],"curies":[{"name":"wp","href":"https:\/\/api.w.org\/{rel}","templated":true}]}}