{"id":7914,"date":"2026-04-11T09:08:46","date_gmt":"2026-04-11T09:08:46","guid":{"rendered":"https:\/\/drkozarevcosmedics.com\/?post_type=product&#038;p=7914"},"modified":"2026-04-11T09:08:46","modified_gmt":"2026-04-11T09:08:46","slug":"acknes-gel-protiv-akni-bubuljica-i-mitisera","status":"publish","type":"product","link":"http:\/\/drkozarevcosmedics.com\/tr\/product\/acknes-gel-protiv-akni-bubuljica-i-mitisera\/","title":{"rendered":"ACKNES GEL &#8211; protiv akni, bubuljica i mitisera"},"content":{"rendered":"","protected":false},"excerpt":{"rendered":"<p>Inovativni proizvod za lice i telo, namenjen brzom ukljanjanju akni i bubuljica. Preporu\u010duje se osobama, sa masnom i me\u0161ovitom ko\u017eom, svih uzrasta. Redovna upotreba spre\u010dava nastanak o\u017eiljaka i hiperpigmentacije.<\/p>\n<p>Transparentni gel za lice, formulisan za tretman i negu masne i me\u0161ovite ko\u017ee sklone aknama, bubuljicama i mitiserima. Gel ima prirodno antibakterijsko, protivupalno i sebostati\u010dno dejstvo i deluje umiruju\u0107e i hidriraju\u0107e na ko\u017eu, zbog \u010dega se preporu\u010duje i uz konvecionalnu terapiju za akne (retinol, antibiotik). Ne isu\u0161uje ko\u017eu i ubrzava epitalizaciju.<\/p>\n<p>Za razliku od pojedinih lekova i antibiotika za spolja\u0161nju primenu, Acknes gel mo\u017ee se koristiti i tokom izlaganja suncu &#8211; ne izaziva fotosenzibilizaciju ko\u017ee i pojavu fleka \u0161to ga \u010dini i idealnim izborom za terapiju akni i tokom leta.<\/p>\n<p><strong>Kompozisyon:<\/strong><\/p>\n<ul>\n<li>ulje australijskog \u010dajevca (Tea tree oil) &#8211; ima umiruju\u0107i i antibakterijski efekat<\/li>\n<li>azelai\u010dna kiselina &#8211; umiruje upalu, crvenilo i hiperpigmentaciju<\/li>\n<li>cink-glukonat &#8211; normalizuje lu\u010denje sebuma<\/li>\n<li>ekstrakt aloje &#8211; hidrira i neguje<\/li>\n<li>vitamine A, E i F &#8211; za bolje stanje ko\u017ee<\/li>\n<\/ul>\n<p>&nbsp;<\/p>\n<p><strong>\u00dcr\u00fcn \u015funlar\u0131 i\u00e7ermez:<\/strong> parfeme, parabene i silikone. Dermatolo\u0161ki testiran.<\/p>","protected":false},"featured_media":7915,"comment_status":"closed","ping_status":"closed","template":"","meta":{"slim_seo":{"title":"ACKNES GEL - protiv akni, bubuljica i mitisera - Dr Kozarev Cosmedics","description":"Inovativni proizvod za lice i telo, namenjen brzom ukljanjanju akni i bubuljica. Preporu\u010duje se osobama, sa masnom i me\u0161ovitom ko\u017eom, svih uzrasta. Redovna upot"}},"product_brand":[],"product_cat":[92],"product_tag":[],"class_list":{"0":"post-7914","1":"product","2":"type-product","3":"status-publish","4":"has-post-thumbnail","6":"product_cat-esi-suplementi","8":"first","9":"instock","10":"shipping-taxable","11":"purchasable","12":"product-type-simple"},"_links":{"self":[{"href":"http:\/\/drkozarevcosmedics.com\/tr\/wp-json\/wp\/v2\/product\/7914","targetHints":{"allow":["GET"]}}],"collection":[{"href":"http:\/\/drkozarevcosmedics.com\/tr\/wp-json\/wp\/v2\/product"}],"about":[{"href":"http:\/\/drkozarevcosmedics.com\/tr\/wp-json\/wp\/v2\/types\/product"}],"replies":[{"embeddable":true,"href":"http:\/\/drkozarevcosmedics.com\/tr\/wp-json\/wp\/v2\/comments?post=7914"}],"version-history":[{"count":1,"href":"http:\/\/drkozarevcosmedics.com\/tr\/wp-json\/wp\/v2\/product\/7914\/revisions"}],"predecessor-version":[{"id":7916,"href":"http:\/\/drkozarevcosmedics.com\/tr\/wp-json\/wp\/v2\/product\/7914\/revisions\/7916"}],"wp:featuredmedia":[{"embeddable":true,"href":"http:\/\/drkozarevcosmedics.com\/tr\/wp-json\/wp\/v2\/media\/7915"}],"wp:attachment":[{"href":"http:\/\/drkozarevcosmedics.com\/tr\/wp-json\/wp\/v2\/media?parent=7914"}],"wp:term":[{"taxonomy":"product_brand","embeddable":true,"href":"http:\/\/drkozarevcosmedics.com\/tr\/wp-json\/wp\/v2\/product_brand?post=7914"},{"taxonomy":"product_cat","embeddable":true,"href":"http:\/\/drkozarevcosmedics.com\/tr\/wp-json\/wp\/v2\/product_cat?post=7914"},{"taxonomy":"product_tag","embeddable":true,"href":"http:\/\/drkozarevcosmedics.com\/tr\/wp-json\/wp\/v2\/product_tag?post=7914"}],"curies":[{"name":"wp","href":"https:\/\/api.w.org\/{rel}","templated":true}]}}