{"id":7908,"date":"2026-04-11T08:52:56","date_gmt":"2026-04-11T08:52:56","guid":{"rendered":"https:\/\/drkozarevcosmedics.com\/?post_type=product&#038;p=7908"},"modified":"2026-04-11T08:52:56","modified_gmt":"2026-04-11T08:52:56","slug":"no-dol-max-30-tableta","status":"publish","type":"product","link":"http:\/\/drkozarevcosmedics.com\/tr\/product\/no-dol-max-30-tableta\/","title":{"rendered":"NO-DOL MAX\u00a0 30 tableta"},"content":{"rendered":"","protected":false},"excerpt":{"rendered":"<p>Dijetetski dodatak ishrani sa manganom, glukozaminom, hondroitinom, MSM kompleksom i biljnim ekstraktima aloje i \u0111avolje kand\u017ee, koji povoljno uti\u010de na pokretljivost zglobova. Olak\u0161ava tegobe izazvane hroni\u010dnim upalama zglobova, smanjuje bolove i oticanje zglobova i pospe\u0161uje njihovu pokretljivost.<\/p>\n<p>Klini\u010dke studije pokazuju da kombinovana suplementacija glukozaminom i hondroitinom, tokom 8 nedelja, dovodi do zna\u010dajne regeneracije hrskavice kod osoba sa degenerativnim promenama, u odnosu na kontrolnu grupu.<\/p>\n<p>Hondroitin hrani i podmazuje zglobove. Smanjuje bolove i pospe\u0161uje rad zglobova u slu\u010daju blagog ili po\u010detnog artritisa.<\/p>\n<p>Prisustvo aloje i \u0111avolje kand\u017ee obezbe\u0111uje umiruju\u0107e i protivupalno dejstvo (bez ne\u017eeljenih efekata nesteroidnih antiinflamatornih lekova), pa se preporu\u010duju kod zapaljenskih i degenerativnih promena na zglobovima.<\/p>\n<p>Mangan je neophodan za pravilno kostiju i hrskavice i u\u010destvuje u prevenciji osteoporoze.<\/p>\n<p>&nbsp;<\/p>\n<p>Kombinovanom upotrebom sa Nodol gelom posti\u017eu se najbolji efekti.<\/p>\n<p>&nbsp;<\/p>\n<p>Nodol max Gel se koristi za ubla\u017eavanje bolova u mi\u0161i\u0107ima i zglobovima, dok NoDol MAX tablete, deluju\u0107i \u201eiznutra\u201c, nadokna\u0111uju nedostatke u ishrani i pove\u0107ane potrebe za sastojcima koji su neophodni za zdrave i elasti\u010dne zglobove.<\/p>\n<p>&nbsp;<\/p>\n<p><strong>\u00dcr\u00fcn \u015funlar\u0131 i\u00e7ermez:<\/strong> gluten, s\u00fct t\u00fcrevleri, laktoz ve GDO'lar.<\/p>\n<p>Upozorenje: ne preporu\u010duje se osobama koje su alergi\u010dne na morske plodove, \u0161koljke i rakove.<\/p>\n<p>&nbsp;<\/p>\n<p>Proizvod je upisan u bazu podataka Ministarstva zdravlja Republike Srbije.&#8220;<\/p>","protected":false},"featured_media":7909,"comment_status":"closed","ping_status":"closed","template":"","meta":{"slim_seo":{"title":"NO-DOL MAX\u00a0 30 tableta - Dr Kozarev Cosmedics","description":"Dijetetski dodatak ishrani sa manganom, glukozaminom, hondroitinom, MSM kompleksom i biljnim ekstraktima aloje i \u0111avolje kand\u017ee, koji povoljno uti\u010de na pokretlj"}},"product_brand":[],"product_cat":[92],"product_tag":[],"class_list":{"0":"post-7908","1":"product","2":"type-product","3":"status-publish","4":"has-post-thumbnail","6":"product_cat-esi-suplementi","8":"first","9":"instock","10":"shipping-taxable","11":"purchasable","12":"product-type-simple"},"_links":{"self":[{"href":"http:\/\/drkozarevcosmedics.com\/tr\/wp-json\/wp\/v2\/product\/7908","targetHints":{"allow":["GET"]}}],"collection":[{"href":"http:\/\/drkozarevcosmedics.com\/tr\/wp-json\/wp\/v2\/product"}],"about":[{"href":"http:\/\/drkozarevcosmedics.com\/tr\/wp-json\/wp\/v2\/types\/product"}],"replies":[{"embeddable":true,"href":"http:\/\/drkozarevcosmedics.com\/tr\/wp-json\/wp\/v2\/comments?post=7908"}],"version-history":[{"count":1,"href":"http:\/\/drkozarevcosmedics.com\/tr\/wp-json\/wp\/v2\/product\/7908\/revisions"}],"predecessor-version":[{"id":7910,"href":"http:\/\/drkozarevcosmedics.com\/tr\/wp-json\/wp\/v2\/product\/7908\/revisions\/7910"}],"wp:featuredmedia":[{"embeddable":true,"href":"http:\/\/drkozarevcosmedics.com\/tr\/wp-json\/wp\/v2\/media\/7909"}],"wp:attachment":[{"href":"http:\/\/drkozarevcosmedics.com\/tr\/wp-json\/wp\/v2\/media?parent=7908"}],"wp:term":[{"taxonomy":"product_brand","embeddable":true,"href":"http:\/\/drkozarevcosmedics.com\/tr\/wp-json\/wp\/v2\/product_brand?post=7908"},{"taxonomy":"product_cat","embeddable":true,"href":"http:\/\/drkozarevcosmedics.com\/tr\/wp-json\/wp\/v2\/product_cat?post=7908"},{"taxonomy":"product_tag","embeddable":true,"href":"http:\/\/drkozarevcosmedics.com\/tr\/wp-json\/wp\/v2\/product_tag?post=7908"}],"curies":[{"name":"wp","href":"https:\/\/api.w.org\/{rel}","templated":true}]}}