{"id":7905,"date":"2026-04-11T08:51:44","date_gmt":"2026-04-11T08:51:44","guid":{"rendered":"https:\/\/drkozarevcosmedics.com\/?post_type=product&#038;p=7905"},"modified":"2026-04-11T08:51:45","modified_gmt":"2026-04-11T08:51:45","slug":"no-dol-max-gel","status":"publish","type":"product","link":"http:\/\/drkozarevcosmedics.com\/tr\/product\/no-dol-max-gel\/","title":{"rendered":"NO-DOL MAX GEL"},"content":{"rendered":"","protected":false},"excerpt":{"rendered":"<p>Nodol Max gel se preporu\u010duje za ubla\u017eavanje bolova u mi\u0161i\u0107ima i zglobovima razli\u010dite etiologije (reumatski bolovi, sportske povrede, tortikolis i lumbago).<\/p>\n<p>&nbsp;<\/p>\n<p>Nodol Max gel je jedinstvena kombinacija ekstrakta biljke \u0111avolja kand\u017ea, mentola i etarskih ulja ruzmarina i gorske metvice, prijatnog je mirisa, brzo se resorbuje i donosi olak\u0161anje kod bolova u mi\u0161i\u0107ima, povreda i zapaljenskih procesa na zglobovima razli\u010ditog porekla.<\/p>\n<p>&nbsp;<\/p>\n<p>Harpagophytum procumbens, poznatiji pod imenom \u0111avolja kand\u017ea, je jedna od biljaka sa najja\u010dim protivupalnim dejstvom. Ovakvo delovanje ima zahvaljuju\u0107i harpagozidima &#8211; aktivnim sastojcima koji imaju antinflamatorno i analgetsko dejstvo i, samim tim, izuzetno je korisna kod upala tetiva, povreda mi\u0161i\u0107a i bolova.<\/p>\n<p>&nbsp;<\/p>\n<p>Visoka koncentracija ekstrakta korena biljke \u0111avolja kand\u017ea (Harpagophytum procumbens) obezbe\u0111uje odli\u010dno delovanje gela kod problema sa mi\u0161i\u0107ima i zglobovima razli\u010ditih uzroka (reumatski bolovi, sportske povrede, uko\u010denost vrata, lumbaga&#8230;), kao i kod upale mi\u0161i\u0107a nakon bavljenja sportom ili nakon ve\u0107ih fizi\u010dkih napora.<\/p>\n<p>Nodol Max gel ne masti ko\u017eu, ne sadr\u017ei boje ni parabene.<\/p>","protected":false},"featured_media":7906,"comment_status":"closed","ping_status":"closed","template":"","meta":{"slim_seo":{"title":"NO-DOL MAX GEL - Dr Kozarev Cosmedics","description":"Nodol Max gel se preporu\u010duje za ubla\u017eavanje bolova u mi\u0161i\u0107ima i zglobovima razli\u010dite etiologije (reumatski bolovi, sportske povrede, tortikolis i lumbago). &nbs"}},"product_brand":[],"product_cat":[92],"product_tag":[],"class_list":{"0":"post-7905","1":"product","2":"type-product","3":"status-publish","4":"has-post-thumbnail","6":"product_cat-esi-suplementi","8":"first","9":"instock","10":"shipping-taxable","11":"purchasable","12":"product-type-simple"},"_links":{"self":[{"href":"http:\/\/drkozarevcosmedics.com\/tr\/wp-json\/wp\/v2\/product\/7905","targetHints":{"allow":["GET"]}}],"collection":[{"href":"http:\/\/drkozarevcosmedics.com\/tr\/wp-json\/wp\/v2\/product"}],"about":[{"href":"http:\/\/drkozarevcosmedics.com\/tr\/wp-json\/wp\/v2\/types\/product"}],"replies":[{"embeddable":true,"href":"http:\/\/drkozarevcosmedics.com\/tr\/wp-json\/wp\/v2\/comments?post=7905"}],"version-history":[{"count":1,"href":"http:\/\/drkozarevcosmedics.com\/tr\/wp-json\/wp\/v2\/product\/7905\/revisions"}],"predecessor-version":[{"id":7907,"href":"http:\/\/drkozarevcosmedics.com\/tr\/wp-json\/wp\/v2\/product\/7905\/revisions\/7907"}],"wp:featuredmedia":[{"embeddable":true,"href":"http:\/\/drkozarevcosmedics.com\/tr\/wp-json\/wp\/v2\/media\/7906"}],"wp:attachment":[{"href":"http:\/\/drkozarevcosmedics.com\/tr\/wp-json\/wp\/v2\/media?parent=7905"}],"wp:term":[{"taxonomy":"product_brand","embeddable":true,"href":"http:\/\/drkozarevcosmedics.com\/tr\/wp-json\/wp\/v2\/product_brand?post=7905"},{"taxonomy":"product_cat","embeddable":true,"href":"http:\/\/drkozarevcosmedics.com\/tr\/wp-json\/wp\/v2\/product_cat?post=7905"},{"taxonomy":"product_tag","embeddable":true,"href":"http:\/\/drkozarevcosmedics.com\/tr\/wp-json\/wp\/v2\/product_tag?post=7905"}],"curies":[{"name":"wp","href":"https:\/\/api.w.org\/{rel}","templated":true}]}}