{"id":7902,"date":"2026-04-11T08:50:44","date_gmt":"2026-04-11T08:50:44","guid":{"rendered":"https:\/\/drkozarevcosmedics.com\/?post_type=product&#038;p=7902"},"modified":"2026-04-11T08:50:44","modified_gmt":"2026-04-11T08:50:44","slug":"erbaven-gel","status":"publish","type":"product","link":"http:\/\/drkozarevcosmedics.com\/tr\/product\/erbaven-gel\/","title":{"rendered":"ERBAVEN GEL"},"content":{"rendered":"","protected":false},"excerpt":{"rendered":"<p>ZA LAK KORAK, BEZ PRO\u0160IRENIH VENA, OTOKA I BOLOVA<\/p>\n<p>Erbaven fresh gel ima inovativnu formulu na bazi trokserutina i ekstrakata divljeg kestena, ginka, ananasa, centele, aloje, nane, borovnice, arnike i \u0111umbira. Deluje umiruju\u0107e i donosi brzo olak\u0161anje umornim nogama.<\/p>\n<p><strong>Preporu\u010duje se:<\/strong><\/p>\n<ul>\n<li>kod problema sa venskom cirkulacijom<\/li>\n<li>kod oticanja nogu<\/li>\n<li>protiv pucanja kapilara<\/li>\n<li>kod bolova i te\u017eine u nogama do kojih posebno dolazi usled dugotrajnog sedenje i stajanja<\/li>\n<\/ul>\n<p>Osnovu efikasnosti nove Erbaven linije proizvoda predstavlja TROKSERUTIN<br \/>\nestrahovan iz cveta japanskog bagrema. Brojne klini\u010dke studije su dokazale njegovu efikasnost i bezbednost. Ovaj aktivni princip je osnovni sastojak brojnih lekova, a ima slobodnu primenu u dijetetskim suplementima.<\/p>\n<p>Pogodan za primenu i kod osoba sa osetljivom ko\u017eom. Samo za spolja\u0161nju upotrebu.<\/p>\n<p><strong>\u00dcr\u00fcn \u015funlar\u0131 i\u00e7ermez:<\/strong> paraben, ve\u0161ta\u010dke boje i mirise.<\/p>","protected":false},"featured_media":7903,"comment_status":"closed","ping_status":"closed","template":"","meta":{"slim_seo":{"title":"ERBAVEN GEL - Dr Kozarev Cosmedics","description":"ZA LAK KORAK, BEZ PRO\u0160IRENIH VENA, OTOKA I BOLOVA Erbaven fresh gel ima inovativnu formulu na bazi trokserutina i ekstrakata divljeg kestena, ginka, ananasa, ce"}},"product_brand":[],"product_cat":[92],"product_tag":[],"class_list":{"0":"post-7902","1":"product","2":"type-product","3":"status-publish","4":"has-post-thumbnail","6":"product_cat-esi-suplementi","8":"first","9":"instock","10":"shipping-taxable","11":"purchasable","12":"product-type-simple"},"_links":{"self":[{"href":"http:\/\/drkozarevcosmedics.com\/tr\/wp-json\/wp\/v2\/product\/7902","targetHints":{"allow":["GET"]}}],"collection":[{"href":"http:\/\/drkozarevcosmedics.com\/tr\/wp-json\/wp\/v2\/product"}],"about":[{"href":"http:\/\/drkozarevcosmedics.com\/tr\/wp-json\/wp\/v2\/types\/product"}],"replies":[{"embeddable":true,"href":"http:\/\/drkozarevcosmedics.com\/tr\/wp-json\/wp\/v2\/comments?post=7902"}],"version-history":[{"count":1,"href":"http:\/\/drkozarevcosmedics.com\/tr\/wp-json\/wp\/v2\/product\/7902\/revisions"}],"predecessor-version":[{"id":7904,"href":"http:\/\/drkozarevcosmedics.com\/tr\/wp-json\/wp\/v2\/product\/7902\/revisions\/7904"}],"wp:featuredmedia":[{"embeddable":true,"href":"http:\/\/drkozarevcosmedics.com\/tr\/wp-json\/wp\/v2\/media\/7903"}],"wp:attachment":[{"href":"http:\/\/drkozarevcosmedics.com\/tr\/wp-json\/wp\/v2\/media?parent=7902"}],"wp:term":[{"taxonomy":"product_brand","embeddable":true,"href":"http:\/\/drkozarevcosmedics.com\/tr\/wp-json\/wp\/v2\/product_brand?post=7902"},{"taxonomy":"product_cat","embeddable":true,"href":"http:\/\/drkozarevcosmedics.com\/tr\/wp-json\/wp\/v2\/product_cat?post=7902"},{"taxonomy":"product_tag","embeddable":true,"href":"http:\/\/drkozarevcosmedics.com\/tr\/wp-json\/wp\/v2\/product_tag?post=7902"}],"curies":[{"name":"wp","href":"https:\/\/api.w.org\/{rel}","templated":true}]}}