{"id":7899,"date":"2026-04-11T08:49:15","date_gmt":"2026-04-11T08:49:15","guid":{"rendered":"https:\/\/drkozarevcosmedics.com\/?post_type=product&#038;p=7899"},"modified":"2026-04-11T08:49:15","modified_gmt":"2026-04-11T08:49:15","slug":"erbaven-retard-tablete","status":"publish","type":"product","link":"http:\/\/drkozarevcosmedics.com\/tr\/product\/erbaven-retard-tablete\/","title":{"rendered":"ERBAVEN RETARD TABLETE"},"content":{"rendered":"","protected":false},"excerpt":{"rendered":"<p>&nbsp;<\/p>\n<p>Erbaven retard tablete su dodatak ishrani koji redovnom upotrebom otklanja tegobe pro\u0161irenih vena, pobolj\u0161ava perifernu mikrocirkulaciju i spre\u010dava pucanje kapilara. Otklanja ose\u0107aj umora i te\u017eine u nogama, kao i ose\u0107aj svraba koji se javlja kod osoba sa pro\u0161irenim venama. Redovno kori\u0161\u0107enje tableta tako\u0111e spre\u010dava pojavu hemoroida i uklanja tegobe ukoliko su se ve\u0107 pojavile.<\/p>\n<p>RUTIN &#8211; Flavonoid koji se dobija iz pupoljka japanskog bagrema, efikasan u tretmanu venske insuficijencije. Povoljno uti\u010de na mikrocirkulaciju i spre\u010dava pucanje kapilara.<\/p>\n<p>VINOVA LOZA &#8211; zahvaljuju\u0107i svom sadr\u017eaju antocijanozida i leukoantocijana, deluje kao vazotonik i spre\u010dava pucanje kapilara.<\/p>\n<p>RUSKUS &#8211; oja\u010dava zidove krvnih sudova i pobolj\u0161ava venski tonus. Pobolj\u0161ava eliminaciju prekomernih te\u010dnosti stimuli\u0161u\u0107i diurezu.<\/p>\n<p>Ne sadr\u017ei: gluten, GMO, ve\u0161ta\u010dke konzervanse i boje.<br \/>\nPogodno za vegane.<\/p>\n<p>\u00dcr\u00fcn S\u0131rbistan Cumhuriyeti Sa\u011fl\u0131k Bakanl\u0131\u011f\u0131 veri taban\u0131nda kay\u0131tl\u0131d\u0131r.<\/p>","protected":false},"featured_media":7900,"comment_status":"closed","ping_status":"closed","template":"","meta":{"slim_seo":{"title":"ERBAVEN RETARD TABLETE - Dr Kozarev Cosmedics","description":"&nbsp; Erbaven retard tablete su dodatak ishrani koji redovnom upotrebom otklanja tegobe pro\u0161irenih vena, pobolj\u0161ava perifernu mikrocirkulaciju i spre\u010dava pucan"}},"product_brand":[],"product_cat":[92],"product_tag":[],"class_list":{"0":"post-7899","1":"product","2":"type-product","3":"status-publish","4":"has-post-thumbnail","6":"product_cat-esi-suplementi","8":"first","9":"instock","10":"shipping-taxable","11":"purchasable","12":"product-type-simple"},"_links":{"self":[{"href":"http:\/\/drkozarevcosmedics.com\/tr\/wp-json\/wp\/v2\/product\/7899","targetHints":{"allow":["GET"]}}],"collection":[{"href":"http:\/\/drkozarevcosmedics.com\/tr\/wp-json\/wp\/v2\/product"}],"about":[{"href":"http:\/\/drkozarevcosmedics.com\/tr\/wp-json\/wp\/v2\/types\/product"}],"replies":[{"embeddable":true,"href":"http:\/\/drkozarevcosmedics.com\/tr\/wp-json\/wp\/v2\/comments?post=7899"}],"version-history":[{"count":1,"href":"http:\/\/drkozarevcosmedics.com\/tr\/wp-json\/wp\/v2\/product\/7899\/revisions"}],"predecessor-version":[{"id":7901,"href":"http:\/\/drkozarevcosmedics.com\/tr\/wp-json\/wp\/v2\/product\/7899\/revisions\/7901"}],"wp:featuredmedia":[{"embeddable":true,"href":"http:\/\/drkozarevcosmedics.com\/tr\/wp-json\/wp\/v2\/media\/7900"}],"wp:attachment":[{"href":"http:\/\/drkozarevcosmedics.com\/tr\/wp-json\/wp\/v2\/media?parent=7899"}],"wp:term":[{"taxonomy":"product_brand","embeddable":true,"href":"http:\/\/drkozarevcosmedics.com\/tr\/wp-json\/wp\/v2\/product_brand?post=7899"},{"taxonomy":"product_cat","embeddable":true,"href":"http:\/\/drkozarevcosmedics.com\/tr\/wp-json\/wp\/v2\/product_cat?post=7899"},{"taxonomy":"product_tag","embeddable":true,"href":"http:\/\/drkozarevcosmedics.com\/tr\/wp-json\/wp\/v2\/product_tag?post=7899"}],"curies":[{"name":"wp","href":"https:\/\/api.w.org\/{rel}","templated":true}]}}