{"id":7893,"date":"2026-04-11T08:46:38","date_gmt":"2026-04-11T08:46:38","guid":{"rendered":"https:\/\/drkozarevcosmedics.com\/?post_type=product&#038;p=7893"},"modified":"2026-04-11T08:46:38","modified_gmt":"2026-04-11T08:46:38","slug":"ginsengplus","status":"publish","type":"product","link":"http:\/\/drkozarevcosmedics.com\/tr\/product\/ginsengplus\/","title":{"rendered":"GINSENGPLUS"},"content":{"rendered":"","protected":false},"excerpt":{"rendered":"<p>GINSENGPLUS je dijetetski dodatak ishrani (dijetetski suplement) koji sadr\u017ei standardizovane biljne ekstrakte korejskog i sibirskog \u017een\u0161ena, gvarane, kola oraha, vitamin C i E, kreatin i karnitin.<\/p>\n<p>Ovi aktivni sastojci se brzo apsorbuju i koriste u na\u0161em organizmu pru\u017eaju\u0107i mu momentalni ose\u0107aj energije.<\/p>\n<p>Korejski\/kineski \u017een\u0161en doprinosi fizi\u010dkim performansama, snazi organizma, metabolizmu glukoze, vigilanci, vitalnosti i smanjenju zamaranja.<\/p>\n<p>Sibirski \u017een\u0161en doprinosi adaptogenoj sposobnosti, tj. odr\u017eavanju prirodne homeostaze organizma i oporavku nakon bolesti.<\/p>\n<p>Gvarana dorinosi metabolizmu masti i za\u0161titi od stresa i uticaja okoline. Vitamin C doprinosi normalnom energetskom metabolizmu i spre\u010davanju umora i iscrpljenosti. Vitamini C i E doprinose za\u0161titi \u0107elija od oksidativnog stresa.<\/p>\n<p>Karnitin stimuli\u0161e proizvodnju energije na \u0107eliskom nivou i ima va\u017enu ulogu u metabolizmu masnih kiselina, neophodan je za dobro funkcionisanje mi\u0161i\u0107a. Kreatin omogu\u0107ava maksimalno iskori\u0161\u0107enje \u0107elijskih energetskih rezervi, pove\u0107ava energetski metabolizma mi\u0161i\u0107a i odlaganju faze zamora tokom ve\u017ebanja.<\/p>\n<p>&nbsp;<\/p>\n<p><strong>Ne sadr\u017ei:<\/strong> gluten, s\u00fct t\u00fcrevleri, laktoz ve GDO'lar.<\/p>\n<p>\u00dcr\u00fcn vegan beslenmeye uygundur.<\/p>\n<p>&nbsp;<\/p>\n<p>\u00dcr\u00fcn S\u0131rbistan Cumhuriyeti Sa\u011fl\u0131k Bakanl\u0131\u011f\u0131 veri taban\u0131nda kay\u0131tl\u0131d\u0131r.<\/p>","protected":false},"featured_media":7894,"comment_status":"closed","ping_status":"closed","template":"","meta":{"slim_seo":{"title":"GINSENGPLUS - Dr Kozarev Cosmedics","description":"GINSENGPLUS je dijetetski dodatak ishrani (dijetetski suplement) koji sadr\u017ei standardizovane biljne ekstrakte korejskog i sibirskog \u017een\u0161ena, gvarane, kola oraha"}},"product_brand":[],"product_cat":[92],"product_tag":[],"class_list":{"0":"post-7893","1":"product","2":"type-product","3":"status-publish","4":"has-post-thumbnail","6":"product_cat-esi-suplementi","8":"first","9":"instock","10":"shipping-taxable","11":"purchasable","12":"product-type-simple"},"_links":{"self":[{"href":"http:\/\/drkozarevcosmedics.com\/tr\/wp-json\/wp\/v2\/product\/7893","targetHints":{"allow":["GET"]}}],"collection":[{"href":"http:\/\/drkozarevcosmedics.com\/tr\/wp-json\/wp\/v2\/product"}],"about":[{"href":"http:\/\/drkozarevcosmedics.com\/tr\/wp-json\/wp\/v2\/types\/product"}],"replies":[{"embeddable":true,"href":"http:\/\/drkozarevcosmedics.com\/tr\/wp-json\/wp\/v2\/comments?post=7893"}],"version-history":[{"count":1,"href":"http:\/\/drkozarevcosmedics.com\/tr\/wp-json\/wp\/v2\/product\/7893\/revisions"}],"predecessor-version":[{"id":7895,"href":"http:\/\/drkozarevcosmedics.com\/tr\/wp-json\/wp\/v2\/product\/7893\/revisions\/7895"}],"wp:featuredmedia":[{"embeddable":true,"href":"http:\/\/drkozarevcosmedics.com\/tr\/wp-json\/wp\/v2\/media\/7894"}],"wp:attachment":[{"href":"http:\/\/drkozarevcosmedics.com\/tr\/wp-json\/wp\/v2\/media?parent=7893"}],"wp:term":[{"taxonomy":"product_brand","embeddable":true,"href":"http:\/\/drkozarevcosmedics.com\/tr\/wp-json\/wp\/v2\/product_brand?post=7893"},{"taxonomy":"product_cat","embeddable":true,"href":"http:\/\/drkozarevcosmedics.com\/tr\/wp-json\/wp\/v2\/product_cat?post=7893"},{"taxonomy":"product_tag","embeddable":true,"href":"http:\/\/drkozarevcosmedics.com\/tr\/wp-json\/wp\/v2\/product_tag?post=7893"}],"curies":[{"name":"wp","href":"https:\/\/api.w.org\/{rel}","templated":true}]}}