{"id":7890,"date":"2026-04-11T08:45:12","date_gmt":"2026-04-11T08:45:12","guid":{"rendered":"https:\/\/drkozarevcosmedics.com\/?post_type=product&#038;p=7890"},"modified":"2026-04-11T08:45:12","modified_gmt":"2026-04-11T08:45:12","slug":"zeleni-caj-the-verde-500-mg","status":"publish","type":"product","link":"http:\/\/drkozarevcosmedics.com\/tr\/product\/zeleni-caj-the-verde-500-mg\/","title":{"rendered":"Zeleni \u010daj &#8211; The verde 500 mg"},"content":{"rendered":"","protected":false},"excerpt":{"rendered":"<p>Zeleni \u010daj je dodatak ishrani sa antioksidantnim dejstvom koji se preporu\u010duje kao pomo\u0107 u toku re\u017eima mr\u0161avljenja. Rezultati klini\u010dkih studija pokazuju da komponente ekstrakta zelenog \u010daja smanjuju resorpciju masti i ugljenih hidrata. Poma\u017ee aktiviranje metaboli\u010dkih procesa i stimuli\u0161e eliminaciju masnih naslaga i suvi\u0161ne te\u010dnosti iz organizma, a naro\u010dito efikasno deluje na naslage masti u predelu stomaka.<\/p>\n<p>Pored toga, zeleni \u010daj \u0161titi srce i krvne sudove i usporava starenje ko\u017ee.<\/p>\n<p>Redovno konzumiranje zelenog \u010daja ima brojna blagotvorna dejstva. Najva\u017enije je to \u0161to je on veoma jak antioksidans (zbog visoke koncentracije polifenola) i bori se protiv slobodnih radikala koji menjaju \u0107elije u organizmu, o\u0161te\u0107uju DNK i dovode do smrti \u0107elija. Antioksidansi u zelenom \u010daju su nekoliko desetina puta efikasniji od vitamina C i E, koji va\u017ee za dobre antioksidanse. Mladi listovi \u010daja su bogati antioksidansima i da bio se o\u010duvalo to dejstvo &#8211; neophodno je da se prikupe i obrade pre fermentacije koja dovodi do tamne boje karakteristi\u010dne za obi\u010dan \u010daj.<\/p>\n<p>Kapsule The verde ESI\u00ae sadr\u017ee mikronizovani prah suvih listova i suvi ekstrakt lista sa 40% polifenola koji su nosioci antioksidansnog dejstva.<\/p>\n<p>Umesto klasi\u010dnih \u017eelatinskih kapsula ESI\u00ae koristi Naturcaps\u00ae kapsule koje su celulozne biljne kapsule, bez \u017eelatina i ve\u0161ta\u010dkih boja.<\/p>\n<p>&nbsp;<\/p>\n<p><strong>\u00dcr\u00fcn \u015funlar\u0131 i\u00e7ermez:<\/strong> gluten, s\u00fct t\u00fcrevleri, laktoz ve GDO'lar.<\/p>\n<p>\u00dcr\u00fcn vegan beslenmeye uygundur.<\/p>\n<p>\u00dcr\u00fcn S\u0131rbistan Cumhuriyeti Sa\u011fl\u0131k Bakanl\u0131\u011f\u0131 veri taban\u0131nda kay\u0131tl\u0131d\u0131r.<\/p>","protected":false},"featured_media":7891,"comment_status":"closed","ping_status":"closed","template":"","meta":{"slim_seo":{"title":"Zeleni \u010daj - The verde 500 mg - Dr Kozarev Cosmedics","description":"Zeleni \u010daj je dodatak ishrani sa antioksidantnim dejstvom koji se preporu\u010duje kao pomo\u0107 u toku re\u017eima mr\u0161avljenja. Rezultati klini\u010dkih studija pokazuju da kompo"}},"product_brand":[],"product_cat":[92],"product_tag":[],"class_list":{"0":"post-7890","1":"product","2":"type-product","3":"status-publish","4":"has-post-thumbnail","6":"product_cat-esi-suplementi","8":"first","9":"instock","10":"shipping-taxable","11":"purchasable","12":"product-type-simple"},"_links":{"self":[{"href":"http:\/\/drkozarevcosmedics.com\/tr\/wp-json\/wp\/v2\/product\/7890","targetHints":{"allow":["GET"]}}],"collection":[{"href":"http:\/\/drkozarevcosmedics.com\/tr\/wp-json\/wp\/v2\/product"}],"about":[{"href":"http:\/\/drkozarevcosmedics.com\/tr\/wp-json\/wp\/v2\/types\/product"}],"replies":[{"embeddable":true,"href":"http:\/\/drkozarevcosmedics.com\/tr\/wp-json\/wp\/v2\/comments?post=7890"}],"version-history":[{"count":1,"href":"http:\/\/drkozarevcosmedics.com\/tr\/wp-json\/wp\/v2\/product\/7890\/revisions"}],"predecessor-version":[{"id":7892,"href":"http:\/\/drkozarevcosmedics.com\/tr\/wp-json\/wp\/v2\/product\/7890\/revisions\/7892"}],"wp:featuredmedia":[{"embeddable":true,"href":"http:\/\/drkozarevcosmedics.com\/tr\/wp-json\/wp\/v2\/media\/7891"}],"wp:attachment":[{"href":"http:\/\/drkozarevcosmedics.com\/tr\/wp-json\/wp\/v2\/media?parent=7890"}],"wp:term":[{"taxonomy":"product_brand","embeddable":true,"href":"http:\/\/drkozarevcosmedics.com\/tr\/wp-json\/wp\/v2\/product_brand?post=7890"},{"taxonomy":"product_cat","embeddable":true,"href":"http:\/\/drkozarevcosmedics.com\/tr\/wp-json\/wp\/v2\/product_cat?post=7890"},{"taxonomy":"product_tag","embeddable":true,"href":"http:\/\/drkozarevcosmedics.com\/tr\/wp-json\/wp\/v2\/product_tag?post=7890"}],"curies":[{"name":"wp","href":"https:\/\/api.w.org\/{rel}","templated":true}]}}