{"id":7884,"date":"2026-04-11T08:41:28","date_gmt":"2026-04-11T08:41:28","guid":{"rendered":"https:\/\/drkozarevcosmedics.com\/?post_type=product&#038;p=7884"},"modified":"2026-04-11T08:41:28","modified_gmt":"2026-04-11T08:41:28","slug":"multicomplex-vitamin-d3","status":"publish","type":"product","link":"http:\/\/drkozarevcosmedics.com\/tr\/product\/multicomplex-vitamin-d3\/","title":{"rendered":"Multicomplex Vitamin D3"},"content":{"rendered":"","protected":false},"excerpt":{"rendered":"<p>Vitamin D 2000 IU, 30 mikrotableta<br \/>\nVitamin D 2000 IU je dodatak ishrani namenjen osobama sa izra\u017eenom hipovitaminozom vitamina D, sa oslabljenim imunitetom, sa osteopenijom, osteomalcijom, osteoporozom, dijabetesom, poreme\u0107enim imunitetom, sa autoimunim, kardiovaskularnim i malignim stanjima, kao i osobama iznad 65 godina starosti u cilju prevencije preloma kostiju.<\/p>\n<p>&nbsp;<\/p>\n<p>Vitamin D je regulator nivoa kalcijuma u organizmu, te omogu\u0107ava normalnu homeostazu kalcijuma u serumu, kao i normalnu mineralizaciju kostiju, a spre\u010dava hipokalcemijsku tetaniju mi\u0161i\u0107a. Poma\u017ee i apsorpciju fosfora. Neophodan je za normalan rast i razvoj kostiju, a potom i za njihovu remodulaciju od strane osteoblasta i osteoklasta. Kod dece deficit vitamina D dovodi do pojave rahitisa, a kod odraslih se manifestuje osteomalacijom. Vitamin D zajedno sa kalcijumom spre\u010dava osteoporozu kod starijih. Osim ovoga, vitamin D ima i jo\u0161 uloga u organizmu, kao \u0161to su redukcija inflamatornih procesa, ulogu u imunskom sistemu za\u0161tite organizma, i mnoge druge.<\/p>\n<p>&nbsp;<\/p>\n<p><strong>Vitamin D doprinosi:<\/strong><\/p>\n<p>&#8211; normalnoj funkciji imunskog sistema kod dece i odraslih.<br \/>\n&#8211; odr\u017eavanju normalne mi\u0161i\u0107ne funkcije,<br \/>\n&#8211; odr\u017eavanju normalnih kostiju,<br \/>\n&#8211; odr\u017eavanju normalnih zuba,<br \/>\n&#8211; normalnom rastu i razvoju kostiju kod dece,<br \/>\n&#8211; normalnoj apsorpciji i iskori\u0161\u0107enju kalcijuma i fosfora,<br \/>\n&#8211; normalnom nivou kalcijuma u krvi,<br \/>\n&#8211; smanjenju gubitka ko\u0161tane mase kod \u017eena u post-menopauzalnom period (iznad 50 godina). Niska gustina kostiju je faktor rizika nastanka preloma kostiju usled osteoporoze,<br \/>\n&#8211; smanjenju rizika od padova usled posturalne nestabilnosti i mi\u0161i\u0107ne slabosti. Padovi su faktor rizika nastanka fraktura kostiju kod \u017eena i mu\u0161karaca iznad 60 godina.<\/p>\n<p>\u00dcr\u00fcn \u015funlar\u0131 i\u00e7ermez: gluten, s\u00fct t\u00fcrevleri, laktoz ve GDO'lar.<\/p>\n<p>Proizvod je pogodan za vegetarijanski na\u010din ishrane.<\/p>\n<p>\u00dcr\u00fcn S\u0131rbistan Cumhuriyeti Sa\u011fl\u0131k Bakanl\u0131\u011f\u0131 veri taban\u0131nda kay\u0131tl\u0131d\u0131r.<\/p>","protected":false},"featured_media":7885,"comment_status":"closed","ping_status":"closed","template":"","meta":{"slim_seo":{"title":"Multicomplex Vitamin D3 - Dr Kozarev Cosmedics","description":"Vitamin D 2000 IU, 30 mikrotableta Vitamin D 2000 IU je dodatak ishrani namenjen osobama sa izra\u017eenom hipovitaminozom vitamina D, sa oslabljenim imunitetom, sa"}},"product_brand":[],"product_cat":[92],"product_tag":[],"class_list":{"0":"post-7884","1":"product","2":"type-product","3":"status-publish","4":"has-post-thumbnail","6":"product_cat-esi-suplementi","8":"first","9":"instock","10":"shipping-taxable","11":"purchasable","12":"product-type-simple"},"_links":{"self":[{"href":"http:\/\/drkozarevcosmedics.com\/tr\/wp-json\/wp\/v2\/product\/7884","targetHints":{"allow":["GET"]}}],"collection":[{"href":"http:\/\/drkozarevcosmedics.com\/tr\/wp-json\/wp\/v2\/product"}],"about":[{"href":"http:\/\/drkozarevcosmedics.com\/tr\/wp-json\/wp\/v2\/types\/product"}],"replies":[{"embeddable":true,"href":"http:\/\/drkozarevcosmedics.com\/tr\/wp-json\/wp\/v2\/comments?post=7884"}],"version-history":[{"count":1,"href":"http:\/\/drkozarevcosmedics.com\/tr\/wp-json\/wp\/v2\/product\/7884\/revisions"}],"predecessor-version":[{"id":7886,"href":"http:\/\/drkozarevcosmedics.com\/tr\/wp-json\/wp\/v2\/product\/7884\/revisions\/7886"}],"wp:featuredmedia":[{"embeddable":true,"href":"http:\/\/drkozarevcosmedics.com\/tr\/wp-json\/wp\/v2\/media\/7885"}],"wp:attachment":[{"href":"http:\/\/drkozarevcosmedics.com\/tr\/wp-json\/wp\/v2\/media?parent=7884"}],"wp:term":[{"taxonomy":"product_brand","embeddable":true,"href":"http:\/\/drkozarevcosmedics.com\/tr\/wp-json\/wp\/v2\/product_brand?post=7884"},{"taxonomy":"product_cat","embeddable":true,"href":"http:\/\/drkozarevcosmedics.com\/tr\/wp-json\/wp\/v2\/product_cat?post=7884"},{"taxonomy":"product_tag","embeddable":true,"href":"http:\/\/drkozarevcosmedics.com\/tr\/wp-json\/wp\/v2\/product_tag?post=7884"}],"curies":[{"name":"wp","href":"https:\/\/api.w.org\/{rel}","templated":true}]}}