{"id":7874,"date":"2026-04-11T08:31:32","date_gmt":"2026-04-11T08:31:32","guid":{"rendered":"https:\/\/drkozarevcosmedics.com\/?post_type=product&#038;p=7874"},"modified":"2026-04-11T08:33:29","modified_gmt":"2026-04-11T08:33:29","slug":"multicomplex-donna","status":"publish","type":"product","link":"http:\/\/drkozarevcosmedics.com\/tr\/product\/multicomplex-donna\/","title":{"rendered":"Multicomplex Donna"},"content":{"rendered":"","protected":false},"excerpt":{"rendered":"<p>MULTICOMPLEX DONNA<br \/>\nVitamini + minerali + Koenzim Q10<\/p>\n<p>MULTICOMPLEX DONNA je dodatak ishrani (dijetetski suplement) sa vitaminima, mineralima i koenzimom Q10 koji je prilago\u0111en potrebama \u017eena.<\/p>\n<p>Vitamini B2, C, E i cink doprinose za\u0161titi \u0107elija od oksidativnog stresa.<\/p>\n<p>Vitamini B grupe, vitamin C, magnezijum, fosfor i kalcijum doprinose normalnom energetskom metabolizmu.<\/p>\n<p>Vitamini B2, B3, B5, B6, B12, C, folna kiselina i magnezijum doprinose smanjenju umora i iscrpljenosti.<\/p>\n<p>Magnezijum i kalcijum doprinose odr\u017eavanju normalne funkcije mi\u0161i\u0107a.<\/p>\n<p>Cink doprinosi odr\u017eavanju plodnosti i reproduktivnog zdravlja.<\/p>\n<p>Cink doprinosi odr\u017eavanju kose, ko\u017ee i noktiju. Tako\u0111e doprinosi o\u010duvanju vida.<\/p>\n<p>&nbsp;<\/p>\n<p>Vitamini A, B6, B9, B12, C, D, bakar, cink, gvo\u017e\u0111e i selen doprinose normalnoj funkciji imunskog sistema.<\/p>\n<p>Vitamini D i K, cink, magnezijum i mangan doprinose odr\u017eavanju normalnih kostiju.<\/p>\n<p>Cink i selen doprinose odr\u017eavanju normalne kose i noktiju.<\/p>\n<p>&nbsp;<\/p>\n<p>MULTICOMPLEX DONNA tablete imaju kompletan, uravnote\u017een i bezbedan sadr\u017eaj vitamina i minerala koji je skladu sa va\u017ee\u0107im vrednostima RDA (preporu\u010denim dnevnim unosom).<\/p>\n<p>\u00dcr\u00fcn \u015funlar\u0131 i\u00e7ermez: gluten, s\u00fct t\u00fcrevleri, laktoz ve GDO'lar.<\/p>\n<p>\u00dcr\u00fcn S\u0131rbistan Cumhuriyeti Sa\u011fl\u0131k Bakanl\u0131\u011f\u0131 veri taban\u0131nda kay\u0131tl\u0131d\u0131r.<\/p>","protected":false},"featured_media":7875,"comment_status":"closed","ping_status":"closed","template":"","meta":{"slim_seo":{"title":"Multicomplex Donna - Dr Kozarev Cosmedics","description":"MULTICOMPLEX DONNA Vitamini + minerali + Koenzim Q10 MULTICOMPLEX DONNA je dodatak ishrani (dijetetski suplement) sa vitaminima, mineralima i koenzimom Q10 koji"}},"product_brand":[],"product_cat":[92],"product_tag":[],"class_list":{"0":"post-7874","1":"product","2":"type-product","3":"status-publish","4":"has-post-thumbnail","6":"product_cat-esi-suplementi","8":"first","9":"instock","10":"shipping-taxable","11":"purchasable","12":"product-type-simple"},"_links":{"self":[{"href":"http:\/\/drkozarevcosmedics.com\/tr\/wp-json\/wp\/v2\/product\/7874","targetHints":{"allow":["GET"]}}],"collection":[{"href":"http:\/\/drkozarevcosmedics.com\/tr\/wp-json\/wp\/v2\/product"}],"about":[{"href":"http:\/\/drkozarevcosmedics.com\/tr\/wp-json\/wp\/v2\/types\/product"}],"replies":[{"embeddable":true,"href":"http:\/\/drkozarevcosmedics.com\/tr\/wp-json\/wp\/v2\/comments?post=7874"}],"version-history":[{"count":2,"href":"http:\/\/drkozarevcosmedics.com\/tr\/wp-json\/wp\/v2\/product\/7874\/revisions"}],"predecessor-version":[{"id":7877,"href":"http:\/\/drkozarevcosmedics.com\/tr\/wp-json\/wp\/v2\/product\/7874\/revisions\/7877"}],"wp:featuredmedia":[{"embeddable":true,"href":"http:\/\/drkozarevcosmedics.com\/tr\/wp-json\/wp\/v2\/media\/7875"}],"wp:attachment":[{"href":"http:\/\/drkozarevcosmedics.com\/tr\/wp-json\/wp\/v2\/media?parent=7874"}],"wp:term":[{"taxonomy":"product_brand","embeddable":true,"href":"http:\/\/drkozarevcosmedics.com\/tr\/wp-json\/wp\/v2\/product_brand?post=7874"},{"taxonomy":"product_cat","embeddable":true,"href":"http:\/\/drkozarevcosmedics.com\/tr\/wp-json\/wp\/v2\/product_cat?post=7874"},{"taxonomy":"product_tag","embeddable":true,"href":"http:\/\/drkozarevcosmedics.com\/tr\/wp-json\/wp\/v2\/product_tag?post=7874"}],"curies":[{"name":"wp","href":"https:\/\/api.w.org\/{rel}","templated":true}]}}