{"id":658,"date":"2021-12-15T09:53:29","date_gmt":"2021-12-15T09:53:29","guid":{"rendered":"https:\/\/democontent.codex-themes.com\/sites-elementor-v5\/shop-plants-el\/?post_type=product&#038;p=658"},"modified":"2026-04-09T08:07:05","modified_gmt":"2026-04-09T08:07:05","slug":"zinkomed","status":"publish","type":"product","link":"http:\/\/drkozarevcosmedics.com\/tr\/product\/zinkomed\/","title":{"rendered":"\u00c7\u0130NKOL\u00dc KREM"},"content":{"rendered":"<p>Zinkomed umiruju\u0107i krem namenjen je iritiranoj ko\u017ei koja je sklona crvenilu, zapaljenju, perutanju, svrabu ili iritaciji nakon dermatolo\u0161kih tretmana. Zinkomed formira za\u0161titni film koji omogu\u0107ava ko\u017ei da di\u0161e.<\/p>\n<p>Zinkomed krem je jedinstven preparat i po tome \u0161to, sem nege, ko\u017ei pru\u017ea i <strong>za\u0161titu od UV zraka zahvaljuju\u0107i fotoza\u0161titnom efektu jednakom faktoru 30.\u00a0<\/strong><\/p>\n<p>Zahvaljuju\u0107i hijaluronskoj kiselini, Zinkomed intezivno hidrira dok cink umiruje ko\u017eu. Temeljno \u0161titi, regeneri\u0161e ko\u017eu. Nakon upotrebe Zinkomed krema, ko\u017ea je meka i elasti\u010dna.<\/p>\n<h4><a href=\"#section-937b702-1\" data-vc-accordion=\"\" data-vc-container=\".gem-tta-container\"><br \/>\nNA\u010cIN UPOTREBE<\/a><\/h4>\n<p>&nbsp;<\/p>\n<p>Optimalan ose\u0107aj prijatne nege posti\u017ee se nano\u0161enjem kreme nakon \u010di\u0161\u0107enja i ne\u017enog su\u0161enja ko\u017ee.<\/p>\n<h4><a href=\"#section-937b702-2\" data-vc-accordion=\"\" data-vc-container=\".gem-tta-container\"><br \/>\nAKTIVNI SASTOJCI<\/a><\/h4>\n<p>&nbsp;<\/p>\n<p>Cink oksid, tokoferol.<\/p>\n<p><iframe title=\"Zinkomed - nano\u0161enje kreme na lice\" width=\"1170\" height=\"658\" src=\"https:\/\/www.youtube.com\/embed\/fDapneiwR8o?feature=oembed\" frameborder=\"0\" allow=\"accelerometer; autoplay; clipboard-write; encrypted-media; gyroscope; picture-in-picture; web-share\" referrerpolicy=\"strict-origin-when-cross-origin\" allowfullscreen><\/iframe><br \/>\n&lt;! &#8211;Sourced from: https:\/\/img-comparison-slider.sneas.io\/&#8211;&gt;<\/p>\n<p><img fetchpriority=\"high\" src=\"http:\/\/drkozarevcosmedics.com\/wp-content\/uploads\/2021\/12\/zinkomed-before-scaled.webp\" width=\"600\" height=\"600\" \/><br \/>\n<img src=\"http:\/\/drkozarevcosmedics.com\/wp-content\/uploads\/2021\/12\/zinkomed-after-scaled.webp\" width=\"600\" height=\"600\" \/><\/p>\n<style>\/*! elementor - v3.19.0 - 07-02-2024 *\/<br \/>.elementor-heading-title{padding:0;margin:0;line-height:1}.elementor-widget-heading .elementor-heading-title[class*=elementor-size-]>a{color:inherit;font-size:inherit;line-height:inherit}.elementor-widget-heading .elementor-heading-title.elementor-size-small{font-size:15px}.elementor-widget-heading .elementor-heading-title.elementor-size-medium{font-size:19px}.elementor-widget-heading .elementor-heading-title.elementor-size-large{font-size:29px}.elementor-widget-heading .elementor-heading-title.elementor-size-xl{font-size:39px}.elementor-widget-heading .elementor-heading-title.elementor-size-xxl{font-size:59px}<\/style>\n<h2>Zinkomed krem umiruje<\/h2>\n<style>\/*! elementor - v3.19.0 - 07-02-2024 *\/<br \/>.elementor-widget-image{text-align:center}.elementor-widget-image a{display:inline-block}.elementor-widget-image a img[src$=\".svg\"]{width:48px}.elementor-widget-image img{vertical-align:middle;display:inline-block}<\/style>\n<p><img src=\"http:\/\/drkozarevcosmedics.com\/wp-content\/uploads\/2021\/12\/zinkomed-ikonice-1024x215.png\" sizes=\"(max-width: 1024px) 100vw, 1024px\" srcset=\"https:\/\/drkozarevcosmedics.com\/wp-content\/uploads\/2021\/12\/zinkomed-ikonice-1024x215.png 1024w, https:\/\/drkozarevcosmedics.com\/wp-content\/uploads\/2021\/12\/zinkomed-ikonice-300x63.png 300w, https:\/\/drkozarevcosmedics.com\/wp-content\/uploads\/2021\/12\/zinkomed-ikonice-768x161.png 768w, https:\/\/drkozarevcosmedics.com\/wp-content\/uploads\/2021\/12\/zinkomed-ikonice-1536x322.png 1536w, https:\/\/drkozarevcosmedics.com\/wp-content\/uploads\/2021\/12\/zinkomed-ikonice-600x126.png 600w, https:\/\/drkozarevcosmedics.com\/wp-content\/uploads\/2021\/12\/zinkomed-ikonice.png 1955w\" alt=\"\" width=\"1024\" height=\"215\" \/><\/p>\n<p>TREBA VAM POMO\u0106 U PRONALA\u017dNJU SKINCARE RUTINE?<\/p>\n<p><a href=\"https:\/\/drkozarevcosmedics.com\/routine-finder\/\">PRONA\u0110ITE SVOJU SKINCARE RUTINU<\/a>. ZAPO\u010cNI KVALITETNU NEGU KO\u017dE DANAS.<\/p>\n<h2>PREPORU\u010cENE SKINCARE RUTINE SA ZINKOMED KREMOM:<\/h2>\n<p><a href=\"https:\/\/drkozarevcosmedics.com\/product\/clear-skin-set\/\"><br \/>\n<img loading=\"lazy\" src=\"http:\/\/drkozarevcosmedics.com\/wp-content\/uploads\/2021\/12\/SMC11986-scaled.webp\" sizes=\"(max-width: 1707px) 100vw, 1707px\" srcset=\"https:\/\/drkozarevcosmedics.com\/wp-content\/uploads\/2021\/12\/SMC11986-scaled.webp 1707w, https:\/\/drkozarevcosmedics.com\/wp-content\/uploads\/2021\/12\/SMC11986-200x300.webp 200w, https:\/\/drkozarevcosmedics.com\/wp-content\/uploads\/2021\/12\/SMC11986-683x1024.webp 683w, https:\/\/drkozarevcosmedics.com\/wp-content\/uploads\/2021\/12\/SMC11986-768x1152.webp 768w, https:\/\/drkozarevcosmedics.com\/wp-content\/uploads\/2021\/12\/SMC11986-1024x1536.webp 1024w, https:\/\/drkozarevcosmedics.com\/wp-content\/uploads\/2021\/12\/SMC11986-1366x2048.webp 1366w, https:\/\/drkozarevcosmedics.com\/wp-content\/uploads\/2021\/12\/SMC11986-600x900.webp 600w\" alt=\"\" width=\"1707\" height=\"2560\" \/> <\/a><\/p>\n<h2><a href=\"https:\/\/drkozarevcosmedics.com\/product\/clear-skin-set\/\">CLEAR SKIN SET<\/a><\/h2>\n<p>Skincare rutina za ko\u017eu koja ima fleke i neravnine. Preporu\u010duje se za mitisere, ko\u017eu sa seborejom i borama.<\/p>\n<p><a href=\"https:\/\/drkozarevcosmedics.com\/product\/youth-radiance-set\/\"><br \/>\n<img loading=\"lazy\" src=\"http:\/\/drkozarevcosmedics.com\/wp-content\/uploads\/2021\/12\/rutina-e.jpg\" sizes=\"(max-width: 718px) 100vw, 718px\" srcset=\"https:\/\/drkozarevcosmedics.com\/wp-content\/uploads\/2021\/12\/rutina-e.jpg 718w, https:\/\/drkozarevcosmedics.com\/wp-content\/uploads\/2021\/12\/rutina-e-199x300.jpg 199w, https:\/\/drkozarevcosmedics.com\/wp-content\/uploads\/2021\/12\/rutina-e-681x1024.jpg 681w, https:\/\/drkozarevcosmedics.com\/wp-content\/uploads\/2021\/12\/rutina-e-600x903.jpg 600w\" alt=\"\" width=\"718\" height=\"1080\" \/> <\/a><\/p>\n<h2><a href=\"https:\/\/drkozarevcosmedics.com\/product\/youth-radiance-set\/\">YOUTH RADIANCE SET<br \/>\n<\/a><\/h2>\n<p>Skincare rutina za suvu i osetljivu ko\u017eu sklonu iritacijama, aknama i mitiserima. Idealna rutina za umornu ko\u017eu koju treba umiriti.<\/p>\n<h2>KONTAKTIRAJTE NAS<\/h2>\n<p><a href=\"mailto:info.kozarev@gmail.com\"><br \/>\n<img loading=\"lazy\" src=\"http:\/\/drkozarevcosmedics.com\/wp-content\/uploads\/2021\/12\/emailicon-removebg-preview.png\" alt=\"\" width=\"165\" height=\"161\" \/> <\/a><\/p>\n<h2><a href=\"mailto:info.kozarev@gmail.com\">EMAIL<\/a><\/h2>\n<p><a href=\"https:\/\/www.instagram.com\/direct\/t\/17847652074192796\"><br \/>\n<img loading=\"lazy\" src=\"http:\/\/drkozarevcosmedics.com\/wp-content\/uploads\/2021\/12\/instagram-removebg-preview.png\" alt=\"\" width=\"165\" height=\"161\" \/> <\/a><\/p>\n<h2><a href=\"https:\/\/www.instagram.com\/direct\/t\/17847652074192796\" target=\"_blank\" rel=\"noopener\">instagram dm<\/a><\/h2>\n<p><img loading=\"lazy\" src=\"http:\/\/drkozarevcosmedics.com\/wp-content\/uploads\/2021\/12\/virtuelne-removebg-preview.png\" alt=\"\" width=\"165\" height=\"161\" \/><\/p>\n<h2>virtuelna konsultacija (USKORO)<\/h2>\n","protected":false},"excerpt":{"rendered":"<p>&nbsp;<\/p>\n<ul>\n<li style=\"text-align: left;\">Proizvod ima fotoza\u0161titni efekat jednak faktoru 30<\/li>\n<li style=\"text-align: left;\">Umiruje i hladi iritiranu ko\u017eu<\/li>\n<li style=\"text-align: left;\">Smanjuje crvenilo<\/li>\n<li style=\"text-align: left;\">Ne isu\u0161uje ko\u017eu<\/li>\n<\/ul>\n<p>&nbsp;<\/p>\n<p>INCI: Aqua, Gliserol, Parafin Liquidum, Alkol, \u00c7inko Oksit, Tokoferol, Setil Alkol, Gliserol Stearat, Petrolatum, Tokoferol, Propilen Glikol, Benzil Alkol, Dehidroasetik Asit, Parf\u00fcm.<\/p>\n<p>&nbsp;<\/p>","protected":false},"featured_media":5265,"comment_status":"open","ping_status":"closed","template":"elementor_theme","meta":{"slim_seo":{"title":"ZINKOMED KREM - Dr Kozarev Cosmedics","description":"&nbsp; Proizvod ima fotoza\u0161titni efekat jednak faktoru 30 Umiruje i hladi iritiranu ko\u017eu Smanjuje crvenilo Ne isu\u0161uje ko\u017eu &nbsp; INCI: Aqua, Glycerol, Paraffin"}},"product_brand":[],"product_cat":[75,59],"product_tag":[],"class_list":{"0":"post-658","1":"product","2":"type-product","3":"status-publish","4":"has-post-thumbnail","6":"product_cat-akne","7":"product_cat-proizvodi","9":"first","10":"instock","11":"shipping-taxable","12":"purchasable","13":"product-type-simple"},"_links":{"self":[{"href":"http:\/\/drkozarevcosmedics.com\/tr\/wp-json\/wp\/v2\/product\/658","targetHints":{"allow":["GET"]}}],"collection":[{"href":"http:\/\/drkozarevcosmedics.com\/tr\/wp-json\/wp\/v2\/product"}],"about":[{"href":"http:\/\/drkozarevcosmedics.com\/tr\/wp-json\/wp\/v2\/types\/product"}],"replies":[{"embeddable":true,"href":"http:\/\/drkozarevcosmedics.com\/tr\/wp-json\/wp\/v2\/comments?post=658"}],"version-history":[{"count":25,"href":"http:\/\/drkozarevcosmedics.com\/tr\/wp-json\/wp\/v2\/product\/658\/revisions"}],"predecessor-version":[{"id":7871,"href":"http:\/\/drkozarevcosmedics.com\/tr\/wp-json\/wp\/v2\/product\/658\/revisions\/7871"}],"wp:featuredmedia":[{"embeddable":true,"href":"http:\/\/drkozarevcosmedics.com\/tr\/wp-json\/wp\/v2\/media\/5265"}],"wp:attachment":[{"href":"http:\/\/drkozarevcosmedics.com\/tr\/wp-json\/wp\/v2\/media?parent=658"}],"wp:term":[{"taxonomy":"product_brand","embeddable":true,"href":"http:\/\/drkozarevcosmedics.com\/tr\/wp-json\/wp\/v2\/product_brand?post=658"},{"taxonomy":"product_cat","embeddable":true,"href":"http:\/\/drkozarevcosmedics.com\/tr\/wp-json\/wp\/v2\/product_cat?post=658"},{"taxonomy":"product_tag","embeddable":true,"href":"http:\/\/drkozarevcosmedics.com\/tr\/wp-json\/wp\/v2\/product_tag?post=658"}],"curies":[{"name":"wp","href":"https:\/\/api.w.org\/{rel}","templated":true}]}}