{"id":641,"date":"2021-12-15T09:35:00","date_gmt":"2021-12-15T09:35:00","guid":{"rendered":"https:\/\/democontent.codex-themes.com\/sites-elementor-v5\/shop-plants-el\/?post_type=product&#038;p=641"},"modified":"2026-02-04T11:07:47","modified_gmt":"2026-02-04T11:07:47","slug":"youth-radiance-set","status":"publish","type":"product","link":"http:\/\/drkozarevcosmedics.com\/tr\/product\/youth-radiance-set\/","title":{"rendered":"GEN\u00c7L\u0130K I\u015eILTI SET\u0130"},"content":{"rendered":"<div data-elementor-type=\"wp-post\" data-elementor-id=\"641\" class=\"elementor elementor-641\">\n\t\t\t\t<div class=\"elementor-element elementor-element-92d8b8c thegem-e-con-layout-elementor e-flex e-con-boxed e-con e-parent\" data-id=\"92d8b8c\" data-element_type=\"container\" data-e-type=\"container\" data-settings=\"{&quot;thegem_container_layout&quot;:&quot;elementor&quot;}\">\r\n\t\t\t\t\t<div class=\"e-con-inner\">\r\n\t\t\t\t<div class=\"elementor-element elementor-element-e6937aa flex-horizontal-align-default flex-horizontal-align-tablet-default flex-horizontal-align-mobile-default flex-vertical-align-default flex-vertical-align-tablet-default flex-vertical-align-mobile-default elementor-widget elementor-widget-text-editor\" data-id=\"e6937aa\" data-element_type=\"widget\" data-e-type=\"widget\" data-widget_type=\"text-editor.default\">\n\t\t\t\t<div class=\"elementor-widget-container\">\n\t\t\t\t\t\t\t\t\t\t\t\t<div class=\"elementor-text-editor elementor-clearfix\">\r\n\t\t\t\t\t\t<p>Tahri\u015fe, sivilceye ve siyah noktalara e\u011filimli kuru ve hassas ciltler i\u00e7in g\u00fcnl\u00fck rutin. Yorgun ciltler ve rahatlat\u0131lmas\u0131 ve ek olarak nemlendirilmesi gereken ciltler i\u00e7in ideal rutin.<\/p>\t\t\t\t\t\t\t<\/div>\r\n\t\t\t\t\t\t\t\t\t\t<\/div>\n\t\t\t\t<\/div>\n\t\t\t\t\t<\/div>\n\t\t\t\t<\/div>\n\t\t\t\t<\/div>","protected":false},"excerpt":{"rendered":"<p>\u00c7inkomed Krem + E Vitamini Jel<\/p>","protected":false},"featured_media":4324,"comment_status":"open","ping_status":"closed","template":"elementor_theme","meta":{"slim_seo":{"title":"YOUTH RADIANCE SET - Dr Kozarev Cosmedics","description":"\u00c7inkomed Krem + E Vitamini Jel"}},"product_brand":[],"product_cat":[60,101],"product_tag":[],"class_list":{"0":"post-641","1":"product","2":"type-product","3":"status-publish","4":"has-post-thumbnail","6":"product_cat-dk-skincare-rutine","7":"product_cat-specijalne-ponude","9":"first","10":"instock","11":"sale","12":"shipping-taxable","13":"purchasable","14":"product-type-simple"},"_links":{"self":[{"href":"http:\/\/drkozarevcosmedics.com\/tr\/wp-json\/wp\/v2\/product\/641","targetHints":{"allow":["GET"]}}],"collection":[{"href":"http:\/\/drkozarevcosmedics.com\/tr\/wp-json\/wp\/v2\/product"}],"about":[{"href":"http:\/\/drkozarevcosmedics.com\/tr\/wp-json\/wp\/v2\/types\/product"}],"replies":[{"embeddable":true,"href":"http:\/\/drkozarevcosmedics.com\/tr\/wp-json\/wp\/v2\/comments?post=641"}],"version-history":[{"count":12,"href":"http:\/\/drkozarevcosmedics.com\/tr\/wp-json\/wp\/v2\/product\/641\/revisions"}],"predecessor-version":[{"id":4616,"href":"http:\/\/drkozarevcosmedics.com\/tr\/wp-json\/wp\/v2\/product\/641\/revisions\/4616"}],"wp:featuredmedia":[{"embeddable":true,"href":"http:\/\/drkozarevcosmedics.com\/tr\/wp-json\/wp\/v2\/media\/4324"}],"wp:attachment":[{"href":"http:\/\/drkozarevcosmedics.com\/tr\/wp-json\/wp\/v2\/media?parent=641"}],"wp:term":[{"taxonomy":"product_brand","embeddable":true,"href":"http:\/\/drkozarevcosmedics.com\/tr\/wp-json\/wp\/v2\/product_brand?post=641"},{"taxonomy":"product_cat","embeddable":true,"href":"http:\/\/drkozarevcosmedics.com\/tr\/wp-json\/wp\/v2\/product_cat?post=641"},{"taxonomy":"product_tag","embeddable":true,"href":"http:\/\/drkozarevcosmedics.com\/tr\/wp-json\/wp\/v2\/product_tag?post=641"}],"curies":[{"name":"wp","href":"https:\/\/api.w.org\/{rel}","templated":true}]}}