{"id":6174,"date":"2024-08-30T15:50:22","date_gmt":"2024-08-30T15:50:22","guid":{"rendered":"https:\/\/drkozarevcosmedics.com\/?post_type=product&#038;p=6174"},"modified":"2026-02-04T10:15:50","modified_gmt":"2026-02-04T10:15:50","slug":"in-skin-tecni-dezinficijens","status":"publish","type":"product","link":"http:\/\/drkozarevcosmedics.com\/tr\/product\/in-skin-tecni-dezinficijens\/","title":{"rendered":"In Skin te\u010dni dezinficijens"},"content":{"rendered":"","protected":false},"excerpt":{"rendered":"<p>Te\u010dni dezificijens \u0161irokog spektra i vrlo brzog dejstva. Namenjen je odr\u017eavanju li\u010dne higijene, odnosno dezinfekciji zdrave ko\u017ee ruku, ali i dezinfekciji tvrdih povr\u0161ina i opreme u doma\u010dinstvu, uklju\u010duju\u0107i i onu koja dolazi u dodir sa hranom. To je biocidni preparat, koji u svom sastavu sadr\u017ei srebro,peroksid, alkohol i miris mente. Ne sadr\u017ei hlor.<\/p>\n<p>Preparat je testirao Sektor za materijalne resurse Vojno medicinske akademije i poseduje odgovaraju\u0107e re\u0161enje Ministarstva za energetiku, razvoj i za\u0161titu \u017eivotne sredine.<\/p>\n<p>Pakovanje je ekolo\u0161ko, a zahvaljuju\u0107i kvalitetnom mehanizmu za raspr\u0161ivanje, iskori\u0161\u0107enost preparata je maksimalna.<\/p>","protected":false},"featured_media":6175,"comment_status":"closed","ping_status":"closed","template":"","meta":{"slim_seo":{"title":"In Skin te\u010dni dezinficijens - Dr Kozarev Cosmedics","description":"Te\u010dni dezificijens \u0161irokog spektra i vrlo brzog dejstva. Namenjen je odr\u017eavanju li\u010dne higijene, odnosno dezinfekciji zdrave ko\u017ee ruku, ali i dezinfekciji tvrdih"}},"product_brand":[],"product_cat":[76,59],"product_tag":[],"class_list":{"0":"post-6174","1":"product","2":"type-product","3":"status-publish","4":"has-post-thumbnail","6":"product_cat-alergije","7":"product_cat-proizvodi","9":"first","10":"instock","11":"shipping-taxable","12":"purchasable","13":"product-type-simple"},"_links":{"self":[{"href":"http:\/\/drkozarevcosmedics.com\/tr\/wp-json\/wp\/v2\/product\/6174","targetHints":{"allow":["GET"]}}],"collection":[{"href":"http:\/\/drkozarevcosmedics.com\/tr\/wp-json\/wp\/v2\/product"}],"about":[{"href":"http:\/\/drkozarevcosmedics.com\/tr\/wp-json\/wp\/v2\/types\/product"}],"replies":[{"embeddable":true,"href":"http:\/\/drkozarevcosmedics.com\/tr\/wp-json\/wp\/v2\/comments?post=6174"}],"version-history":[{"count":1,"href":"http:\/\/drkozarevcosmedics.com\/tr\/wp-json\/wp\/v2\/product\/6174\/revisions"}],"predecessor-version":[{"id":6176,"href":"http:\/\/drkozarevcosmedics.com\/tr\/wp-json\/wp\/v2\/product\/6174\/revisions\/6176"}],"wp:featuredmedia":[{"embeddable":true,"href":"http:\/\/drkozarevcosmedics.com\/tr\/wp-json\/wp\/v2\/media\/6175"}],"wp:attachment":[{"href":"http:\/\/drkozarevcosmedics.com\/tr\/wp-json\/wp\/v2\/media?parent=6174"}],"wp:term":[{"taxonomy":"product_brand","embeddable":true,"href":"http:\/\/drkozarevcosmedics.com\/tr\/wp-json\/wp\/v2\/product_brand?post=6174"},{"taxonomy":"product_cat","embeddable":true,"href":"http:\/\/drkozarevcosmedics.com\/tr\/wp-json\/wp\/v2\/product_cat?post=6174"},{"taxonomy":"product_tag","embeddable":true,"href":"http:\/\/drkozarevcosmedics.com\/tr\/wp-json\/wp\/v2\/product_tag?post=6174"}],"curies":[{"name":"wp","href":"https:\/\/api.w.org\/{rel}","templated":true}]}}