{"id":6168,"date":"2024-08-30T15:46:38","date_gmt":"2024-08-30T15:46:38","guid":{"rendered":"https:\/\/drkozarevcosmedics.com\/?post_type=product&#038;p=6168"},"modified":"2026-02-04T10:22:00","modified_gmt":"2026-02-04T10:22:00","slug":"sebia-penasta-umivalica","status":"publish","type":"product","link":"http:\/\/drkozarevcosmedics.com\/tr\/product\/sebia-penasta-umivalica\/","title":{"rendered":"Sebia k\u00f6p\u00fck lavabo"},"content":{"rendered":"<div data-elementor-type=\"wp-post\" data-elementor-id=\"6168\" class=\"elementor elementor-6168\">\n\t\t\t\t\t\t<section class=\"elementor-section elementor-top-section elementor-element elementor-element-82762a7 elementor-section-full_width elementor-section-height-default elementor-section-height-default\" data-id=\"82762a7\" data-element_type=\"section\" data-e-type=\"section\" data-settings=\"{&quot;background_background&quot;:&quot;classic&quot;}\">\r\n\t\t\t\t\t\t<div class=\"elementor-container elementor-column-gap-thegem\"><div class=\"elementor-row\">\r\n\t\t\t\t\t<div class=\"elementor-column elementor-col-100 elementor-top-column elementor-element elementor-element-c6ed252\" data-id=\"c6ed252\" data-element_type=\"column\" data-e-type=\"column\">\n\t\t\t<div class=\"elementor-widget-wrap elementor-element-populated\">\n\t\t\t\t\t\t<div class=\"elementor-element elementor-element-4d92da1 flex-horizontal-align-default flex-horizontal-align-tablet-default flex-horizontal-align-mobile-default flex-vertical-align-default flex-vertical-align-tablet-default flex-vertical-align-mobile-default elementor-widget elementor-widget-heading\" data-id=\"4d92da1\" data-element_type=\"widget\" data-e-type=\"widget\" data-widget_type=\"heading.default\">\n\t\t\t\t<div class=\"elementor-widget-container\">\n\t\t\t\t\t<h2 class=\"elementor-heading-title elementor-size-default\">B\u0130ZE ULA\u015eIN<\/h2>\t\t\t\t<\/div>\n\t\t\t\t<\/div>\n\t\t\t\t\t<\/div>\n\t\t<\/div>\n\t\t\t\t\t<\/div><\/div>\r\n\t\t<\/section>\r\n\t\t\t\t<section class=\"elementor-section elementor-top-section elementor-element elementor-element-70e569a elementor-section-full_width elementor-section-height-default elementor-section-height-default\" data-id=\"70e569a\" data-element_type=\"section\" data-e-type=\"section\" data-settings=\"{&quot;background_background&quot;:&quot;classic&quot;}\">\r\n\t\t\t\t\t\t<div class=\"elementor-container elementor-column-gap-thegem\"><div class=\"elementor-row\">\r\n\t\t\t\t\t<div class=\"elementor-column elementor-col-33 elementor-top-column elementor-element elementor-element-38030cf\" data-id=\"38030cf\" data-element_type=\"column\" data-e-type=\"column\" data-settings=\"{&quot;background_background&quot;:&quot;classic&quot;}\">\n\t\t\t<div class=\"elementor-widget-wrap elementor-element-populated\">\n\t\t\t\t\t\t<div class=\"elementor-element elementor-element-8783b2f flex-horizontal-align-default flex-horizontal-align-tablet-default flex-horizontal-align-mobile-default flex-vertical-align-default flex-vertical-align-tablet-default flex-vertical-align-mobile-default elementor-widget elementor-widget-image\" data-id=\"8783b2f\" data-element_type=\"widget\" data-e-type=\"widget\" data-widget_type=\"image.default\">\n\t\t\t\t<div class=\"elementor-widget-container\">\n\t\t\t\t\t\t\t\t\t\t\t\t\t\t\t\t<a href=\"mailto:info.kozarev@gmail.com\">\n\t\t\t\t\t\t\t<img width=\"165\" height=\"161\" src=\"http:\/\/drkozarevcosmedics.com\/wp-content\/uploads\/2021\/12\/emailicon-removebg-preview.png\" class=\"attachment-large size-large wp-image-4449\" alt=\"Emailicon removebg preview\" \/>\t\t\t\t\t\t\t\t<\/a>\n\t\t\t\t\t\t\t\t\t\t\t\t\t\t\t<\/div>\n\t\t\t\t<\/div>\n\t\t\t\t<div class=\"elementor-element elementor-element-89b584b flex-horizontal-align-default flex-horizontal-align-tablet-default flex-horizontal-align-mobile-default flex-vertical-align-default flex-vertical-align-tablet-default flex-vertical-align-mobile-default elementor-widget elementor-widget-heading\" data-id=\"89b584b\" data-element_type=\"widget\" data-e-type=\"widget\" data-widget_type=\"heading.default\">\n\t\t\t\t<div class=\"elementor-widget-container\">\n\t\t\t\t\t<h2 class=\"elementor-heading-title elementor-size-default\"><a href=\"mailto:info.kozarev@gmail.com\">EMAIL<\/a><\/h2>\t\t\t\t<\/div>\n\t\t\t\t<\/div>\n\t\t\t\t\t<\/div>\n\t\t<\/div>\n\t\t\t\t<div class=\"elementor-column elementor-col-33 elementor-top-column elementor-element elementor-element-53acf92\" data-id=\"53acf92\" data-element_type=\"column\" data-e-type=\"column\" data-settings=\"{&quot;background_background&quot;:&quot;classic&quot;}\">\n\t\t\t<div class=\"elementor-widget-wrap elementor-element-populated\">\n\t\t\t\t\t\t<div class=\"elementor-element elementor-element-7e511ac flex-horizontal-align-default flex-horizontal-align-tablet-default flex-horizontal-align-mobile-default flex-vertical-align-default flex-vertical-align-tablet-default flex-vertical-align-mobile-default elementor-widget elementor-widget-image\" data-id=\"7e511ac\" data-element_type=\"widget\" data-e-type=\"widget\" data-widget_type=\"image.default\">\n\t\t\t\t<div class=\"elementor-widget-container\">\n\t\t\t\t\t\t\t\t\t\t\t\t\t\t\t\t<a href=\"https:\/\/www.instagram.com\/direct\/t\/17847652074192796\">\n\t\t\t\t\t\t\t<img width=\"165\" height=\"161\" src=\"http:\/\/drkozarevcosmedics.com\/wp-content\/uploads\/2021\/12\/instagram-removebg-preview.png\" class=\"attachment-large size-large wp-image-4448\" alt=\"Instagram removebg preview\" \/>\t\t\t\t\t\t\t\t<\/a>\n\t\t\t\t\t\t\t\t\t\t\t\t\t\t\t<\/div>\n\t\t\t\t<\/div>\n\t\t\t\t<div class=\"elementor-element elementor-element-6998668 flex-horizontal-align-default flex-horizontal-align-tablet-default flex-horizontal-align-mobile-default flex-vertical-align-default flex-vertical-align-tablet-default flex-vertical-align-mobile-default elementor-widget elementor-widget-heading\" data-id=\"6998668\" data-element_type=\"widget\" data-e-type=\"widget\" data-widget_type=\"heading.default\">\n\t\t\t\t<div class=\"elementor-widget-container\">\n\t\t\t\t\t<h2 class=\"elementor-heading-title elementor-size-default\"><a href=\"https:\/\/www.instagram.com\/direct\/t\/17847652074192796\" target=\"_blank\">instagram dm<\/a><\/h2>\t\t\t\t<\/div>\n\t\t\t\t<\/div>\n\t\t\t\t\t<\/div>\n\t\t<\/div>\n\t\t\t\t<div class=\"elementor-column elementor-col-33 elementor-top-column elementor-element elementor-element-483cc80\" data-id=\"483cc80\" data-element_type=\"column\" data-e-type=\"column\" data-settings=\"{&quot;background_background&quot;:&quot;classic&quot;}\">\n\t\t\t<div class=\"elementor-widget-wrap elementor-element-populated\">\n\t\t\t\t\t\t<div class=\"elementor-element elementor-element-a2b75b9 flex-horizontal-align-default flex-horizontal-align-tablet-default flex-horizontal-align-mobile-default flex-vertical-align-default flex-vertical-align-tablet-default flex-vertical-align-mobile-default elementor-widget elementor-widget-image\" data-id=\"a2b75b9\" data-element_type=\"widget\" data-e-type=\"widget\" data-widget_type=\"image.default\">\n\t\t\t\t<div class=\"elementor-widget-container\">\n\t\t\t\t\t\t\t\t\t\t\t\t\t\t\t<img width=\"165\" height=\"161\" src=\"http:\/\/drkozarevcosmedics.com\/wp-content\/uploads\/2021\/12\/virtuelne-removebg-preview.png\" class=\"attachment-large size-large wp-image-4450\" alt=\"Virtuelne removebg preview\" \/>\t\t\t\t\t\t\t\t\t\t\t\t\t\t\t<\/div>\n\t\t\t\t<\/div>\n\t\t\t\t<div class=\"elementor-element elementor-element-a0abde9 flex-horizontal-align-default flex-horizontal-align-tablet-default flex-horizontal-align-mobile-default flex-vertical-align-default flex-vertical-align-tablet-default flex-vertical-align-mobile-default elementor-widget elementor-widget-heading\" data-id=\"a0abde9\" data-element_type=\"widget\" data-e-type=\"widget\" data-widget_type=\"heading.default\">\n\t\t\t\t<div class=\"elementor-widget-container\">\n\t\t\t\t\t<h2 class=\"elementor-heading-title elementor-size-default\">Sanal dan\u0131\u015fmanl\u0131k (YAKINDA)<\/h2>\t\t\t\t<\/div>\n\t\t\t\t<\/div>\n\t\t\t\t\t<\/div>\n\t\t<\/div>\n\t\t\t\t\t<\/div><\/div>\r\n\t\t<\/section>\r\n\t\t\t\t<\/div>","protected":false},"excerpt":{"rendered":"<p>Yo\u011fun k\u00f6p\u00fckl\u00fc cilt temizleyici.<\/p>\n<p>SEBIA k\u00f6p\u00fck, cildi h\u0131zl\u0131 bir \u015fekilde y\u0131kayan, kuru hissetmeden taze b\u0131rakan, cilt y\u0131kamaya y\u00f6nelik hafif k\u00f6p\u00fckl\u00fc bir yap\u0131d\u0131r. K\u00f6p\u00fc\u011f\u00fcn \u0131slak cilde uygulanmas\u0131, ard\u0131ndan bir miktar su ile iyice durulanmas\u0131 ve nazik\u00e7e kurutulmas\u0131 \u00f6nerilir. Y\u00fcz, s\u0131rt ve g\u00f6\u011f\u00fcste kullan\u0131labilece\u011fi gibi sa\u00e7 ve genital b\u00f6lgenin y\u0131kanmas\u0131nda da kullan\u0131labilir.<\/p>","protected":false},"featured_media":6169,"comment_status":"open","ping_status":"closed","template":"elementor_theme","meta":{"slim_seo":{"title":"Sebia penasta umivalica - Dr Kozarev Cosmedics","description":"Intezivni penasti \u010dista\u010d ko\u017ee. SEBIA pena je lagana penasta struktura za pranje ko\u017ee koja se brzo ispere sa ko\u017ee, \u010dine\u0107i je sve\u017eom bez ose\u0107aja isu\u0161enosti. Prepo"}},"product_brand":[],"product_cat":[75,79,88,59],"product_tag":[],"class_list":{"0":"post-6168","1":"product","2":"type-product","3":"status-publish","4":"has-post-thumbnail","6":"product_cat-akne","7":"product_cat-ciscenje-koze","8":"product_cat-masna-i-problematicna-koza","9":"product_cat-proizvodi","11":"first","12":"instock","13":"featured","14":"shipping-taxable","15":"purchasable","16":"product-type-simple"},"_links":{"self":[{"href":"http:\/\/drkozarevcosmedics.com\/tr\/wp-json\/wp\/v2\/product\/6168","targetHints":{"allow":["GET"]}}],"collection":[{"href":"http:\/\/drkozarevcosmedics.com\/tr\/wp-json\/wp\/v2\/product"}],"about":[{"href":"http:\/\/drkozarevcosmedics.com\/tr\/wp-json\/wp\/v2\/types\/product"}],"replies":[{"embeddable":true,"href":"http:\/\/drkozarevcosmedics.com\/tr\/wp-json\/wp\/v2\/comments?post=6168"}],"version-history":[{"count":5,"href":"http:\/\/drkozarevcosmedics.com\/tr\/wp-json\/wp\/v2\/product\/6168\/revisions"}],"predecessor-version":[{"id":7434,"href":"http:\/\/drkozarevcosmedics.com\/tr\/wp-json\/wp\/v2\/product\/6168\/revisions\/7434"}],"wp:featuredmedia":[{"embeddable":true,"href":"http:\/\/drkozarevcosmedics.com\/tr\/wp-json\/wp\/v2\/media\/6169"}],"wp:attachment":[{"href":"http:\/\/drkozarevcosmedics.com\/tr\/wp-json\/wp\/v2\/media?parent=6168"}],"wp:term":[{"taxonomy":"product_brand","embeddable":true,"href":"http:\/\/drkozarevcosmedics.com\/tr\/wp-json\/wp\/v2\/product_brand?post=6168"},{"taxonomy":"product_cat","embeddable":true,"href":"http:\/\/drkozarevcosmedics.com\/tr\/wp-json\/wp\/v2\/product_cat?post=6168"},{"taxonomy":"product_tag","embeddable":true,"href":"http:\/\/drkozarevcosmedics.com\/tr\/wp-json\/wp\/v2\/product_tag?post=6168"}],"curies":[{"name":"wp","href":"https:\/\/api.w.org\/{rel}","templated":true}]}}