{"id":5047,"date":"2024-05-16T23:02:42","date_gmt":"2024-05-16T23:02:42","guid":{"rendered":"https:\/\/drkozarevcosmedics.com\/?post_type=product&#038;p=5047"},"modified":"2026-02-06T09:30:38","modified_gmt":"2026-02-06T09:30:38","slug":"alergonazal-gel","status":"publish","type":"product","link":"http:\/\/drkozarevcosmedics.com\/tr\/product\/alergonazal-gel\/","title":{"rendered":"Alergonazal gel"},"content":{"rendered":"","protected":false},"excerpt":{"rendered":"<p>Prirodni \u0161tit od alergena<\/p>\n<p>Efikasno smanjuje broj udahnutih alergena<\/p>\n<p>&nbsp;<\/p>\n<p><strong>Kullan\u0131m \u015fekli:<\/strong> Nanosi se u tankom sloju na prostor izme\u0111u gornje usne i nozdrva, i oko otvora nosnica. Nije za upotrebu unutar nosne sluznice.<\/p>","protected":false},"featured_media":5029,"comment_status":"closed","ping_status":"closed","template":"","meta":{"slim_seo":{"title":"Alergonazal gel - Dr Kozarev Cosmedics","description":"Prirodni \u0161tit od alergena Efikasno smanjuje broj udahnutih alergena &nbsp; Na\u010din upotrebe: Nanosi se u tankom sloju na prostor izme\u0111u gornje usne i nozdrva, i o"}},"product_brand":[],"product_cat":[76,59],"product_tag":[],"class_list":{"0":"post-5047","1":"product","2":"type-product","3":"status-publish","4":"has-post-thumbnail","6":"product_cat-alergije","7":"product_cat-proizvodi","9":"first","10":"outofstock","11":"shipping-taxable","12":"purchasable","13":"product-type-simple"},"_links":{"self":[{"href":"http:\/\/drkozarevcosmedics.com\/tr\/wp-json\/wp\/v2\/product\/5047","targetHints":{"allow":["GET"]}}],"collection":[{"href":"http:\/\/drkozarevcosmedics.com\/tr\/wp-json\/wp\/v2\/product"}],"about":[{"href":"http:\/\/drkozarevcosmedics.com\/tr\/wp-json\/wp\/v2\/types\/product"}],"replies":[{"embeddable":true,"href":"http:\/\/drkozarevcosmedics.com\/tr\/wp-json\/wp\/v2\/comments?post=5047"}],"version-history":[{"count":1,"href":"http:\/\/drkozarevcosmedics.com\/tr\/wp-json\/wp\/v2\/product\/5047\/revisions"}],"predecessor-version":[{"id":5048,"href":"http:\/\/drkozarevcosmedics.com\/tr\/wp-json\/wp\/v2\/product\/5047\/revisions\/5048"}],"wp:featuredmedia":[{"embeddable":true,"href":"http:\/\/drkozarevcosmedics.com\/tr\/wp-json\/wp\/v2\/media\/5029"}],"wp:attachment":[{"href":"http:\/\/drkozarevcosmedics.com\/tr\/wp-json\/wp\/v2\/media?parent=5047"}],"wp:term":[{"taxonomy":"product_brand","embeddable":true,"href":"http:\/\/drkozarevcosmedics.com\/tr\/wp-json\/wp\/v2\/product_brand?post=5047"},{"taxonomy":"product_cat","embeddable":true,"href":"http:\/\/drkozarevcosmedics.com\/tr\/wp-json\/wp\/v2\/product_cat?post=5047"},{"taxonomy":"product_tag","embeddable":true,"href":"http:\/\/drkozarevcosmedics.com\/tr\/wp-json\/wp\/v2\/product_tag?post=5047"}],"curies":[{"name":"wp","href":"https:\/\/api.w.org\/{rel}","templated":true}]}}