{"id":4880,"date":"2024-05-11T21:53:33","date_gmt":"2024-05-11T21:53:33","guid":{"rendered":"https:\/\/drkozarevcosmedics.com\/?post_type=product&#038;p=4880"},"modified":"2025-08-30T09:16:06","modified_gmt":"2025-08-30T09:16:06","slug":"biocollagenix-botox-like-krema-za-lice","status":"publish","type":"product","link":"http:\/\/drkozarevcosmedics.com\/tr\/product\/biocollagenix-botox-like-krema-za-lice\/","title":{"rendered":"BIOCOLLAGENIX BOTOX G\u0130B\u0130 y\u00fcz kremi"},"content":{"rendered":"","protected":false},"excerpt":{"rendered":"<p><span style=\"color: #000000;\">Dolgu etkisine sahip y\u00fcz kremi, \u00f6zel aktif maddeler a\u00e7\u0131s\u0131ndan zengindir. <strong>botoks benzeri eylem<\/strong>. \u0130lk uygulamadan sonra cilt daha p\u00fcr\u00fczs\u00fcz ve p\u00fcr\u00fczs\u00fcz hale gelir, k\u0131r\u0131\u015f\u0131kl\u0131klar daha az g\u00f6r\u00fcn\u00fcr hale gelir.<\/span><\/p>\n<p><span style=\"color: #000000;\">Kremin i\u00e7eri\u011fi <strong>deniz kolajeni<\/strong> (Cildin s\u0131k\u0131l\u0131\u011f\u0131n\u0131 verir), <strong>hyaluronik asit<\/strong> (derin nemlendirme i\u00e7in), <strong>do\u011fal polisakkaritler<\/strong> (an\u0131nda kald\u0131rma etkisi verir),<strong> niasinamid <\/strong>(cildi zararl\u0131 d\u0131\u015f etkenlerden korur) ve <strong>Argirelin<sup>TM <\/sup>Amplified peptid<\/strong> (Cildi g\u00fc\u00e7l\u00fc bir \u015fekilde canland\u0131r\u0131r ve botoks benzeri bir etki verir).<\/span><\/p>\n<p><span style=\"color: #000000;\">Olgun ciltlerde, k\u0131r\u0131\u015f\u0131kl\u0131k olu\u015fumuna kar\u015f\u0131 yo\u011fun bak\u0131m ve mevcut k\u0131r\u0131\u015f\u0131kl\u0131klar\u0131n yumu\u015fat\u0131lmas\u0131 amac\u0131yla tasarlanm\u0131\u015ft\u0131r. Ak\u015fam ve sabah y\u00fcz, boyun ve dekolte b\u00f6lgesine uygulan\u0131r. Biocollegenix botoks benzeri krem \u200b\u200bve serum, daha uzun s\u00fcreli ve daha g\u00fc\u00e7l\u00fc bir etki i\u00e7in enjekte edilebilir dolgu maddeleri ve di\u011fer ya\u015flanma kar\u015f\u0131t\u0131 prosed\u00fcrlerin uygulanmas\u0131ndan sonra sonu\u00e7lar\u0131n korunmas\u0131nda da \u00e7ok faydal\u0131d\u0131r. Mezoterapi ve botoks uygulamas\u0131 sonras\u0131 m\u00fckemmel bir tamamlay\u0131c\u0131 bak\u0131md\u0131r. Biocollagenix botoks benzeri krem \u200b\u200bve dolgu etkisine sahip serum, do\u011fal cilt bak\u0131m\u0131 tedavileri isteyen ve enjeksiyon, lazer ve di\u011fer daha invaziv antiaging prosed\u00fcrlerini desteklemeyen t\u00fcm insanlar i\u00e7in m\u00fckemmel bir \u00e7\u00f6z\u00fcmd\u00fcr. Y\u00fcz, boyun ve dekolte b\u00f6lgesine Biocollagenix botoks benzeri serum uygulad\u0131ktan sonra ak\u015fam ve sabah gerekli miktarda kremi uygulay\u0131n. Krem, Argireline gibi patentli bile\u015fenler sayesinde cildi derinlemesine nemlendirir ve yenilenmesini g\u00fc\u00e7l\u00fc bir \u015fekilde uyar\u0131r.<sup>TM<\/sup> Amplified peptida.<\/span><\/p>\n<p><span style=\"color: #000000;\"><strong>Klinik testler<\/strong> Biocollagenix botoks benzeri serumla birlikte kremin yaln\u0131zca 4 haftal\u0131k d\u00fczenli uygulanmas\u0131ndan sonra 20 kad\u0131ndan olu\u015fan test edilen bir \u00f6rnek \u00fczerinde etkili bir etki g\u00f6sterdi. <strong>Sonu\u00e7, \u00fcst duda\u011f\u0131n \u00fczerindeki k\u0131r\u0131\u015f\u0131kl\u0131klarda oran\u0131nda azalma, al\u0131n k\u0131r\u0131\u015f\u0131kl\u0131klar\u0131nda oran\u0131nda azalma, g\u00fcl\u00fcmseme \u00e7izgilerinde oran\u0131nda azalma ve nazolabial k\u0131r\u0131\u015f\u0131kl\u0131klarda minimum oran\u0131nda azalma oldu.<\/strong><\/span><\/p>\n<p><span style=\"color: #000000;\"><strong>Kullan\u0131m \u015fekli: <\/strong>Kremi sabah ve ak\u015fam temiz y\u00fcz, boyun ve dekolte b\u00f6lgesine tamamen emilene kadar masaj yaparak uygulay\u0131n.<\/span><\/p>\n<p><span style=\"color: #000000;\">\u00a0<strong>Ambalajlama: <\/strong>50 ml<\/span><\/p>","protected":false},"featured_media":4881,"comment_status":"open","ping_status":"closed","template":"","meta":{"slim_seo":{"title":"BIOCOLLAGENIX BOTOX-LIKE krema za lice - Dr Kozarev Cosmedics","description":"Krema za lice sa efektom filera je bogata posebnim aktivnim sastojcima koji imaju botox-like delovanje . Ko\u017ea ve\u0107 nakon prve primene postaje jedra i zagla\u0111ena,"}},"product_brand":[],"product_cat":[90,73],"product_tag":[],"class_list":{"0":"post-4880","1":"product","2":"type-product","3":"status-publish","4":"has-post-thumbnail","6":"product_cat-collagenix-program","7":"product_cat-esi","9":"first","10":"instock","11":"shipping-taxable","12":"purchasable","13":"product-type-simple"},"_links":{"self":[{"href":"http:\/\/drkozarevcosmedics.com\/tr\/wp-json\/wp\/v2\/product\/4880","targetHints":{"allow":["GET"]}}],"collection":[{"href":"http:\/\/drkozarevcosmedics.com\/tr\/wp-json\/wp\/v2\/product"}],"about":[{"href":"http:\/\/drkozarevcosmedics.com\/tr\/wp-json\/wp\/v2\/types\/product"}],"replies":[{"embeddable":true,"href":"http:\/\/drkozarevcosmedics.com\/tr\/wp-json\/wp\/v2\/comments?post=4880"}],"version-history":[{"count":1,"href":"http:\/\/drkozarevcosmedics.com\/tr\/wp-json\/wp\/v2\/product\/4880\/revisions"}],"predecessor-version":[{"id":4882,"href":"http:\/\/drkozarevcosmedics.com\/tr\/wp-json\/wp\/v2\/product\/4880\/revisions\/4882"}],"wp:featuredmedia":[{"embeddable":true,"href":"http:\/\/drkozarevcosmedics.com\/tr\/wp-json\/wp\/v2\/media\/4881"}],"wp:attachment":[{"href":"http:\/\/drkozarevcosmedics.com\/tr\/wp-json\/wp\/v2\/media?parent=4880"}],"wp:term":[{"taxonomy":"product_brand","embeddable":true,"href":"http:\/\/drkozarevcosmedics.com\/tr\/wp-json\/wp\/v2\/product_brand?post=4880"},{"taxonomy":"product_cat","embeddable":true,"href":"http:\/\/drkozarevcosmedics.com\/tr\/wp-json\/wp\/v2\/product_cat?post=4880"},{"taxonomy":"product_tag","embeddable":true,"href":"http:\/\/drkozarevcosmedics.com\/tr\/wp-json\/wp\/v2\/product_tag?post=4880"}],"curies":[{"name":"wp","href":"https:\/\/api.w.org\/{rel}","templated":true}]}}