{"id":4871,"date":"2024-05-11T21:49:29","date_gmt":"2024-05-11T21:49:29","guid":{"rendered":"https:\/\/drkozarevcosmedics.com\/?post_type=product&#038;p=4871"},"modified":"2025-08-30T09:17:33","modified_gmt":"2025-08-30T09:17:33","slug":"biocollagenix-lift-anti-age-plus-krema-za-lice-50","status":"publish","type":"product","link":"http:\/\/drkozarevcosmedics.com\/tr\/product\/biocollagenix-lift-anti-age-plus-krema-za-lice-50\/","title":{"rendered":"BioCollagenix LIFT Ya\u015flanma Kar\u015f\u0131t\u0131 PLUS y\u00fcz kremi 50+"},"content":{"rendered":"","protected":false},"excerpt":{"rendered":"<p><span style=\"color: #000000;\">Kollajen, peptitler, shea ya\u011f\u0131, tatl\u0131 badem ya\u011f\u0131, E vitamini ve hyaluronik asit i\u00e7eren y\u00fcz kremi.<\/span><\/p>\n<p><span style=\"color: #000000;\">Ya\u015flanma kar\u015f\u0131t\u0131 form\u00fcl, cildin s\u0131k\u0131l\u0131\u011f\u0131n\u0131 ve elastikiyetini art\u0131rarak ya\u015flanma belirtilerini azalt\u0131r. D\u00fczensizlikleri doldurma etkisi ile olgun ciltler i\u00e7in tedavi sa\u011flayan do\u011fal bile\u015fenlerin kar\u0131\u015f\u0131m\u0131.<\/span><\/p>\n<p>&nbsp;<\/p>\n<p><span style=\"color: #000000;\"><strong>Deniz kollajeni ve hyaluronik asit<\/strong> Cilde elastikiyet kazand\u0131r\u0131r, cildin parlakl\u0131\u011f\u0131n\u0131n korunmas\u0131na yard\u0131mc\u0131 olur ve d\u00fczensizlikleri do\u011fal olarak doldurma etkisi ile derin nemlendirmeye katk\u0131da bulunur.<\/span><\/p>\n<p><span style=\"color: #000000;\"><strong>Shea ya\u011f\u0131 ve tatl\u0131 badem ya\u011f\u0131<\/strong> olgun cilt h\u00fccrelerinin yenilenmesini ve k\u0131r\u0131\u015f\u0131kl\u0131klar\u0131n azalmas\u0131n\u0131 sa\u011flar, ciltte nem kayb\u0131n\u0131 \u00f6nleyen ve d\u0131\u015f etkenlere kar\u015f\u0131 koruyan ince bir koruyucu tabaka olu\u015fturur.<\/span><\/p>\n<p><span style=\"color: #000000;\"><strong>tmReplexium kompleksi <\/strong>ya\u015flanma belirtilerini azaltan en yeni nesil peptit kompleksidir.<\/span><\/p>\n<p><span style=\"color: #000000;\"><strong>E vitamini<\/strong> k\u0131r\u0131\u015f\u0131kl\u0131klar\u0131n \u00f6nlenmesine yard\u0131mc\u0131 olur, cildi besler ve yeniler.<\/span><\/p>\n<p><span style=\"color: #000000;\"><strong>Kullan\u0131m \u015fekli:<\/strong><\/span><\/p>\n<p><span style=\"color: #000000;\">Sabah ve ak\u015fam gerekli miktarda kremi y\u00fcz\u00fcn\u00fcze ve boynunuza tamamen emilene kadar masaj yaparak uygulay\u0131n.<\/span><\/p>\n<p>&nbsp;<\/p>\n<p><span style=\"color: #000000;\"><strong>Ambalajlama:<\/strong><\/span><\/p>\n<p><span style=\"color: #000000;\">50 ml<\/span><\/p>","protected":false},"featured_media":4872,"comment_status":"open","ping_status":"closed","template":"","meta":{"slim_seo":{"title":"BioCollagenix LIFT Anti-age PLUS krema za lice 50+ - Dr Kozarev Cosmedics","description":"Krema za lice sa kolagenom, peptidima, shea maslacem, uljem slatkog badema, vitaminom E i hijaluronskom kiselinom. Anti-age formula ubla\u017eava znakove starenja ko"}},"product_brand":[],"product_cat":[90,73],"product_tag":[],"class_list":{"0":"post-4871","1":"product","2":"type-product","3":"status-publish","4":"has-post-thumbnail","6":"product_cat-collagenix-program","7":"product_cat-esi","9":"first","10":"instock","11":"shipping-taxable","12":"purchasable","13":"product-type-simple"},"_links":{"self":[{"href":"http:\/\/drkozarevcosmedics.com\/tr\/wp-json\/wp\/v2\/product\/4871","targetHints":{"allow":["GET"]}}],"collection":[{"href":"http:\/\/drkozarevcosmedics.com\/tr\/wp-json\/wp\/v2\/product"}],"about":[{"href":"http:\/\/drkozarevcosmedics.com\/tr\/wp-json\/wp\/v2\/types\/product"}],"replies":[{"embeddable":true,"href":"http:\/\/drkozarevcosmedics.com\/tr\/wp-json\/wp\/v2\/comments?post=4871"}],"version-history":[{"count":1,"href":"http:\/\/drkozarevcosmedics.com\/tr\/wp-json\/wp\/v2\/product\/4871\/revisions"}],"predecessor-version":[{"id":4873,"href":"http:\/\/drkozarevcosmedics.com\/tr\/wp-json\/wp\/v2\/product\/4871\/revisions\/4873"}],"wp:featuredmedia":[{"embeddable":true,"href":"http:\/\/drkozarevcosmedics.com\/tr\/wp-json\/wp\/v2\/media\/4872"}],"wp:attachment":[{"href":"http:\/\/drkozarevcosmedics.com\/tr\/wp-json\/wp\/v2\/media?parent=4871"}],"wp:term":[{"taxonomy":"product_brand","embeddable":true,"href":"http:\/\/drkozarevcosmedics.com\/tr\/wp-json\/wp\/v2\/product_brand?post=4871"},{"taxonomy":"product_cat","embeddable":true,"href":"http:\/\/drkozarevcosmedics.com\/tr\/wp-json\/wp\/v2\/product_cat?post=4871"},{"taxonomy":"product_tag","embeddable":true,"href":"http:\/\/drkozarevcosmedics.com\/tr\/wp-json\/wp\/v2\/product_tag?post=4871"}],"curies":[{"name":"wp","href":"https:\/\/api.w.org\/{rel}","templated":true}]}}