{"id":4868,"date":"2024-05-11T21:48:16","date_gmt":"2024-05-11T21:48:16","guid":{"rendered":"https:\/\/drkozarevcosmedics.com\/?post_type=product&#038;p=4868"},"modified":"2026-01-09T11:49:48","modified_gmt":"2026-01-09T11:49:48","slug":"biocollagenix-lift-anti-age-krema-za-lice-40","status":"publish","type":"product","link":"http:\/\/drkozarevcosmedics.com\/tr\/product\/biocollagenix-lift-anti-age-krema-za-lice-40\/","title":{"rendered":"BioCollagenix LIFT Ya\u015flanma kar\u015f\u0131t\u0131 y\u00fcz kremi 40+"},"content":{"rendered":"","protected":false},"excerpt":{"rendered":"<p><span style=\"color: #000000;\">Cildin s\u0131k\u0131l\u0131\u011f\u0131n\u0131 ve elastikiyetini art\u0131rarak ya\u015flanma belirtilerini \u00f6nleyen ya\u015flanma kar\u015f\u0131t\u0131 form\u00fcl. D\u00fczensizlikleri doldurma etkisi ile cilt tedavisi sa\u011flayan do\u011fal bile\u015fenlerin kar\u0131\u015f\u0131m\u0131.\u00a0<\/span><\/p>\n<ul>\n<li><span style=\"color: #000000;\"><strong> Deniz kollajeni ve hyaluronik asit<\/strong> cilde esneklik kazand\u0131r\u0131r, cildin parlakl\u0131\u011f\u0131n\u0131n korunmas\u0131na yard\u0131mc\u0131 olur ve derin neme katk\u0131da bulunur;<\/span><\/li>\n<li><span style=\"color: #000000;\"><strong>Arginin <\/strong>H\u00fccre rekonstr\u00fcksiyonunu tonlar ve te\u015fvik eder, b\u00f6ylece t\u00fcm dokular\u0131 gen\u00e7le\u015ftirir;<\/span><\/li>\n<li><span style=\"color: #000000;\"><strong>Shea ya\u011f\u0131 <\/strong>olgun cilt h\u00fccrelerinin yenilenmesini ve k\u0131r\u0131\u015f\u0131kl\u0131klar\u0131n azalmas\u0131n\u0131 sa\u011flar, ciltte nem kayb\u0131n\u0131 \u00f6nleyen ve d\u0131\u015f etkenlere kar\u015f\u0131 koruyan ince bir koruyucu tabaka olu\u015fturur.<\/span><\/li>\n<li><span style=\"color: #000000;\"><strong>C vitamini ve manolya \u00f6z\u00fc<\/strong> antioksidan \u00f6zelliklere sahip;<\/span><\/li>\n<li><span style=\"color: #000000;\"><strong>\u015eam g\u00fcl\u00fc<\/strong> cildi yeniler ve rahatlat\u0131r, elastikiyetini ve tonunu geri kazand\u0131r\u0131r.<\/span><\/li>\n<\/ul>\n<p><span style=\"color: #000000;\"><strong>Kullan\u0131m \u015fekli:<\/strong><\/span><\/p>\n<p><span style=\"color: #000000;\">Sabah ve ak\u015fam gerekli miktarda kremi y\u00fcz\u00fcn\u00fcze ve boynunuza tamamen emilene kadar masaj yaparak uygulay\u0131n.<\/span><\/p>\n<p><span style=\"color: #000000;\"><strong>Ambalajlama:<\/strong><\/span><\/p>\n<p><span style=\"color: #000000;\">50 ml<\/span><\/p>","protected":false},"featured_media":4869,"comment_status":"open","ping_status":"closed","template":"","meta":{"slim_seo":{"title":"BioCollagenix LIFT Anti-age krema za lice 40+ - Dr Kozarev Cosmedics","description":"Anti-age formula koja spre\u010dava znakove starenja ko\u017ee pobolj\u0161avajuc\u0301i njenu \u010dvrstinu i elasti\u010dnost. Me\u0161avina prirodnih komponenti koje obezbe\u0111uju tretman ko\u017ee sa"}},"product_brand":[],"product_cat":[90,73],"product_tag":[],"class_list":{"0":"post-4868","1":"product","2":"type-product","3":"status-publish","4":"has-post-thumbnail","6":"product_cat-collagenix-program","7":"product_cat-esi","9":"first","10":"instock","11":"shipping-taxable","12":"purchasable","13":"product-type-simple"},"_links":{"self":[{"href":"http:\/\/drkozarevcosmedics.com\/tr\/wp-json\/wp\/v2\/product\/4868","targetHints":{"allow":["GET"]}}],"collection":[{"href":"http:\/\/drkozarevcosmedics.com\/tr\/wp-json\/wp\/v2\/product"}],"about":[{"href":"http:\/\/drkozarevcosmedics.com\/tr\/wp-json\/wp\/v2\/types\/product"}],"replies":[{"embeddable":true,"href":"http:\/\/drkozarevcosmedics.com\/tr\/wp-json\/wp\/v2\/comments?post=4868"}],"version-history":[{"count":1,"href":"http:\/\/drkozarevcosmedics.com\/tr\/wp-json\/wp\/v2\/product\/4868\/revisions"}],"predecessor-version":[{"id":4870,"href":"http:\/\/drkozarevcosmedics.com\/tr\/wp-json\/wp\/v2\/product\/4868\/revisions\/4870"}],"wp:featuredmedia":[{"embeddable":true,"href":"http:\/\/drkozarevcosmedics.com\/tr\/wp-json\/wp\/v2\/media\/4869"}],"wp:attachment":[{"href":"http:\/\/drkozarevcosmedics.com\/tr\/wp-json\/wp\/v2\/media?parent=4868"}],"wp:term":[{"taxonomy":"product_brand","embeddable":true,"href":"http:\/\/drkozarevcosmedics.com\/tr\/wp-json\/wp\/v2\/product_brand?post=4868"},{"taxonomy":"product_cat","embeddable":true,"href":"http:\/\/drkozarevcosmedics.com\/tr\/wp-json\/wp\/v2\/product_cat?post=4868"},{"taxonomy":"product_tag","embeddable":true,"href":"http:\/\/drkozarevcosmedics.com\/tr\/wp-json\/wp\/v2\/product_tag?post=4868"}],"curies":[{"name":"wp","href":"https:\/\/api.w.org\/{rel}","templated":true}]}}