{"id":4865,"date":"2024-05-11T21:46:38","date_gmt":"2024-05-11T21:46:38","guid":{"rendered":"https:\/\/drkozarevcosmedics.com\/?post_type=product&#038;p=4865"},"modified":"2024-05-22T11:00:15","modified_gmt":"2024-05-22T11:00:15","slug":"biocollagenix-lift-ampule","status":"publish","type":"product","link":"http:\/\/drkozarevcosmedics.com\/tr\/product\/biocollagenix-lift-ampule\/","title":{"rendered":"BIOCollagenix LIFT AMPUL"},"content":{"rendered":"","protected":false},"excerpt":{"rendered":"<p><span style=\"color: #000000;\">Biocollagenix kald\u0131rma ampulleri, k\u0131r\u0131\u015f\u0131kl\u0131k olu\u015fumuna ve cilt ya\u015flanmas\u0131na g\u00fc\u00e7l\u00fc bir \u015fekilde kar\u015f\u0131 koyan kolajen bazl\u0131 harici kullan\u0131ma y\u00f6nelik ultra konsantre serumun tek dozluk paketleridir.<\/span><\/p>\n<p><span style=\"color: #000000;\">Kolajen, hyaluronik asit, tmReplexium, gatuline (botoks benzeri bitki \u00f6z\u00fc), resveratrol ve C vitamininin sinerjik etkisi sayesinde bu serum cilde ton, parlakl\u0131k ve elastikiyet kazand\u0131r\u0131r. H\u0131zl\u0131 emilen s\u0131v\u0131 form\u00fcl\u00fc, ciltte ya\u015flanman\u0131n neden oldu\u011fu d\u00fczensizlikleri hedef alan bir etkiye sahiptir.<\/span><\/p>\n<p><span style=\"color: #000000;\">Sonu\u00e7lar uygulamadan bir saat sonra g\u00f6r\u00fclebilir.<\/span><\/p>\n<p>&nbsp;<\/p>\n<p><span style=\"color: #000000;\"><strong>Deniz kolajeni, resveratrol ve hyaluronik asit<\/strong> cilde esneklik ve ton verir.<\/span><\/p>\n<p><span style=\"color: #000000;\"><strong>tmReplexium kompleksi<\/strong> K\u0131r\u0131\u015f\u0131kl\u0131klar\u0131 azaltmaya y\u00f6nelik en yeni nesil peptit kompleksidir.<\/span><\/p>\n<p><span style=\"color: #000000;\"><strong>C vitamini<\/strong> ciltte kolajen olu\u015fumunu te\u015fvik eder, parlakl\u0131k verir ve antioksidan g\u00f6revi g\u00f6r\u00fcr.<\/span><\/p>\n<p><span style=\"color: #000000;\"><strong>Gatulin <\/strong>Aktif i\u00e7eri\u011fi botoks benzeri etkiye sahip olan 0 bitki \u00f6z\u00fc, kaslar\u0131 gev\u015fetir ve kolajen a\u011f\u0131n\u0131 onar\u0131r.<\/span><\/p>\n<p><span style=\"color: #000000;\"><strong>Biosaharid gum-4<\/strong> cilt \u00fczerinde atmosferik (karbon par\u00e7ac\u0131klar\u0131, toz ve a\u011f\u0131r metaller), UV radyasyonu ve kimyasal \u00fcr\u00fcnler gibi d\u0131\u015f fakt\u00f6rlerin neden oldu\u011fu hasar\u0131 azaltan koruyucu bir tabaka olu\u015fturan y\u00fcksek molek\u00fcler a\u011f\u0131rl\u0131kl\u0131 bir polisakarittir.<\/span><\/p>\n<p><span style=\"color: #000000;\"><strong>Kullan\u0131m \u015fekli: <\/strong><\/span><\/p>\n<p><span style=\"color: #000000;\">Gerekli miktarda serumu sabah ve\/veya ak\u015fam en problemli b\u00f6lgelere odaklanarak hafif dairesel masajla uygulay\u0131n. G\u00f6r\u00fcn\u00fcr ve uzun s\u00fcreli bir etki i\u00e7in 30 g\u00fcn boyunca s\u00fcrekli olarak tekrarlay\u0131n. Tedaviyi y\u0131lda 3-4 kez tekrarlay\u0131n.<\/span><\/p>\n<p><span style=\"color: #000000;\"><strong>Ambalajlama:<\/strong><\/span><\/p>\n<p><span style=\"color: #000000;\">Tek dozluk paket 1 x 1,8 ml<\/span><\/p>","protected":false},"featured_media":4866,"comment_status":"open","ping_status":"closed","template":"","meta":{"slim_seo":{"title":"BIOCollagenix LIFT AMPULE - Dr Kozarev Cosmedics","description":"Biocollagenix lift ampule su monodozna pakovanja ultra koncentrovanog seruma za spolja\u0161nju upotrebu na bazi kolagena koji se sna\u017eno suprotstavlja nastanku bora"}},"product_brand":[],"product_cat":[90,73],"product_tag":[],"class_list":{"0":"post-4865","1":"product","2":"type-product","3":"status-publish","4":"has-post-thumbnail","6":"product_cat-collagenix-program","7":"product_cat-esi","9":"first","10":"instock","11":"shipping-taxable","12":"purchasable","13":"product-type-simple"},"_links":{"self":[{"href":"http:\/\/drkozarevcosmedics.com\/tr\/wp-json\/wp\/v2\/product\/4865","targetHints":{"allow":["GET"]}}],"collection":[{"href":"http:\/\/drkozarevcosmedics.com\/tr\/wp-json\/wp\/v2\/product"}],"about":[{"href":"http:\/\/drkozarevcosmedics.com\/tr\/wp-json\/wp\/v2\/types\/product"}],"replies":[{"embeddable":true,"href":"http:\/\/drkozarevcosmedics.com\/tr\/wp-json\/wp\/v2\/comments?post=4865"}],"version-history":[{"count":1,"href":"http:\/\/drkozarevcosmedics.com\/tr\/wp-json\/wp\/v2\/product\/4865\/revisions"}],"predecessor-version":[{"id":4867,"href":"http:\/\/drkozarevcosmedics.com\/tr\/wp-json\/wp\/v2\/product\/4865\/revisions\/4867"}],"wp:featuredmedia":[{"embeddable":true,"href":"http:\/\/drkozarevcosmedics.com\/tr\/wp-json\/wp\/v2\/media\/4866"}],"wp:attachment":[{"href":"http:\/\/drkozarevcosmedics.com\/tr\/wp-json\/wp\/v2\/media?parent=4865"}],"wp:term":[{"taxonomy":"product_brand","embeddable":true,"href":"http:\/\/drkozarevcosmedics.com\/tr\/wp-json\/wp\/v2\/product_brand?post=4865"},{"taxonomy":"product_cat","embeddable":true,"href":"http:\/\/drkozarevcosmedics.com\/tr\/wp-json\/wp\/v2\/product_cat?post=4865"},{"taxonomy":"product_tag","embeddable":true,"href":"http:\/\/drkozarevcosmedics.com\/tr\/wp-json\/wp\/v2\/product_tag?post=4865"}],"curies":[{"name":"wp","href":"https:\/\/api.w.org\/{rel}","templated":true}]}}