{"id":4862,"date":"2024-05-11T21:45:12","date_gmt":"2024-05-11T21:45:12","guid":{"rendered":"https:\/\/drkozarevcosmedics.com\/?post_type=product&#038;p=4862"},"modified":"2024-05-22T10:59:03","modified_gmt":"2024-05-22T10:59:03","slug":"omega-v-vegan-omega-3-6-7-i-9","status":"publish","type":"product","link":"http:\/\/drkozarevcosmedics.com\/tr\/product\/omega-v-vegan-omega-3-6-7-i-9\/","title":{"rendered":"OMEGA V  VEGAN \u2013 omega 3, 6, 7 i 9"},"content":{"rendered":"","protected":false},"excerpt":{"rendered":"<p><span style=\"color: #000000;\"><strong>OmegaV Vegan<\/strong> doymam\u0131\u015f ya\u011f asitlerine dayanan bir besin takviyesidir: tekli doymam\u0131\u015f (Omega 7 ve Omega 9) ve \u00e7oklu doymam\u0131\u015f (Omega 3 ve Omega 6);<\/span><\/p>\n<p><span style=\"color: #000000;\">Keten tohumu ya\u011f\u0131 (omega 3 ve omega 6), \u00e7uha \u00e7i\u00e7e\u011fi ya\u011f\u0131 (omega 6), zeytinya\u011f\u0131 (omega 9), pirin\u00e7 kabu\u011fu ya\u011f\u0131 (omega 3 ve omega 9) ve deniz topalak ya\u011f\u0131 (omega 7) i\u00e7erir.<\/span><\/p>\n<p><span style=\"color: #000000;\">OmegaV Vegan, \u00f6zel yumu\u015fak bitkisel kaps\u00fcl VEGICAPS\u00ae SOFT i\u00e7erisinde yer alan 0 bitkisel bir preparatt\u0131r.<\/span><\/p>\n<p><span style=\"color: #000000;\">OmegaV Vegan kaps\u00fcllerinin kullan\u0131m\u0131, do\u011fal bir antioksidan g\u00f6revi g\u00f6ren ve v\u00fccuda d\u00fczg\u00fcn \u00e7al\u0131\u015fmas\u0131 i\u00e7in gerekli olan doymam\u0131\u015f ya\u011f asitlerini sa\u011flayan bu besinlerin dengeli al\u0131m\u0131n\u0131 sa\u011flamak i\u00e7in faydal\u0131d\u0131r. OmegaV Vegan <strong>kardiyovask\u00fcler sistem \u00fczerinde olumlu bir etkiye sahiptir<\/strong> (ateroskleroz riskini azalt\u0131r, trigliserit ve kolesterol d\u00fczeyi \u00fczerinde olumlu bir etkiye sahiptir). Omega doymam\u0131\u015f ya\u011f asitleri <strong>cilt \u00fczerinde faydal\u0131 bir etkiye sahip <\/strong>ve atopik egzama, dermatit, sedef hastal\u0131\u011f\u0131, ciltte pullanma vb. gibi epidermisteki spesifik dermatolojik de\u011fi\u015fiklikler i\u00e7in besin takviyesi olarak al\u0131nmal\u0131d\u0131rlar.OmegaV Vegan <strong>adet \u00f6ncesi sendromun (PMS) hafifletilmesinde olumlu bir etkiye sahiptir.<\/strong><\/span><\/p>\n<p><span style=\"color: #000000;\">Klinik bir \u00e7al\u0131\u015fma, 6 ayl\u0131k do\u011fru beslenme ve g\u00fcnde 3 kaps\u00fcl alman\u0131n ard\u0131ndan trigliserit seviyelerinde () ve LDL kolesterol\u00fcnde () bir azalma oldu\u011funu g\u00f6sterdi.<\/span><\/p>\n<p><span style=\"color: #000000;\"><strong>\u00dcr\u00fcn \u015funlar\u0131 i\u00e7ermez:<\/strong> gluten, s\u00fct t\u00fcrevleri, laktoz ve GDO'lar.<\/span><\/p>\n<p><span style=\"color: #000000;\"><strong>\u00dcr\u00fcn vegan beslenmeye uygundur.<\/strong><\/span><\/p>\n<p><span style=\"color: #000000;\"><strong>\u00dcr\u00fcn S\u0131rbistan Cumhuriyeti Sa\u011fl\u0131k Bakanl\u0131\u011f\u0131 veri taban\u0131nda kay\u0131tl\u0131d\u0131r.<\/strong><\/span><\/p>\n<p><span style=\"color: #000000;\"><strong>Aktif maddeler<\/strong><\/span><\/p>\n<p><span style=\"color: #000000;\">Bitkisel ya\u011f al\u0131m\u0131:<\/span><\/p>\n<p><span style=\"color: #000000;\">Keten tohumu ya\u011f\u0131 (Linum usitatissimus) \u2026\u2026\u2026\u2026\u2026\u2026\u2026\u2026. 800 mg<\/span><\/p>\n<p><span style=\"color: #000000;\">\u00c7uha \u00e7i\u00e7e\u011fi tohumu ya\u011f\u0131 (Oenothera biennis) \u2026\u2026\u2026\u2026\u2026\u2026\u2026 90 mg<\/span><\/p>\n<p><span style=\"color: #000000;\">S\u0131zma zeytinya\u011f\u0131 (Olea europea) .... 60 mg<\/span><\/p>\n<p><span style=\"color: #000000;\">Pirin\u00e7 kabu\u011fu ya\u011f\u0131 (Oryza sativa) \u2026\u2026\u2026\u2026\u2026\u2026\u2026\u2026\u2026\u2026 30 mg<\/span><\/p>\n<p><span style=\"color: #000000;\">Deniz topalak meyve ya\u011f\u0131 (Hippophae rhamnoides) \u2026\u2026\u2026. 10 mg<\/span><\/p>\n<p>&nbsp;<\/p>\n<p><span style=\"color: #000000;\">Doymam\u0131\u015f ya\u011f asitlerinin al\u0131m\u0131:\u00a0<\/span><\/p>\n<p><span style=\"color: #000000;\">Omega 3 (alfa-linolenska) &#8230;&#8230;&#8230;&#8230;&#8230;&#8230; 360 mg<\/span><\/p>\n<p><span style=\"color: #000000;\">Omega 6 (linolna kiselina) &#8230;&#8230;&#8230;&#8230;&#8230;.. 190 mg<\/span><\/p>\n<p><span style=\"color: #000000;\">Omega 9 (oleinska kiselina) &#8230;&#8230;&#8230;&#8230;&#8230; 176 mg<\/span><\/p>\n<p><span style=\"color: #000000;\">Omega 6 (gama \u2013linolenska) &#8230;&#8230;&#8230;&#8230;&#8230; 8 mg<\/span><\/p>\n<p><span style=\"color: #000000;\">Omega 7 (palmitoleinska kiselina) &#8230;&#8230; 3 mg<\/span><\/p>\n<p><span style=\"color: #000000;\"><strong>Kullan\u0131m \u015fekli: <\/strong>G\u00fcnde 2-3 kaps\u00fcl<\/span><\/p>\n<p><span style=\"color: #000000;\"><strong>Ambalajlama: <\/strong>120 kaps\u00fcl<\/span><\/p>","protected":false},"featured_media":4863,"comment_status":"open","ping_status":"closed","template":"","meta":{"slim_seo":{"title":"OMEGA V VEGAN \u2013 omega 3, 6, 7 i 9 - Dr Kozarev Cosmedics","description":"OmegaV Vegan je dijetetski suplement (dodatak\u00a0 ishrani) na bazi nezasi\u0107enih masnih kiselina: monozasi\u0107enih (Omega 7 i Omega 9) i polinezasi\u0107enih (Omega 3 i Omeg"}},"product_brand":[],"product_cat":[73,92],"product_tag":[],"class_list":{"0":"post-4862","1":"product","2":"type-product","3":"status-publish","4":"has-post-thumbnail","6":"product_cat-esi","7":"product_cat-esi-suplementi","9":"first","10":"instock","11":"shipping-taxable","12":"purchasable","13":"product-type-simple"},"_links":{"self":[{"href":"http:\/\/drkozarevcosmedics.com\/tr\/wp-json\/wp\/v2\/product\/4862","targetHints":{"allow":["GET"]}}],"collection":[{"href":"http:\/\/drkozarevcosmedics.com\/tr\/wp-json\/wp\/v2\/product"}],"about":[{"href":"http:\/\/drkozarevcosmedics.com\/tr\/wp-json\/wp\/v2\/types\/product"}],"replies":[{"embeddable":true,"href":"http:\/\/drkozarevcosmedics.com\/tr\/wp-json\/wp\/v2\/comments?post=4862"}],"version-history":[{"count":1,"href":"http:\/\/drkozarevcosmedics.com\/tr\/wp-json\/wp\/v2\/product\/4862\/revisions"}],"predecessor-version":[{"id":4864,"href":"http:\/\/drkozarevcosmedics.com\/tr\/wp-json\/wp\/v2\/product\/4862\/revisions\/4864"}],"wp:featuredmedia":[{"embeddable":true,"href":"http:\/\/drkozarevcosmedics.com\/tr\/wp-json\/wp\/v2\/media\/4863"}],"wp:attachment":[{"href":"http:\/\/drkozarevcosmedics.com\/tr\/wp-json\/wp\/v2\/media?parent=4862"}],"wp:term":[{"taxonomy":"product_brand","embeddable":true,"href":"http:\/\/drkozarevcosmedics.com\/tr\/wp-json\/wp\/v2\/product_brand?post=4862"},{"taxonomy":"product_cat","embeddable":true,"href":"http:\/\/drkozarevcosmedics.com\/tr\/wp-json\/wp\/v2\/product_cat?post=4862"},{"taxonomy":"product_tag","embeddable":true,"href":"http:\/\/drkozarevcosmedics.com\/tr\/wp-json\/wp\/v2\/product_tag?post=4862"}],"curies":[{"name":"wp","href":"https:\/\/api.w.org\/{rel}","templated":true}]}}