{"id":4853,"date":"2024-05-11T21:39:56","date_gmt":"2024-05-11T21:39:56","guid":{"rendered":"https:\/\/drkozarevcosmedics.com\/?post_type=product&#038;p=4853"},"modified":"2024-05-22T10:57:22","modified_gmt":"2024-05-22T10:57:22","slug":"ferrolin-c-kapsule","status":"publish","type":"product","link":"http:\/\/drkozarevcosmedics.com\/tr\/product\/ferrolin-c-kapsule\/","title":{"rendered":"FERROLIN C kaps\u00fclleri"},"content":{"rendered":"","protected":false},"excerpt":{"rendered":"<p><span style=\"color: #000000;\">FERROLIN C, kaps\u00fcl formunda demir, C vitamini, folik asit ve B12 vitamini i\u00e7eren bir besin takviyesidir.<\/span><\/p>\n<p><span style=\"color: #000000;\">\u00c7ok iyi tolere edildi\u011fi i\u00e7in hamile kad\u0131nlara da tavsiye edilir.<\/span><\/p>\n<p><span style=\"color: #000000;\">Di\u015fleri lekelemez ve mide bulant\u0131s\u0131na neden olmaz.<\/span><\/p>\n<p><span style=\"color: #000000;\">Ferrolin C kaps\u00fclleri ayr\u0131ca ya\u015fl\u0131lara, hamilelik ve emzirme d\u00f6nemindeki kad\u0131nlara, a\u011f\u0131r adet kanamas\u0131 olan kad\u0131nlara, s\u0131k alkol t\u00fcketimine, sporculara ve a\u011f\u0131r fiziksel efor sarf eden ki\u015filere ve ayr\u0131ca anemi nedeniyle sa\u00e7 d\u00f6k\u00fclmesi artan t\u00fcm ki\u015filere tavsiye edilir.<\/span><\/p>\n<p><span style=\"color: #000000;\">\u00a0<strong>Demir ve folik asit<\/strong> kan h\u00fccresi ve hemoglobin olu\u015fumunun fizyolojik s\u00fcre\u00e7lerine yard\u0131mc\u0131 olurlar. Hemoglobin, k\u0131rm\u0131z\u0131 kan h\u00fccrelerinde bulunan bir proteindir ve t\u00fcm organizma i\u00e7in oksijenin ta\u015f\u0131y\u0131c\u0131s\u0131d\u0131r. Folik asit hamilelik s\u0131ras\u0131nda anne dokusunun uygun \u015fekilde b\u00fcy\u00fcmesine katk\u0131da bulunur.<\/span><\/p>\n<p><span style=\"color: #000000;\"><strong>Demir, y\u00fcksek biyoyararlan\u0131m ve 'dan fazla artan emilim\/kullan\u0131m ile karakterize edilen, do\u011fal k\u00f6kenli bir organik demir kompleksi olan ferro pidolat formunda bulunur.<\/strong><\/span><\/p>\n<p><span style=\"color: #000000;\"><strong>C vitamini<\/strong> (acerola meyvesinden) demir emilimini artt\u0131r\u0131r ve h\u00fccrelerin oksidatif stresten korunmas\u0131na katk\u0131da bulunur.<\/span><\/p>\n<p><span style=\"color: #000000;\"><strong>B12 Vitamini<\/strong> k\u0131rm\u0131z\u0131 kan h\u00fccrelerinin d\u00fczg\u00fcn olu\u015fumunda rol oynar ve yorgunluk ve bitkinli\u011fin azalmas\u0131na katk\u0131da bulunur.<\/span><\/p>\n<p><span style=\"color: #000000;\">Hem hamile hem de emziren kad\u0131nlar taraf\u0131ndan kullan\u0131labilir.<\/span><\/p>\n<p><span style=\"color: #000000;\">Naturcaps\u00ae kaps\u00fclleri jelatin ve yapay renklendirici i\u00e7ermeyen sel\u00fcloz bitki kaps\u00fclleridir.<\/span><\/p>\n<p><span style=\"color: #000000;\"><em>\u00dcr\u00fcn \u015funlar\u0131 i\u00e7ermez: gluten, s\u00fct t\u00fcrevleri, laktoz ve GDO'lar.<\/em><\/span><\/p>\n<p><span style=\"color: #000000;\"><em>\u00dcr\u00fcn vegan beslenmeye uygundur.<\/em><\/span><\/p>\n<p><span style=\"color: #000000;\"><strong>\u00dcr\u00fcn S\u0131rbistan Cumhuriyeti Sa\u011fl\u0131k Bakanl\u0131\u011f\u0131 veri taban\u0131nda kay\u0131tl\u0131d\u0131r.<\/strong><\/span><\/p>\n<p>&nbsp;<\/p>\n<p><span style=\"color: #000000;\"><strong>Aktif maddeler<\/strong><\/span><\/p>\n<p><span style=\"color: #000000;\">Demir (demir L-pidolat) \u2026\u2026\u2026\u2026\u2026\u2026. 15 mg<\/span><\/p>\n<p><span style=\"color: #000000;\">C Vitamini \u2026\u2026\u2026\u2026\u2026\u2026\u2026\u2026\u2026\u2026\u2026.. 62,5 mg<\/span><\/p>\n<p><span style=\"color: #000000;\">Folik asit \u2026\u2026\u2026\u2026\u2026\u2026\u2026\u2026 200 \u00b5g<\/span><\/p>\n<p><span style=\"color: #000000;\">B12 Vitamini\u2026\u2026\u2026\u2026\u2026\u2026\u2026\u2026. 2,5 \u00b5g<\/span><\/p>\n<p><span style=\"color: #000000;\"><strong>Kullan\u0131m \u015fekli: <\/strong>G\u00fcnde 1 kaps\u00fcl, tercihen yemekten sonra.<\/span><\/p>\n<p><span style=\"color: #000000;\"><strong>Ambalajlama: <\/strong>30 kaps\u00fcl<\/span><\/p>","protected":false},"featured_media":4854,"comment_status":"open","ping_status":"closed","template":"","meta":{"slim_seo":{"title":"FERROLIN C kapsule - Dr Kozarev Cosmedics","description":"FERROLIN C je dodatak ishrani sa gvo\u017e\u0111em, vitaminom C, folnom kiselinom i vitaminom B12 u obliku kapsula. Veoma dobro se podnosi pa se preporu\u010duje i trudnicama."}},"product_brand":[],"product_cat":[73,92],"product_tag":[],"class_list":{"0":"post-4853","1":"product","2":"type-product","3":"status-publish","4":"has-post-thumbnail","6":"product_cat-esi","7":"product_cat-esi-suplementi","9":"first","10":"instock","11":"shipping-taxable","12":"purchasable","13":"product-type-simple"},"_links":{"self":[{"href":"http:\/\/drkozarevcosmedics.com\/tr\/wp-json\/wp\/v2\/product\/4853","targetHints":{"allow":["GET"]}}],"collection":[{"href":"http:\/\/drkozarevcosmedics.com\/tr\/wp-json\/wp\/v2\/product"}],"about":[{"href":"http:\/\/drkozarevcosmedics.com\/tr\/wp-json\/wp\/v2\/types\/product"}],"replies":[{"embeddable":true,"href":"http:\/\/drkozarevcosmedics.com\/tr\/wp-json\/wp\/v2\/comments?post=4853"}],"version-history":[{"count":1,"href":"http:\/\/drkozarevcosmedics.com\/tr\/wp-json\/wp\/v2\/product\/4853\/revisions"}],"predecessor-version":[{"id":4855,"href":"http:\/\/drkozarevcosmedics.com\/tr\/wp-json\/wp\/v2\/product\/4853\/revisions\/4855"}],"wp:featuredmedia":[{"embeddable":true,"href":"http:\/\/drkozarevcosmedics.com\/tr\/wp-json\/wp\/v2\/media\/4854"}],"wp:attachment":[{"href":"http:\/\/drkozarevcosmedics.com\/tr\/wp-json\/wp\/v2\/media?parent=4853"}],"wp:term":[{"taxonomy":"product_brand","embeddable":true,"href":"http:\/\/drkozarevcosmedics.com\/tr\/wp-json\/wp\/v2\/product_brand?post=4853"},{"taxonomy":"product_cat","embeddable":true,"href":"http:\/\/drkozarevcosmedics.com\/tr\/wp-json\/wp\/v2\/product_cat?post=4853"},{"taxonomy":"product_tag","embeddable":true,"href":"http:\/\/drkozarevcosmedics.com\/tr\/wp-json\/wp\/v2\/product_tag?post=4853"}],"curies":[{"name":"wp","href":"https:\/\/api.w.org\/{rel}","templated":true}]}}