{"id":4847,"date":"2024-05-11T21:34:48","date_gmt":"2024-05-11T21:34:48","guid":{"rendered":"https:\/\/drkozarevcosmedics.com\/?post_type=product&#038;p=4847"},"modified":"2024-05-22T10:55:52","modified_gmt":"2024-05-22T10:55:52","slug":"rigenforte-biotinax-kapsule-za-kosu-i-nokte","status":"publish","type":"product","link":"http:\/\/drkozarevcosmedics.com\/tr\/product\/rigenforte-biotinax-kapsule-za-kosu-i-nokte\/","title":{"rendered":"Sa\u00e7 ve t\u0131rnaklar i\u00e7in Rigenforte Biotinax kaps\u00fclleri"},"content":{"rendered":"","protected":false},"excerpt":{"rendered":"<p><span style=\"color: #000000;\">Rigenforte\u00ae kaps\u00fclleri, biyotin (H vitamini), mineraller, vitaminler ve amino asitler (metiyonin ve sistin) i\u00e7eren patentli Biotinax\u00ae kompleksini i\u00e7erir. Biotin ve selenyum sa\u011fl\u0131kl\u0131 sa\u00e7lar\u0131n korunmas\u0131na katk\u0131da bulunur, \u00e7inko sa\u011fl\u0131kl\u0131 t\u0131rnaklar\u0131n korunmas\u0131na katk\u0131da bulunur, bak\u0131r normal sa\u00e7 pigmentasyonuna katk\u0131da bulunur ve E vitamini h\u00fccrelerin oksidatif stresten korunmas\u0131na katk\u0131da bulunur.<\/span><\/p>\n<p><span style=\"color: #000000;\">Rigenforte\u00ae \u00f6zel kaps\u00fcl, uzun s\u00fcreli, iki fazl\u0131 bir etkiye sahiptir (ESI\u00ae \u015firketinin patentli teknolojisi) ve ba\u011f\u0131rsak yolunun farkl\u0131 k\u0131s\u0131mlar\u0131nda yava\u015f yava\u015f \u00e7\u00f6z\u00fcnen ve emilen 4 k\u00fc\u00e7\u00fck tablet i\u00e7erir; bu, v\u00fccudun mevcut t\u00fcm besin maddelerini tam olarak kullanmas\u0131n\u0131 sa\u011flar. .<\/span><\/p>\n<p><span style=\"color: #000000;\"><em>Klinik bir \u00e7al\u0131\u015fma, Rigenforte kaps\u00fcllerinin sa\u00e7 d\u00f6k\u00fclmesinin azalmas\u0131, sa\u00e7 kal\u0131nl\u0131\u011f\u0131n\u0131n artmas\u0131, y\u0131rt\u0131lmaya kar\u015f\u0131 diren\u00e7 ve b\u00fcy\u00fcme a\u015famas\u0131ndaki sa\u00e7 say\u0131s\u0131n\u0131n artmas\u0131 \u015feklinde yans\u0131yan etkisini kan\u0131tlam\u0131\u015ft\u0131r.<\/em><\/span><\/p>\n<p><span style=\"color: #000000;\"><strong><em>Biotinax <\/em><\/strong><em>- ESI'nin biyotin, metiyonin ve sisteinden olu\u015fan patentli form\u00fcl\u00fc. Metiyonin ve sistein, sa\u00e7\u0131n keratin yap\u0131s\u0131n\u0131 g\u00fc\u00e7lendiren, ona g\u00fc\u00e7 ve elastikiyet kazand\u0131ran k\u00fck\u00fcrtl\u00fc amino asitlerdir. Biotin, ciltte ve sa\u00e7 derisindeki sebum \u00fcretimini dengeleyebilir, b\u00f6ylece bu t\u00fcr rahats\u0131zl\u0131klarla ili\u015fkili sa\u00e7 sorunlar\u0131n\u0131 ortadan kald\u0131rabilir.<\/em><\/span><\/p>\n<p><span style=\"color: #000000;\"><strong><em>Folik asit ve pantotenik asit (B5 vitamini)<\/em><\/strong><em> - zarar g\u00f6rm\u00fc\u015f sa\u00e7lar\u0131n iyile\u015fmesini h\u0131zland\u0131r\u0131rlar<\/em><\/span><\/p>\n<p><span style=\"color: #000000;\"><strong><em>\u00c7inko <\/em><\/strong><em>- Sa\u00e7 ve t\u0131rnak sa\u011fl\u0131\u011f\u0131n\u0131 destekler<\/em><\/span><\/p>\n<p><span style=\"color: #000000;\"><strong><em>Selenyum ve E Vitamini<\/em><\/strong><em> \u2013 antioksidanlar<\/em><\/span><\/p>\n<p><span style=\"color: #000000;\"><strong><em>Bak\u0131r <\/em><\/strong><em>- Do\u011fal sa\u00e7 renginin korunmas\u0131n\u0131 sa\u011flar<\/em><\/span><\/p>\n<p><span style=\"color: #000000;\">\u00dcr\u00fcn \u015funlar\u0131 i\u00e7ermez: gluten, yapay renkler, tatlar ve GDO'lar. Vegan diyeti uygulayan ki\u015filer i\u00e7in uygundur.<\/span><\/p>\n<p><span style=\"color: #000000;\"><strong>\u00dcr\u00fcn S\u0131rbistan Cumhuriyeti Sa\u011fl\u0131k Bakanl\u0131\u011f\u0131 veri taban\u0131nda kay\u0131tl\u0131d\u0131r.<\/strong><\/span><\/p>\n<p><span style=\"color: #000000;\"><strong>Kompozisyon:<\/strong><\/span><\/p>\n<p><span style=\"color: #000000;\">Metionin (DL-metionin) &#8230;&#8230;&#8230;&#8230;&#8230;&#8230;&#8230;&#8230; 250,0 mg<\/span><\/p>\n<p><span style=\"color: #000000;\">Cistein (L-cistein) &#8230;&#8230;&#8230;&#8230;&#8230;&#8230;&#8230;&#8230;&#8230;&#8230;&#8230;.. 50,0 mg<\/span><\/p>\n<p><span style=\"color: #000000;\">Pantotenik asit (kalsiyum-D-pantotenat) .. 9,0 mg (%RDA 150)<\/span><\/p>\n<p><span style=\"color: #000000;\">E Vitamini (DL-\u03b1-tokoferol-asetat) \u2026\u2026\u2026 7,8 mg (%RDA 65)<\/span><\/p>\n<p><span style=\"color: #000000;\">\u00c7inko (\u00e7inko oksit) \u2026\u2026\u2026\u2026\u2026\u2026\u2026\u2026\u2026\u2026\u2026\u2026 7,5 mg (%RDA 75)<\/span><\/p>\n<p><span style=\"color: #000000;\">B6 Vitamini (piridoksin hidroklor\u00fcr) \u2026\u2026\u2026 2,1 mg (%RDA 150)<\/span><\/p>\n<p><span style=\"color: #000000;\">Bak\u0131r (bak\u0131r-II-glukonat) \u2026\u2026\u2026\u2026\u2026\u2026\u2026.. 1,0 mg (%RDA 100)<\/span><\/p>\n<p><span style=\"color: #000000;\">Folik asit \u2026\u2026\u2026\u2026\u2026\u2026\u2026\u2026\u2026\u2026\u2026. 300,0 \u00b5g (%RDA 150)<\/span><\/p>\n<p><span style=\"color: #000000;\">Selenyum (sodyum selenat) \u2026\u2026\u2026\u2026\u2026.. 55,0 \u00b5g (%RDA 100)<\/span><\/p>\n<p><span style=\"color: #000000;\">Biotin (D-biotin) &#8230;&#8230;&#8230;&#8230;&#8230;&#8230;&#8230;&#8230;&#8230;.. 50,0 \u00b5g (%RDA 100)<\/span><\/p>\n<p><span style=\"color: #000000;\"><strong>Kullan\u0131m \u015fekli: <\/strong>G\u00fcnde bir kaps\u00fcl, tercihen yemekten sonra biraz su ile.<\/span><\/p>\n<p><span style=\"color: #000000;\"><strong>Ambalajlama: <\/strong>30 Naturcaps\u00ae kaps\u00fcl. Naturcaps\u00ae kaps\u00fclleri jelatin ve yapay renklendirici i\u00e7ermeyen sel\u00fcloz bitki kaps\u00fclleridir.<\/span><\/p>","protected":false},"featured_media":4848,"comment_status":"open","ping_status":"closed","template":"","meta":{"slim_seo":{"title":"Rigenforte Biotinax kapsule za kosu i nokte - Dr Kozarev Cosmedics","description":"Rigenforte\u00ae kapsule sadr\u017ee patentirani\u00a0 Biotinax\u00ae kompleks sa biotinom (vitamin H) mineralima, vitaminima i aminokiselinama (metionin i cistin).\u00a0 Biotin i selen"}},"product_brand":[],"product_cat":[73,91],"product_tag":[],"class_list":{"0":"post-4847","1":"product","2":"type-product","3":"status-publish","4":"has-post-thumbnail","6":"product_cat-esi","7":"product_cat-rigenforte-program","9":"first","10":"instock","11":"shipping-taxable","12":"purchasable","13":"product-type-simple"},"_links":{"self":[{"href":"http:\/\/drkozarevcosmedics.com\/tr\/wp-json\/wp\/v2\/product\/4847","targetHints":{"allow":["GET"]}}],"collection":[{"href":"http:\/\/drkozarevcosmedics.com\/tr\/wp-json\/wp\/v2\/product"}],"about":[{"href":"http:\/\/drkozarevcosmedics.com\/tr\/wp-json\/wp\/v2\/types\/product"}],"replies":[{"embeddable":true,"href":"http:\/\/drkozarevcosmedics.com\/tr\/wp-json\/wp\/v2\/comments?post=4847"}],"version-history":[{"count":1,"href":"http:\/\/drkozarevcosmedics.com\/tr\/wp-json\/wp\/v2\/product\/4847\/revisions"}],"predecessor-version":[{"id":4849,"href":"http:\/\/drkozarevcosmedics.com\/tr\/wp-json\/wp\/v2\/product\/4847\/revisions\/4849"}],"wp:featuredmedia":[{"embeddable":true,"href":"http:\/\/drkozarevcosmedics.com\/tr\/wp-json\/wp\/v2\/media\/4848"}],"wp:attachment":[{"href":"http:\/\/drkozarevcosmedics.com\/tr\/wp-json\/wp\/v2\/media?parent=4847"}],"wp:term":[{"taxonomy":"product_brand","embeddable":true,"href":"http:\/\/drkozarevcosmedics.com\/tr\/wp-json\/wp\/v2\/product_brand?post=4847"},{"taxonomy":"product_cat","embeddable":true,"href":"http:\/\/drkozarevcosmedics.com\/tr\/wp-json\/wp\/v2\/product_cat?post=4847"},{"taxonomy":"product_tag","embeddable":true,"href":"http:\/\/drkozarevcosmedics.com\/tr\/wp-json\/wp\/v2\/product_tag?post=4847"}],"curies":[{"name":"wp","href":"https:\/\/api.w.org\/{rel}","templated":true}]}}