{"id":4844,"date":"2024-05-11T21:31:16","date_gmt":"2024-05-11T21:31:16","guid":{"rendered":"https:\/\/drkozarevcosmedics.com\/?post_type=product&#038;p=4844"},"modified":"2024-05-22T10:55:17","modified_gmt":"2024-05-22T10:55:17","slug":"rigenforte-biotinax-sampon-protiv-opadanja-kose","status":"publish","type":"product","link":"http:\/\/drkozarevcosmedics.com\/tr\/product\/rigenforte-biotinax-sampon-protiv-opadanja-kose\/","title":{"rendered":"Sa\u00e7 d\u00f6k\u00fclmesine kar\u015f\u0131 Rigenforte\u00ae Biotinax \u015fampuan\u0131"},"content":{"rendered":"","protected":false},"excerpt":{"rendered":"<p><span style=\"color: #000000;\">Rigenforte \u015fampuan\u0131 sa\u00e7 b\u00fcy\u00fcmesini te\u015fvik eden, besleyen, g\u00fc\u00e7lendiren ve hacmini art\u0131ran do\u011fal bile\u015fenler i\u00e7erir. Sa\u00e7lar\u0131nda seyrelme ve d\u00f6k\u00fclmenin artt\u0131\u011f\u0131 kad\u0131n ve erkeklere \u00f6nerilir. G\u00fcnl\u00fck ve uzun s\u00fcreli kullan\u0131ma uygundur.<\/span><\/p>\n<p><span style=\"color: #000000;\">Ayr\u0131ca ince ve k\u0131r\u0131lgan sa\u00e7lar i\u00e7in de \u00f6nerilir \u00e7\u00fcnk\u00fc g\u00fcne\u015f, r\u00fczgar, duman ve sa\u00e7 boyalar\u0131ndan zarar g\u00f6rm\u00fc\u015f sa\u00e7lar\u0131n hacmini, tonunu iyile\u015ftirir ve nemlendirir. Sa\u00e7 b\u00fcy\u00fcmesini te\u015fvik eden do\u011fal bile\u015fenler i\u00e7erir. Agresif k\u00f6p\u00fck olu\u015fturucu maddeler i\u00e7ermez ve sa\u00e7 derisini kurutmaz. M\u00fckemmel temizlik hissi veren ve y\u0131kanmas\u0131 kolay hafif bir k\u00f6p\u00fck olu\u015fturur.<\/span><\/p>\n<p><span style=\"color: #000000;\">Rigenforte \u015fampuan sa\u00e7lar\u0131 etkili ve derinlemesine temizler ancak agresif k\u00f6p\u00fck olu\u015fturucu maddeler i\u00e7ermez; Sa\u00e7 ve sa\u00e7 derisine nazik etkisi nedeniyle g\u00fcnl\u00fck olarak kullan\u0131labilir.<\/span><\/p>\n<p><span style=\"color: #000000;\">ESI s.r.l. \u015firketi taraf\u0131ndan geli\u015ftirilen yenilik\u00e7i Biotinax teknolojisi, 3 aktif bile\u015fenin etkinli\u011fini sa\u011flar: Biotin, Metiyonin ve Sistein.\u00a0<\/span><\/p>\n<p><span style=\"color: #000000;\"><em>Klinik testler<\/em>, a\u015f\u0131r\u0131 sa\u00e7 d\u00f6k\u00fclmesinden \u015fikayet\u00e7i olan 20 kat\u0131l\u0131mc\u0131 (erkek ve kad\u0131n) ile 3 ay boyunca bir \u0130talyan \u00fcniversitesi i\u015fbirli\u011fiyle y\u00fcr\u00fct\u00fclen \u00e7al\u0131\u015fma, \u015funu g\u00f6sterdi: <em>Rigenforte Biotinax ampulleri ve Rigenforte Biotinax \u015fampuan\u0131n\u0131n birlikte kullan\u0131m\u0131 sebum ve kepek \u00fcretiminde azalmaya, sa\u00e7 derisi tahri\u015fine, sa\u00e7 d\u00f6k\u00fclmesine ve sa\u00e7 yo\u011funlu\u011funun artmas\u0131na neden olur.<\/em><\/span><\/p>\n<p><span style=\"color: #000000;\">\u00a0<em>\u00dcr\u00fcn \u015funlar\u0131 i\u00e7ermez: boyalar, parabenler ve silikonlar. Dermatolojik olarak test edilmi\u015ftir.<\/em><\/span><\/p>\n<p><span style=\"color: #000000;\"><strong>Kompozisyon:<\/strong><\/span><\/p>\n<ul>\n<li><span style=\"color: #000000;\"><strong> Biotinax <\/strong>- ESI firmas\u0131n\u0131n patentli form\u00fcl\u00fc biyotin, metiyonin ve sisteinden olu\u015fur. Metiyonin ve sistein, sa\u00e7\u0131n keratin yap\u0131s\u0131n\u0131 g\u00fc\u00e7lendiren, ona s\u0131k\u0131l\u0131k ve elastikiyet kazand\u0131ran k\u00fck\u00fcrtl\u00fc amino asitlerdir. Biotin, sebum \u00fcretimini dengeler ve b\u00f6ylece a\u015f\u0131r\u0131 salg\u0131lanmas\u0131na (seboreik dermatit, kepek g\u00f6r\u00fcn\u00fcm\u00fc) veya yetersiz salg\u0131lanmas\u0131na (parlakl\u0131k kayb\u0131, a\u015f\u0131r\u0131 kuruma) neden olan sorunlar\u0131 ortadan kald\u0131r\u0131r.<\/span><\/li>\n<li><span style=\"color: #000000;\"><strong> Bitki k\u00f6k h\u00fccreleri <\/strong>folik\u00fcl aktivitesini destekleyen, sa\u00e7 d\u00f6k\u00fclmesini durduran ve sa\u00e7 b\u00fcy\u00fcmesini destekleyen temel bile\u015fenler a\u00e7\u0131s\u0131ndan zengindir.<\/span><br \/>\n<span style=\"color: #000000;\"><strong>\u2022 Capixyl TM <\/strong>asetil tetrapeptid ve k\u0131rm\u0131z\u0131 yonca ekstrakt\u0131n\u0131n bir kar\u0131\u015f\u0131m\u0131. Sa\u00e7 d\u00f6k\u00fclmesine yol a\u00e7an ana fakt\u00f6rlere etki eder. Capixyl TM, androjenik tipte alopesiden sorumlu olan DHT \u00fcretimini azaltan 5-alfa red\u00fcktaz enziminin aktivitesini inhibe eder. Sa\u00e7 folik\u00fcllerinin erken minyat\u00fcrle\u015fmesini bast\u0131r\u0131r ve sa\u00e7\u0131n sa\u00e7 derisine tutunmas\u0131n\u0131 iyile\u015ftirir, b\u00f6ylece sa\u00e7 k\u00f6klerinden erken sa\u00e7 d\u00f6k\u00fclmesini \u00f6nler. CapixylTM rahatlat\u0131c\u0131 bir etkiye sahiptir ve sa\u00e7 derisindeki iltihaplanmay\u0131 ve tahri\u015fi \u00f6nler.<\/span><\/li>\n<\/ul>\n<p><span style=\"color: #000000;\"><strong>Kullan\u0131m \u015fekli: <\/strong>Islak sa\u00e7a uygulay\u0131n, hafif\u00e7e masaj yap\u0131n ve 1 dakika bekletin, \u0131l\u0131k suyla durulay\u0131n. \u015eampuan g\u00fcnl\u00fck ve uzun s\u00fcreli kullan\u0131ma uygundur. Sa\u00e7 d\u00f6k\u00fclmesinin \u00f6nlenmesinde en iyi etki, bu \u015fampuan\u0131n Rigenforte Biotinax ampullerle birlikte kullan\u0131lmas\u0131yla elde edilir.<\/span><\/p>\n<p><span style=\"color: #000000;\"><strong>Ambalajlama: <\/strong>250 ml<\/span><\/p>","protected":false},"featured_media":4845,"comment_status":"open","ping_status":"closed","template":"","meta":{"slim_seo":{"title":"Rigenforte\u00ae Biotinax \u0161ampon protiv opadanja kose - Dr Kozarev Cosmedics","description":"Rigenforte \u0161ampon sadr\u017ei prirodne sastojke koji stimuli\u0161u rast kose, hrane je, ja\u010daju i pove\u0107avaju volumen. Preporu\u010duje se i mu\u0161karcima i \u017eenama kod prore\u0111ivanj"}},"product_brand":[],"product_cat":[73,91],"product_tag":[],"class_list":{"0":"post-4844","1":"product","2":"type-product","3":"status-publish","4":"has-post-thumbnail","6":"product_cat-esi","7":"product_cat-rigenforte-program","9":"first","10":"instock","11":"shipping-taxable","12":"purchasable","13":"product-type-simple"},"_links":{"self":[{"href":"http:\/\/drkozarevcosmedics.com\/tr\/wp-json\/wp\/v2\/product\/4844","targetHints":{"allow":["GET"]}}],"collection":[{"href":"http:\/\/drkozarevcosmedics.com\/tr\/wp-json\/wp\/v2\/product"}],"about":[{"href":"http:\/\/drkozarevcosmedics.com\/tr\/wp-json\/wp\/v2\/types\/product"}],"replies":[{"embeddable":true,"href":"http:\/\/drkozarevcosmedics.com\/tr\/wp-json\/wp\/v2\/comments?post=4844"}],"version-history":[{"count":3,"href":"http:\/\/drkozarevcosmedics.com\/tr\/wp-json\/wp\/v2\/product\/4844\/revisions"}],"predecessor-version":[{"id":5572,"href":"http:\/\/drkozarevcosmedics.com\/tr\/wp-json\/wp\/v2\/product\/4844\/revisions\/5572"}],"wp:featuredmedia":[{"embeddable":true,"href":"http:\/\/drkozarevcosmedics.com\/tr\/wp-json\/wp\/v2\/media\/4845"}],"wp:attachment":[{"href":"http:\/\/drkozarevcosmedics.com\/tr\/wp-json\/wp\/v2\/media?parent=4844"}],"wp:term":[{"taxonomy":"product_brand","embeddable":true,"href":"http:\/\/drkozarevcosmedics.com\/tr\/wp-json\/wp\/v2\/product_brand?post=4844"},{"taxonomy":"product_cat","embeddable":true,"href":"http:\/\/drkozarevcosmedics.com\/tr\/wp-json\/wp\/v2\/product_cat?post=4844"},{"taxonomy":"product_tag","embeddable":true,"href":"http:\/\/drkozarevcosmedics.com\/tr\/wp-json\/wp\/v2\/product_tag?post=4844"}],"curies":[{"name":"wp","href":"https:\/\/api.w.org\/{rel}","templated":true}]}}