{"id":5457,"date":"2024-05-21T15:56:03","date_gmt":"2024-05-21T15:56:03","guid":{"rendered":"https:\/\/drkozarevcosmedics.com\/?post_type=product&#038;p=5457"},"modified":"2024-05-22T11:10:54","modified_gmt":"2024-05-22T11:10:54","slug":"lotos-vlazne-maramice-sa-ekstraktom-kamilice","status":"publish","type":"product","link":"http:\/\/drkozarevcosmedics.com\/en\/product\/lotos-vlazne-maramice-sa-ekstraktom-kamilice\/","title":{"rendered":"Lotos Wet Wipes with Chamomile Extract"},"content":{"rendered":"","protected":false},"excerpt":{"rendered":"<p>Lotos Moist Wipes 15\/1 with chamomile extract are soft and infused with a gentle lotion to gently remove impurities and protect your skin.<\/p>\n<p>The creamy formula provides additional hydration and maintains the skin's natural balance. Dermatologically tested, they are free from alcohol, dyes, parabens, and allergens, and they help maintain the skin's natural pH level.<\/p>\n<p>The convenient small pack is easy to carry with you at all times.<\/p>","protected":false},"featured_media":5459,"comment_status":"closed","ping_status":"closed","template":"","meta":{"slim_seo":{"title":"Lotos vla\u017ene maramice sa ekstraktom kamilice - Dr Kozarev Cosmedics","description":"Lotos vla\u017ene maramice 15\/1 sa kamilica extraktom, mekane i natopljene blagim losionom, ne\u017eno uklanjaju ne\u010disto\u0107e i \u0161tite va\u0161u ko\u017eu. Kremasta formula pru\u017ea ko\u017ei"}},"product_brand":[],"product_cat":[94],"product_tag":[],"class_list":{"0":"post-5457","1":"product","2":"type-product","3":"status-publish","4":"has-post-thumbnail","6":"product_cat-beauty-dodaci","8":"first","9":"instock","10":"shipping-taxable","11":"purchasable","12":"product-type-simple"},"_links":{"self":[{"href":"http:\/\/drkozarevcosmedics.com\/en\/wp-json\/wp\/v2\/product\/5457","targetHints":{"allow":["GET"]}}],"collection":[{"href":"http:\/\/drkozarevcosmedics.com\/en\/wp-json\/wp\/v2\/product"}],"about":[{"href":"http:\/\/drkozarevcosmedics.com\/en\/wp-json\/wp\/v2\/types\/product"}],"replies":[{"embeddable":true,"href":"http:\/\/drkozarevcosmedics.com\/en\/wp-json\/wp\/v2\/comments?post=5457"}],"version-history":[{"count":2,"href":"http:\/\/drkozarevcosmedics.com\/en\/wp-json\/wp\/v2\/product\/5457\/revisions"}],"predecessor-version":[{"id":5574,"href":"http:\/\/drkozarevcosmedics.com\/en\/wp-json\/wp\/v2\/product\/5457\/revisions\/5574"}],"wp:featuredmedia":[{"embeddable":true,"href":"http:\/\/drkozarevcosmedics.com\/en\/wp-json\/wp\/v2\/media\/5459"}],"wp:attachment":[{"href":"http:\/\/drkozarevcosmedics.com\/en\/wp-json\/wp\/v2\/media?parent=5457"}],"wp:term":[{"taxonomy":"product_brand","embeddable":true,"href":"http:\/\/drkozarevcosmedics.com\/en\/wp-json\/wp\/v2\/product_brand?post=5457"},{"taxonomy":"product_cat","embeddable":true,"href":"http:\/\/drkozarevcosmedics.com\/en\/wp-json\/wp\/v2\/product_cat?post=5457"},{"taxonomy":"product_tag","embeddable":true,"href":"http:\/\/drkozarevcosmedics.com\/en\/wp-json\/wp\/v2\/product_tag?post=5457"}],"curies":[{"name":"wp","href":"https:\/\/api.w.org\/{rel}","templated":true}]}}