{"id":4862,"date":"2024-05-11T21:45:12","date_gmt":"2024-05-11T21:45:12","guid":{"rendered":"https:\/\/drkozarevcosmedics.com\/?post_type=product&#038;p=4862"},"modified":"2024-05-22T10:59:03","modified_gmt":"2024-05-22T10:59:03","slug":"omega-v-vegan-omega-3-6-7-i-9","status":"publish","type":"product","link":"http:\/\/drkozarevcosmedics.com\/en\/product\/omega-v-vegan-omega-3-6-7-i-9\/","title":{"rendered":"OMEGA V  VEGAN \u2013 omega 3, 6, 7 i 9"},"content":{"rendered":"","protected":false},"excerpt":{"rendered":"<p><span style=\"color: #000000;\"><strong>OmegaV Vegan<\/strong> is a dietary supplement based on unsaturated fatty acids: monounsaturated (Omega 7 and Omega 9) and polyunsaturated (Omega 3 and Omega 6).<\/span><\/p>\n<p><span style=\"color: #000000;\">It contains flaxseed oil (Omega 3 and Omega 6), evening primrose oil (Omega 6), olive oil (Omega 9), rice bran oil (Omega 3 and Omega 9), and sea buckthorn oil (Omega 7).<\/span><\/p>\n<p><span style=\"color: #000000;\">OmegaV Vegan is a 100% plant-based product in a special soft vegetable capsule, VEGICAPS\u00ae SOFT.<\/span><\/p>\n<p><span style=\"color: #000000;\">Using OmegaV Vegan capsules helps ensure a balanced intake of these nutrients, which act as natural antioxidants and supply the body with essential unsaturated fatty acids necessary for its proper functioning. OmegaV Vegan <strong>positively affects the cardiovascular system<\/strong> (reducing the risk of atherosclerosis and benefiting triglyceride and cholesterol levels). Omega unsaturated fatty acids <strong>are beneficial for the skin <\/strong>and should be taken as a dietary supplement for specific dermatological conditions such as atopic eczema, dermatitis, psoriasis, dry skin, etc. OmegaV Vegan <strong>also helps alleviate symptoms of premenstrual syndrome (PMS).<\/strong><\/span><\/p>\n<p><span style=\"color: #000000;\">A clinical study has shown a reduction in triglyceride levels (by 31%) and LDL cholesterol (by 35%) after 6 months of appropriate diet and taking 3 capsules daily.<\/span><\/p>\n<p><span style=\"color: #000000;\"><strong>The product does not contain:<\/strong> gluten, dairy derivatives, lactose, or GMOs.<\/span><\/p>\n<p><span style=\"color: #000000;\"><strong>It is suitable for a vegan diet.<\/strong><\/span><\/p>\n<p><span style=\"color: #000000;\"><strong>The product is registered in the database of the Ministry of Health of the Republic of Serbia.<\/strong><\/span><\/p>\n<p><span style=\"color: #000000;\"><strong>Active ingredients:<\/strong><\/span><\/p>\n<p><span style=\"color: #000000;\">Plant Oil Intake:<\/span><\/p>\n<p><span style=\"color: #000000;\">Linseed oil (Linum usitatissimus) \u2026\u2026\u2026\u2026\u2026\u2026\u2026\u2026. 800 mg<\/span><\/p>\n<p><span style=\"color: #000000;\">Evening primrose seed oil (Oenothera biennis) \u2026\u2026\u2026\u2026\u2026\u2026\u2026 90 mg<\/span><\/p>\n<p><span style=\"color: #000000;\">Extra virgin olive oil (Olea europea) .... 60 mg<\/span><\/p>\n<p><span style=\"color: #000000;\">Rice husk oil (Oryza sativa) \u2026\u2026\u2026\u2026\u2026\u2026\u2026\u2026\u2026\u2026 30 mg<\/span><\/p>\n<p><span style=\"color: #000000;\">Sea buckthorn fruit oil (Hippophae rhamnoides) \u2026\u2026\u2026. 10 mg<\/span><\/p>\n<p>&nbsp;<\/p>\n<p><span style=\"color: #000000;\">Unsaturated Fatty Acid Intake:\u00a0<\/span><\/p>\n<p><span style=\"color: #000000;\">Omega 3 (alfa-linolenska) &#8230;&#8230;&#8230;&#8230;&#8230;&#8230; 360 mg<\/span><\/p>\n<p><span style=\"color: #000000;\">Omega 6 (linolna kiselina) &#8230;&#8230;&#8230;&#8230;&#8230;.. 190 mg<\/span><\/p>\n<p><span style=\"color: #000000;\">Omega 9 (oleinska kiselina) &#8230;&#8230;&#8230;&#8230;&#8230; 176 mg<\/span><\/p>\n<p><span style=\"color: #000000;\">Omega 6 (gama \u2013linolenska) &#8230;&#8230;&#8230;&#8230;&#8230; 8 mg<\/span><\/p>\n<p><span style=\"color: #000000;\">Omega 7 (palmitoleinska kiselina) &#8230;&#8230; 3 mg<\/span><\/p>\n<p><span style=\"color: #000000;\"><strong>How to use: <\/strong>2-3 capsules daily<\/span><\/p>\n<p><span style=\"color: #000000;\"><strong>Packaging: <\/strong>120 capsules<\/span><\/p>","protected":false},"featured_media":4863,"comment_status":"open","ping_status":"closed","template":"","meta":{"slim_seo":{"title":"OMEGA V VEGAN \u2013 omega 3, 6, 7 i 9 - Dr Kozarev Cosmedics","description":"OmegaV Vegan je dijetetski suplement (dodatak\u00a0 ishrani) na bazi nezasi\u0107enih masnih kiselina: monozasi\u0107enih (Omega 7 i Omega 9) i polinezasi\u0107enih (Omega 3 i Omeg"}},"product_brand":[],"product_cat":[73,92],"product_tag":[],"class_list":{"0":"post-4862","1":"product","2":"type-product","3":"status-publish","4":"has-post-thumbnail","6":"product_cat-esi","7":"product_cat-esi-suplementi","9":"first","10":"instock","11":"shipping-taxable","12":"purchasable","13":"product-type-simple"},"_links":{"self":[{"href":"http:\/\/drkozarevcosmedics.com\/en\/wp-json\/wp\/v2\/product\/4862","targetHints":{"allow":["GET"]}}],"collection":[{"href":"http:\/\/drkozarevcosmedics.com\/en\/wp-json\/wp\/v2\/product"}],"about":[{"href":"http:\/\/drkozarevcosmedics.com\/en\/wp-json\/wp\/v2\/types\/product"}],"replies":[{"embeddable":true,"href":"http:\/\/drkozarevcosmedics.com\/en\/wp-json\/wp\/v2\/comments?post=4862"}],"version-history":[{"count":1,"href":"http:\/\/drkozarevcosmedics.com\/en\/wp-json\/wp\/v2\/product\/4862\/revisions"}],"predecessor-version":[{"id":4864,"href":"http:\/\/drkozarevcosmedics.com\/en\/wp-json\/wp\/v2\/product\/4862\/revisions\/4864"}],"wp:featuredmedia":[{"embeddable":true,"href":"http:\/\/drkozarevcosmedics.com\/en\/wp-json\/wp\/v2\/media\/4863"}],"wp:attachment":[{"href":"http:\/\/drkozarevcosmedics.com\/en\/wp-json\/wp\/v2\/media?parent=4862"}],"wp:term":[{"taxonomy":"product_brand","embeddable":true,"href":"http:\/\/drkozarevcosmedics.com\/en\/wp-json\/wp\/v2\/product_brand?post=4862"},{"taxonomy":"product_cat","embeddable":true,"href":"http:\/\/drkozarevcosmedics.com\/en\/wp-json\/wp\/v2\/product_cat?post=4862"},{"taxonomy":"product_tag","embeddable":true,"href":"http:\/\/drkozarevcosmedics.com\/en\/wp-json\/wp\/v2\/product_tag?post=4862"}],"curies":[{"name":"wp","href":"https:\/\/api.w.org\/{rel}","templated":true}]}}