{"id":4841,"date":"2024-05-11T21:28:45","date_gmt":"2024-05-11T21:28:45","guid":{"rendered":"https:\/\/drkozarevcosmedics.com\/?post_type=product&#038;p=4841"},"modified":"2024-11-28T11:45:16","modified_gmt":"2024-11-28T11:45:16","slug":"rigenforte-biotinax-sampon-protiv-peruti","status":"publish","type":"product","link":"http:\/\/drkozarevcosmedics.com\/en\/product\/rigenforte-biotinax-sampon-protiv-peruti\/","title":{"rendered":"Rigenforte\u00ae Biotinax Anti-Dandruff Shampoo"},"content":{"rendered":"","protected":false},"excerpt":{"rendered":"<p><span style=\"color: #000000;\">Rigenforte\u00ae Anti-Dandruff Shampoo helps eliminate dandruff, regulates sebum production, reduces flakiness and oiliness, and soothes itching.<\/span><\/p>\n<p><span style=\"color: #000000;\">The carefully selected amount of surfactants and the shampoo's physiological pH ensure gentle cleansing of the hair and scalp without causing dryness, thus avoiding the \"rebound\" effect of dandruff reappearing. Its specific action against both oily and dry dandruff is due to the active ingredient piroctone olamine, which has antifungal properties and allows the shampoo, along with other natural ingredients, to effectively combat dandruff and hair thinning.<\/span><\/p>\n<p><span style=\"color: #000000;\">The innovative<strong>, <\/strong>patented <strong>Biotinax <\/strong>technology combines the effects of three key active ingredients: biotin, methionine, and cysteine. These ingredients work against hair thinning. Methionine and cysteine are sulfur-containing amino acids that strengthen the keratin structure of the hair, providing firmness and elasticity. Biotin balances sebum production, addressing issues caused by both excessive (seborrheic dermatitis, dandruff) and insufficient production (loss of shine, excessive dryness).<\/span><\/p>\n<p><span style=\"color: #000000;\"><strong>Plant stem cells<\/strong> are exceptionally rich in powerful active ingredients that revitalize hair follicles and scalp cells.<\/span><\/p>\n<p><span style=\"color: #000000;\"><strong>CapixylTM<\/strong> is a blend of acetyl-tetrapeptide-3 and red clover extract that positively affects thinning hair. It addresses the main factors leading to hair loss. Capixyl\u2122 inhibits the activity of the enzyme 5-alpha reductase, reducing the production of DHT, which is responsible for androgenic alopecia. It prevents premature miniaturization of hair follicles and improves hair attachment to the scalp, thus preventing premature hair loss from the root. Capixyl\u2122 has a soothing effect and prevents scalp inflammation and irritation.<\/span><\/p>\n<p><span style=\"color: #000000;\"><strong>Panthenol <\/strong>strengthens and hydrates the hair and scalp.<\/span><\/p>\n<p><span style=\"color: #000000;\"><strong>Packaging: <\/strong>250ml<\/span><\/p>\n<p><span style=\"color: #000000;\"><strong>How to use: <\/strong>Apply to wet hair and gently massage. Leave on for 1 minute. Rinse with lukewarm water. This mild shampoo has a physiological pH and can be used daily if needed.<\/span><\/p>","protected":false},"featured_media":4842,"comment_status":"open","ping_status":"closed","template":"","meta":{"slim_seo":{"title":"Rigenforte\u00ae Biotinax \u0161ampon protiv peruti - Dr Kozarev Cosmedics","description":"Rigenforte\u00ae \u0161ampon protiv peruti olak\u0161ava eliminaciju peruti, reguli\u0161e lu\u010denje sebuma, smanjuje perutanje i ma\u0161\u0107enje kose, umiruje svrab. Pa\u017eljivo odabrana doza"}},"product_brand":[],"product_cat":[73,91],"product_tag":[],"class_list":{"0":"post-4841","1":"product","2":"type-product","3":"status-publish","4":"has-post-thumbnail","6":"product_cat-esi","7":"product_cat-rigenforte-program","9":"first","10":"instock","11":"shipping-taxable","12":"purchasable","13":"product-type-simple"},"_links":{"self":[{"href":"http:\/\/drkozarevcosmedics.com\/en\/wp-json\/wp\/v2\/product\/4841","targetHints":{"allow":["GET"]}}],"collection":[{"href":"http:\/\/drkozarevcosmedics.com\/en\/wp-json\/wp\/v2\/product"}],"about":[{"href":"http:\/\/drkozarevcosmedics.com\/en\/wp-json\/wp\/v2\/types\/product"}],"replies":[{"embeddable":true,"href":"http:\/\/drkozarevcosmedics.com\/en\/wp-json\/wp\/v2\/comments?post=4841"}],"version-history":[{"count":2,"href":"http:\/\/drkozarevcosmedics.com\/en\/wp-json\/wp\/v2\/product\/4841\/revisions"}],"predecessor-version":[{"id":6490,"href":"http:\/\/drkozarevcosmedics.com\/en\/wp-json\/wp\/v2\/product\/4841\/revisions\/6490"}],"wp:featuredmedia":[{"embeddable":true,"href":"http:\/\/drkozarevcosmedics.com\/en\/wp-json\/wp\/v2\/media\/4842"}],"wp:attachment":[{"href":"http:\/\/drkozarevcosmedics.com\/en\/wp-json\/wp\/v2\/media?parent=4841"}],"wp:term":[{"taxonomy":"product_brand","embeddable":true,"href":"http:\/\/drkozarevcosmedics.com\/en\/wp-json\/wp\/v2\/product_brand?post=4841"},{"taxonomy":"product_cat","embeddable":true,"href":"http:\/\/drkozarevcosmedics.com\/en\/wp-json\/wp\/v2\/product_cat?post=4841"},{"taxonomy":"product_tag","embeddable":true,"href":"http:\/\/drkozarevcosmedics.com\/en\/wp-json\/wp\/v2\/product_tag?post=4841"}],"curies":[{"name":"wp","href":"https:\/\/api.w.org\/{rel}","templated":true}]}}