{"id":5253,"date":"2024-05-17T08:41:42","date_gmt":"2024-05-17T08:41:42","guid":{"rendered":"https:\/\/drkozarevcosmedics.com\/?page_id=5253"},"modified":"2024-12-29T22:29:10","modified_gmt":"2024-12-29T22:29:10","slug":"strije","status":"publish","type":"page","link":"http:\/\/drkozarevcosmedics.com\/en\/strije\/","title":{"rendered":"Stretch Marks"},"content":{"rendered":"\t\t<div data-elementor-type=\"wp-page\" data-elementor-id=\"5253\" class=\"elementor elementor-5253\">\n\t\t\t\t<div class=\"elementor-element elementor-element-43aa2b1 e-con-full thegem-e-con-layout-elementor e-flex e-con e-parent\" data-id=\"43aa2b1\" data-element_type=\"container\" data-e-type=\"container\" data-settings=\"{&quot;background_background&quot;:&quot;classic&quot;,&quot;thegem_container_layout&quot;:&quot;elementor&quot;}\">\r\n\t\t<div class=\"elementor-element elementor-element-539c20e e-con-full thegem-e-con-layout-elementor e-flex e-con e-child\" data-id=\"539c20e\" data-element_type=\"container\" data-e-type=\"container\" data-settings=\"{&quot;thegem_container_layout&quot;:&quot;elementor&quot;}\">\r\n\t\t\t\t<div class=\"elementor-element elementor-element-6c053cf flex-horizontal-align-default flex-horizontal-align-tablet-default flex-horizontal-align-mobile-default flex-vertical-align-default flex-vertical-align-tablet-default flex-vertical-align-mobile-default elementor-widget elementor-widget-heading\" data-id=\"6c053cf\" data-element_type=\"widget\" data-e-type=\"widget\" data-widget_type=\"heading.default\">\n\t\t\t\t<div class=\"elementor-widget-container\">\n\t\t\t\t\t<h2 class=\"elementor-heading-title elementor-size-default\">Strije<\/h2>\t\t\t\t<\/div>\n\t\t\t\t<\/div>\n\t\t\t\t<div class=\"elementor-element elementor-element-e02737b flex-horizontal-align-default flex-horizontal-align-tablet-default flex-horizontal-align-mobile-default flex-vertical-align-default flex-vertical-align-tablet-default flex-vertical-align-mobile-default elementor-widget elementor-widget-text-editor\" data-id=\"e02737b\" data-element_type=\"widget\" data-e-type=\"widget\" data-widget_type=\"text-editor.default\">\n\t\t\t\t<div class=\"elementor-widget-container\">\n\t\t\t\t\t\t\t\t\t\t\t\t<div class=\"elementor-text-editor elementor-clearfix\">\r\n\t\t\t\t\t\t<p>Dr Kozarev Cosmedics mleko za u\u010dvr\u0161\u0107ivanje ko\u017ee \u010dini ko\u017eu \u010dvr\u0161\u0107om, regeneri\u0161e je, intezivno hidrira i umanjuje strije.<\/p>\t\t\t\t\t\t\t<\/div>\r\n\t\t\t\t\t\t\t\t\t\t<\/div>\n\t\t\t\t<\/div>\n\t\t\t\t<\/div>\n\t\t<div class=\"elementor-element elementor-element-3fc4bb6 e-con-full thegem-e-con-layout-elementor e-flex e-con e-child\" data-id=\"3fc4bb6\" data-element_type=\"container\" data-e-type=\"container\" data-settings=\"{&quot;background_background&quot;:&quot;classic&quot;,&quot;thegem_container_layout&quot;:&quot;elementor&quot;}\">\r\n\t\t\t\t<div class=\"elementor-element elementor-element-1796bf9 elementor-hidden-desktop elementor-hidden-tablet flex-horizontal-align-default flex-horizontal-align-tablet-default flex-horizontal-align-mobile-default flex-vertical-align-default flex-vertical-align-tablet-default flex-vertical-align-mobile-default elementor-widget elementor-widget-spacer\" data-id=\"1796bf9\" data-element_type=\"widget\" data-e-type=\"widget\" data-widget_type=\"spacer.default\">\n\t\t\t\t<div class=\"elementor-widget-container\">\n\t\t\t\t\t\t\t<div class=\"elementor-spacer\">\n\t\t\t<div class=\"elementor-spacer-inner\"><\/div>\n\t\t<\/div>\n\t\t\t\t\t\t<\/div>\n\t\t\t\t<\/div>\n\t\t\t\t<\/div>\n\t\t\t\t<\/div>\n\t\t<div class=\"elementor-element elementor-element-53ef3e6 e-con-full thegem-e-con-layout-elementor e-flex e-con e-parent\" data-id=\"53ef3e6\" data-element_type=\"container\" data-e-type=\"container\" data-settings=\"{&quot;thegem_container_layout&quot;:&quot;elementor&quot;}\">\r\n\t\t\t\t<div class=\"elementor-element elementor-element-7069fdc flex-horizontal-align-default flex-horizontal-align-tablet-default flex-horizontal-align-mobile-default flex-vertical-align-default flex-vertical-align-tablet-default flex-vertical-align-mobile-default elementor-widget elementor-widget-thegem-extended-products-grid\" data-id=\"7069fdc\" data-element_type=\"widget\" data-e-type=\"widget\" data-settings=\"{&quot;columns_desktop&quot;:&quot;5x&quot;,&quot;content_products_cat&quot;:[&quot;strije&quot;],&quot;sale_label_text&quot;:&quot;Akcija&quot;,&quot;filters_text_labels_all_text&quot;:&quot;Show All&quot;,&quot;filters_text_labels_clear_text&quot;:&quot;Clear Filters&quot;,&quot;filter_by_status_stock_text&quot;:&quot;In Stock&quot;,&quot;filter_by_status_sale_text&quot;:&quot;On Sale&quot;,&quot;added_cart_text&quot;:&quot;Item added to cart&quot;,&quot;added_wishlist_text&quot;:&quot;Item added to wishlist&quot;,&quot;removed_wishlist_text&quot;:&quot;Item removed from wishlist&quot;,&quot;view_cart_button_text&quot;:&quot;View Cart&quot;,&quot;checkout_button_text&quot;:&quot;Checkout&quot;,&quot;view_wishlist_button_text&quot;:&quot;View Wishlist&quot;,&quot;not_found_text&quot;:&quot;No items were found matching your selection.&quot;,&quot;portfolio_uid&quot;:&quot;7069fdc&quot;,&quot;thegem_elementor_preset&quot;:&quot;below-default-cart-icon&quot;,&quot;image_size&quot;:&quot;full&quot;,&quot;items_per_page&quot;:12,&quot;pagination_type&quot;:&quot;scroll&quot;,&quot;labels_design&quot;:&quot;4&quot;,&quot;sale_label_type&quot;:&quot;text&quot;,&quot;add_to_cart_type&quot;:&quot;icon&quot;,&quot;columns_mobile&quot;:&quot;1x&quot;,&quot;source_type&quot;:&quot;custom&quot;,&quot;skeleton_loader&quot;:&quot;yes&quot;,&quot;layout_type&quot;:&quot;grid&quot;,&quot;columns_tablet&quot;:&quot;3x&quot;,&quot;layout&quot;:&quot;justified&quot;,&quot;image_ratio_full&quot;:{&quot;unit&quot;:&quot;px&quot;,&quot;size&quot;:1,&quot;sizes&quot;:[]},&quot;source&quot;:[&quot;category&quot;],&quot;exclude_type&quot;:&quot;manual&quot;,&quot;orderby&quot;:&quot;default&quot;,&quot;order&quot;:&quot;asc&quot;,&quot;caption_position&quot;:&quot;page&quot;,&quot;product_show_title&quot;:&quot;yes&quot;,&quot;product_show_price&quot;:&quot;yes&quot;,&quot;product_show_add_to_cart&quot;:&quot;yes&quot;,&quot;product_show_add_to_cart_mobiles&quot;:&quot;yes&quot;,&quot;cart_icon&quot;:{&quot;value&quot;:&quot;&quot;,&quot;library&quot;:&quot;&quot;},&quot;select_options_icon&quot;:{&quot;value&quot;:&quot;&quot;,&quot;library&quot;:&quot;&quot;},&quot;product_show_wishlist&quot;:&quot;yes&quot;,&quot;add_wishlist_icon&quot;:{&quot;value&quot;:&quot;&quot;,&quot;library&quot;:&quot;&quot;},&quot;added_wishlist_icon&quot;:{&quot;value&quot;:&quot;&quot;,&quot;library&quot;:&quot;&quot;},&quot;show_pagination&quot;:&quot;yes&quot;,&quot;next_page_preloading&quot;:&quot;yes&quot;,&quot;product_show_sale&quot;:&quot;yes&quot;,&quot;filters_type&quot;:&quot;filter_thegem&quot;,&quot;ajax_preloader_type&quot;:&quot;default&quot;,&quot;cart_hook&quot;:&quot;yes&quot;,&quot;image_gaps&quot;:{&quot;unit&quot;:&quot;px&quot;,&quot;size&quot;:42,&quot;sizes&quot;:[]},&quot;image_gaps_tablet&quot;:{&quot;unit&quot;:&quot;px&quot;,&quot;size&quot;:&quot;&quot;,&quot;sizes&quot;:[]},&quot;image_gaps_mobile&quot;:{&quot;unit&quot;:&quot;px&quot;,&quot;size&quot;:&quot;&quot;,&quot;sizes&quot;:[]},&quot;image_hover_effect_page&quot;:&quot;fade&quot;,&quot;image_hover_effect_fallback&quot;:&quot;zooming&quot;,&quot;title_preset&quot;:&quot;default&quot;,&quot;caption_container_preset&quot;:&quot;transparent&quot;,&quot;filter_buttons_hidden_show_icon&quot;:&quot;yes&quot;,&quot;stay_visible&quot;:4000}\" data-widget_type=\"thegem-extended-products-grid.default\">\n\t\t\t\t<div class=\"elementor-widget-container\">\n\t\t\t\t\t\t\t\t\t<div class=\"preloader save-space\">\n\t\t\t\t\t<div class=\"skeleton panel-sidebar-position-\">\n\t\t\t\t\t\t\t\t\t\t\t\t\t\t<div class=\"skeleton-posts row portfolio-row\">\n\t\t\t\t\t\t\t\t\t\t<div class=\"portfolio-item product col-xs-12 col-sm-4 columns-desktop-5 size-item post-5253 page type-page status-publish\">\n\t<\/div>\n\t\t\t\t\t\t\t\t<\/div>\n\t\t\t\t\t\t\t\t\t\t\t\t\t<\/div>\n\t\t\t\t<\/div>\n\t\t\t\n\t\t\t<div class=\"portfolio-preloader-wrapper panel-sidebar-position-\">\n\n\t\t\t\t\n\t\t\t\t<div class=\"portfolio portfolio-grid extended-portfolio-grid extended-products-grid woocommerce products no-padding portfolio-preset-below-default-cart-icon portfolio-pagination-scroll portfolio-style-justified background-style-transparent caption-container-preset- caption-position-page caption-alignment- hover-fade title-on-page                portfolio-disable-socials  columns-desktop-5x columns-tablet-3x columns-mobile-1x    next-page-preloading   aspect-ratio-custom  \" id=\"style-7069fdc\" data-per-page=\"12\" data-current-page=\"1\" data-current-tab=\"0\" data-next-page=\"0\" data-pages-count=\"1\" data-style-uid=\"7069fdc\" data-portfolio-uid=\"7069fdc\" data-hover=\"fade\" data-portfolio-filter=\"\" data-portfolio-filter-attributes=\"null\" data-portfolio-filter-status=\"null\" data-portfolio-filter-price=\"null\" data-portfolio-filter-search=\"\">\n\t\t\t\t\t\n\t\t\t\t\t<div class=\"portfolio-row-outer \">\n\t\t\t\t\t\t\t\t\t\t\t\t\t\t\t\t\t\t\t\t\t\t\t\t\t\t\t\t\t\t\t\t\t\t\t\t\t<div class=\"portfolio-top-panel selected-only\">\n\t\t\t\t\t\t\t\t\t\t<div class=\"portfolio-filter-item portfolio-selected-filters  \">\n\t<div class=\"portfolio-selected-filter-item clear-filters\">\n\t\tClear Filters\t<\/div>\n\t<\/div>\t\t\t\t\t\t\t\t\t<\/div>\n\t\t\t\t\t\t\t\t\t\t\t\t\t\t\t\t<div class=\"row portfolio-row clearfix\">\n\t\t\t\t\t\t\t\t\t<div class=\"portfolio-set\"\n\t\t\t\t\t\t\t\t\t\t data-max-row-height=\"\">\n\t\t\t\t\t\t\t\t\t\t\t\t\t\t\t\t\t\t\t\t\t\t\t<div class=\"portfolio-item product proizvodi strije col-xs-12 col-sm-4 columns-desktop-5 post-5148 type-product status-publish has-post-thumbnail product_cat-proizvodi product_cat-strije first instock featured shipping-taxable purchasable product-type-simple\">\n\t\t<div class=\"item-separator-box\"><\/div>\n\t\t<div class=\"actions woocommerce_before_shop_loop_item\">\n\t\t\t\t\t<\/div>\n\t\t<div class=\"wrap clearfix\">\n\t\t\t<div class=\"image post-5148 product type-product status-publish has-post-thumbnail product_cat-proizvodi product_cat-strije  instock featured shipping-taxable purchasable product-type-simple\">\n\t\t\t\t<div class=\"image-inner fallback-zooming\">\n\t\t\t\t\t\t\t<picture>\n\t\t\t\t\t\t<img fetchpriority=\"high\" src=\"http:\/\/drkozarevcosmedics.com\/wp-content\/uploads\/2024\/05\/Striel-3000x3000-1-scaled.jpg\" width=\"2560\" height=\"2560\"  class=\"attachment-full\" alt=\"Striel mleko\" \/>\n\t\t<\/picture>\n\t\t\t\t\t\t\t\t\t\t\t<\/div>\n\t\t\t\t<div class=\"overlay\">\n\t\t\t\t\t<div class=\"overlay-circle\"><\/div>\n\t\t\t\t\t\n\t\t\t\t\t<a class=\"product-link\" href=\"http:\/\/drkozarevcosmedics.com\/en\/product\/striel-mleko\/\"><span class=\"screen-reader-text\">Striel mleko<\/span><\/a>\n\t\t\t\t\t\t\t\t\t<\/div>\n\n\t\t\t\t\n\t\t\t\t<div class=\"labels-outer \">\n\t\t\t\t\t<div class=\"product-labels style-4\">\n\t\t\t\t\t\t\t\t\t\t\t\t\t\t\t\t\t\t\t\t\t\t\t\t\t\t\t\t\t<\/div>\n\t\t\t\t<\/div>\n\n\t\t\t\t\t\t\t<\/div>\n\n\t\t\t\t\t\t\t<div class=\"caption post-5148 product type-product status-publish has-post-thumbnail product_cat-proizvodi product_cat-strije  instock featured shipping-taxable purchasable product-type-simple\">\n\t\t\t\t\t<div class=\"product-info clearfix\">\n\t\t\t\t\t\t<div class=\"actions woocommerce_before_shop_loop_item_title\">\n\t\t\t\t\t\t\t\t\t\t\t\t\t<\/div>\n\t\t\t\t\t\t\t\t\t\t\t\t\t\t\t\t\t\t\t\t\t\t\t\t\t<div class=\"title\"><a class=\"default \" href=\"http:\/\/drkozarevcosmedics.com\/en\/product\/striel-mleko\/\">Striel mleko<\/a><\/div>\n\t\t\t\t\t\t\t\t\t\t\t\t\t\t\t\t\t\t<div class=\"actions woocommerce_shop_loop_item_title\">\n\t\t\t\t\t\t\t\t\t\t\t\t\t<\/div>\n\t\t\t\t\t\t<div class=\"actions woocommerce_after_shop_loop_item_title\">\n\t\t\t\t\t\t\t\t\t\t\t\t\t<\/div>\n\n\t\t\t\t\t\t\t\t\t\t\t<\/div>\n\t\t\t\t\t<div class=\"list-right\">\n\t\t\t\t\t\t\t\t\t\t\t\t\t<div class=\"price-wrap default\">\n\t<div class=\"product-price\"><span class=\"price\"><span class=\"woocommerce-Price-amount amount\"><bdi>3.000&nbsp;<span class=\"woocommerce-Price-currencySymbol\">RSD<\/span><\/bdi><\/span><\/span><\/div>\n<\/div>\n\t\t\t\t\t\t\n\t\t\t\t\t\t<div class=\"portfolio-icons product-bottom on-page-caption clearfix  \">\n\t\t\t\t\t\t\t\t\t\t\t\t\t\t\t<!-- Add to cart -->\n\t\t\t\t\t\t\t\t\t\t\t<span class=\"simple-type-button cart icon\">\n\t\t\t\t<a href=\"\/en\/wp-json\/wp\/v2\/pages\/5253?add-to-cart=5148\" data-quantity=\"1\" class=\"button product_type_simple add_to_cart_button ajax_add_to_cart\" data-product_id=\"5148\" data-product_sku=\"456SCL-1-1-1-1-1-1-1-1-2-1-1\" aria-label=\"Add to basket: &ldquo;Striel mleko&rdquo;\" rel=\"nofollow\" data-success_message=\"&ldquo;Striel mleko&rdquo; has been added to your cart\" role=\"button\"><i class=\"default\"><\/i><\/a>\t<span id=\"woocommerce_loop_add_to_cart_link_describedby_5148\" class=\"screen-reader-text\">\n\t\t\t<\/span>\n\t\t\t<\/span>\n\t\t\t\t<!-- YITH -->\n\t\t\t\t\t<span class=\"yith-icon\">\n\t\t\t\t\t\t\t\t\t<i class=\"add-wishlist-icon default\"><\/i>\n\t\t\t\t\t\t\t\t\t<i class=\"added-wishlist-icon default\"><\/i>\n\t\t\t\t\t\t\t\t\n<div\n\tclass=\"yith-wcwl-add-to-wishlist add-to-wishlist-5148 yith-wcwl-add-to-wishlist--link-style gem-list-wl-button wishlist-fragment on-first-load\"\n\tdata-fragment-ref=\"5148\"\n\tdata-fragment-options=\"{&quot;base_url&quot;:&quot;&quot;,&quot;product_id&quot;:5148,&quot;parent_product_id&quot;:0,&quot;product_type&quot;:&quot;simple&quot;,&quot;is_single&quot;:false,&quot;in_default_wishlist&quot;:false,&quot;show_view&quot;:false,&quot;browse_wishlist_text&quot;:&quot;Browse wishlist&quot;,&quot;already_in_wishslist_text&quot;:&quot;The product is already in your wishlist!&quot;,&quot;product_added_text&quot;:&quot;Product added!&quot;,&quot;available_multi_wishlist&quot;:false,&quot;disable_wishlist&quot;:false,&quot;show_count&quot;:false,&quot;ajax_loading&quot;:false,&quot;loop_position&quot;:&quot;after_add_to_cart&quot;,&quot;thegem_product_page&quot;:&quot;&quot;,&quot;thegem_template&quot;:&quot;&quot;,&quot;thegem_products_grid&quot;:&quot;&quot;,&quot;item&quot;:&quot;add_to_wishlist&quot;}\"\n>\n\t\t\t\n\t\t\t<!-- ADD TO WISHLIST -->\n\t\t\t\n\t<div class=\"yith-wcwl-add-button\">\n\t\t<a href=\"?add_to_wishlist=5148\" rel=\"nofollow\"\n\t\t   data-product-id=\"5148\" data-product-type=\"simple\"\n\t\t   data-original-product-id=\"0\" class=\"add_to_wishlist single_add_to_wishlist\"\n\t\t   data-title=\"Add to wishlist\">\n\t\t\t<svg id=\"yith-wcwl-icon-heart-outline\" class=\"yith-wcwl-icon-svg\" fill=\"none\" stroke-width=\"1.5\" stroke=\"currentColor\" viewBox=\"0 0 24 24\" xmlns=\"http:\/\/www.w3.org\/2000\/svg\">\n  <path stroke-linecap=\"round\" stroke-linejoin=\"round\" d=\"M21 8.25c0-2.485-2.099-4.5-4.688-4.5-1.935 0-3.597 1.126-4.312 2.733-.715-1.607-2.377-2.733-4.313-2.733C5.1 3.75 3 5.765 3 8.25c0 7.22 9 12 9 12s9-4.78 9-12Z\"><\/path>\n<\/svg>\t\t\t<span>Add to wishlist<\/span>\n\t\t<\/a>\n\t<\/div>\n\n\t\t\t<!-- COUNT TEXT -->\n\t\t\t\n\t\t\t<\/div>\n\t\t\t<\/span>\n\t\t\n\t\t<!-- Sharing -->\n\t\t\t\t\t\t\t\t\t<\/div>\n\n\t\t\t\t\t\t\n\t\t\t\t\t\t<div class=\"actions woocommerce_after_shop_loop_item\">\n\t\t\t\t\t\t\t\t\t\t\t\t\t<\/div>\n\t\t\t\t\t<\/div>\n\t\t\t\t<\/div>\n\t\t\t\n\t\t<\/div>\n\t<\/div>\n\t\t\t\t\t\t\t\t\t\t\t\t\t\t\t\t\t\t\t\t<\/div><!-- .portflio-set -->\n\t\t\t\t\t\t\t\t\t<div class=\"portfolio-item-size-container\">\n\t\t\t\t\t\t\t\t\t\t\t<div class=\"portfolio-item product col-xs-12 col-sm-4 columns-desktop-5 size-item post-5148 type-product status-publish has-post-thumbnail product_cat-proizvodi product_cat-strije last instock featured shipping-taxable purchasable product-type-simple\">\n\t<\/div>\n\t\t\t\t\t\t\t\t\t<\/div>\n\t\t\t\t\t\t\t\t<\/div><!-- .row-->\n\t\t\t\t\t\t\t\t\t\t\t\t\t\t\t\t\t\t\t\t\t\t\t\t\t\t\t\t\t\t\t\t\t\t\t\t\t\t\t\t\t\t\t\t\t\t\t\t\t\t\t\n\t\t\t\t\t\t\t\t\t<div class=\"thegem-popup-notification-wrap\"\n\t\tid=\"style-notification-7069fdc\"\n\t\t>\n\t\t            <div class=\"thegem-popup-notification cart\" data-timing=\"4000\">\n                <div class=\"notification-message\">\n\t\t\t\t\tItem added to cart                    <span class=\"buttons\">\n\t\t\t\t\t\t<a class=\"button\" href=\"http:\/\/drkozarevcosmedics.com\/en\/korpa\/\">View Cart<\/a>\n\t\t\t\t\t\t<a class=\"button\" href=\"http:\/\/drkozarevcosmedics.com\/en\/detalji-naplate\/\">Checkout<\/a>\n\t\t\t\t\t<\/span>\n                <\/div>\n            <\/div>\n\t\t\n\t\t            <div class=\"thegem-popup-notification wishlist-add\" data-timing=\"4000\">\n                <div class=\"notification-message\">\n\t\t\t\t\tItem added to wishlist                    <span class=\"buttons\">\n\t\t\t\t\t\t<a class=\"button\" href=\"http:\/\/drkozarevcosmedics.com\/en\/lista-zelja\/\">View Wishlist<\/a>\n\t\t\t\t\t<\/span>\n                <\/div>\n            <\/div>\n            <div class=\"thegem-popup-notification wishlist-remove\" data-timing=\"4000\">\n                <div class=\"notification-message\">\n\t\t\t\t\tItem removed from wishlist                <\/div>\n            <\/div>\n\t\t    <\/div>\n\t\n\t\t\t\t\t<\/div><!-- .full-width -->\n\t\t\t\t<\/div><!-- .portfolio-->\n\t\t\t<\/div><!-- .portfolio-preloader-wrapper-->\n\t\t\n\t\t<script>\n\t\t\t(function ($) {\n\t\t\t\t$(document).ready(function () {\n\t\t\t\t\t$('.portfolio-filters-list .widget_layered_nav, .portfolio-filters-list .widget_product_categories').find('.count').each(function () {\n\t\t\t\t\t\t$(this).html($(this).html().replace('(', '').replace(')', '')).css('opacity', 1);\n\t\t\t\t\t});\n\t\t\t\t});\n\t\t\t})(jQuery);\n\t\t<\/script>\n\n\t\t\t\t\t\t<\/div>\n\t\t\t\t<\/div>\n\t\t\t\t<\/div>\n\t\t\t\t<\/div>\n\t\t","protected":false},"excerpt":{"rendered":"<p>Strije Dr Kozarev Cosmedics mleko za u\u010dvr\u0161\u0107ivanje ko\u017ee \u010dini ko\u017eu \u010dvr\u0161\u0107om, regeneri\u0161e je, intezivno hidrira i umanjuje strije. Clear Filters&#8230;<\/p>","protected":false},"author":1,"featured_media":0,"parent":0,"menu_order":0,"comment_status":"closed","ping_status":"closed","template":"elementor_header_footer","meta":{"slim_seo":{"title":"Strije - Dr Kozarev Cosmedics","description":"Strije Dr Kozarev Cosmedics mleko za u\u010dvr\u0161\u0107ivanje ko\u017ee \u010dini ko\u017eu \u010dvr\u0161\u0107om, regeneri\u0161e je, intezivno hidrira i umanjuje strije. Clear Filters Striel mleko Striel"},"footnotes":""},"class_list":["post-5253","page","type-page","status-publish"],"_links":{"self":[{"href":"http:\/\/drkozarevcosmedics.com\/en\/wp-json\/wp\/v2\/pages\/5253","targetHints":{"allow":["GET"]}}],"collection":[{"href":"http:\/\/drkozarevcosmedics.com\/en\/wp-json\/wp\/v2\/pages"}],"about":[{"href":"http:\/\/drkozarevcosmedics.com\/en\/wp-json\/wp\/v2\/types\/page"}],"author":[{"embeddable":true,"href":"http:\/\/drkozarevcosmedics.com\/en\/wp-json\/wp\/v2\/users\/1"}],"replies":[{"embeddable":true,"href":"http:\/\/drkozarevcosmedics.com\/en\/wp-json\/wp\/v2\/comments?post=5253"}],"version-history":[{"count":25,"href":"http:\/\/drkozarevcosmedics.com\/en\/wp-json\/wp\/v2\/pages\/5253\/revisions"}],"predecessor-version":[{"id":6666,"href":"http:\/\/drkozarevcosmedics.com\/en\/wp-json\/wp\/v2\/pages\/5253\/revisions\/6666"}],"wp:attachment":[{"href":"http:\/\/drkozarevcosmedics.com\/en\/wp-json\/wp\/v2\/media?parent=5253"}],"curies":[{"name":"wp","href":"https:\/\/api.w.org\/{rel}","templated":true}]}}